{"id":167,"date":"2016-06-10T08:32:24","date_gmt":"2016-06-10T08:32:24","guid":{"rendered":"http:\/\/bridge45.qodeinteractive.com\/?page_id=8"},"modified":"2025-06-23T08:24:11","modified_gmt":"2025-06-23T06:24:11","slug":"home","status":"publish","type":"page","link":"https:\/\/www.sba.si\/","title":{"rendered":"Home"},"content":{"rendered":"<p>[vc_row css_animation=&#8221;&#8221; row_type=&#8221;row&#8221; use_row_as_full_screen_section=&#8221;no&#8221; type=&#8221;grid&#8221; angled_section=&#8221;no&#8221; text_align=&#8221;left&#8221; background_image_as_pattern=&#8221;without_pattern&#8221; z_index=&#8221;&#8221; css=&#8221;.vc_custom_1741639681775{margin-top: 30px !important;}&#8221;][vc_column offset=&#8221;vc_col-lg-4 vc_col-md-4&#8243;]<div class=\"qode-banner qode-banner-va-bottom\"><a class=\"qode-banner-link\" href=\"https:\/\/www.sba.si\/index.php\/product-category\/stirikolesniki\/\" target=\"_blank\"><\/a><div class=\"qode-banner-image\"><img itemprop=\"image\" src=\"https:\/\/www.sba.si\/wp-content\/uploads\/2022\/01\/01-116914074_3711262785568985_4500735622621315869_o.jpg\" alt=\"\" \/><\/div><div class=\"qode-banner-content\"><div class=\"qode-banner-content-inner\"><div class=\"qode-banner-text-holder\">\n<h3 style=\"text-align: left;\">\u0160tirikolesniki<\/h3>\n<\/div><\/div><\/div><\/div>[vc_empty_space][\/vc_column][vc_column offset=&#8221;vc_col-lg-4 vc_col-md-4&#8243;]<div class=\"qode-banner qode-banner-va-bottom\"><a class=\"qode-banner-link\" href=\"https:\/\/www.sba.si\/index.php\/product-category\/oprema-za-atv\/\" target=\"_blank\"><\/a><div class=\"qode-banner-image\"><img itemprop=\"image\" src=\"https:\/\/www.sba.si\/wp-content\/uploads\/2022\/01\/01-ATV-OPREMA-67310253_2414204821980285_796117478743736320_n.jpg\" alt=\"\" \/><\/div><div class=\"qode-banner-content\"><div class=\"qode-banner-content-inner\"><div class=\"qode-banner-text-holder\">\n<h3 style=\"text-align: left;\">Dodatna oprema za \u0161tirikolesnike<\/h3>\n<\/div><\/div><\/div><\/div>[vc_empty_space][\/vc_column][vc_column offset=&#8221;vc_col-lg-4 vc_col-md-4&#8243;]<div class=\"qode-banner qode-banner-va-bottom\"><a class=\"qode-banner-link\" href=\"https:\/\/www.sba.si\/index.php\/rezervni-deli\/\" target=\"_blank\"><\/a><div class=\"qode-banner-image\"><img itemprop=\"image\" src=\"https:\/\/www.sba.si\/wp-content\/uploads\/2022\/01\/01-LEZAJ.jpg\" alt=\"\" \/><\/div><div class=\"qode-banner-content\"><div class=\"qode-banner-content-inner\"><div class=\"qode-banner-text-holder\">\n<h3 style=\"text-align: left;\">Rezervni deli za \u0161tirikolesnike<\/h3>\n<\/div><\/div><\/div><\/div>[vc_empty_space][\/vc_column][\/vc_row][vc_row css_animation=&#8221;&#8221; row_type=&#8221;row&#8221; use_row_as_full_screen_section=&#8221;no&#8221; type=&#8221;full_width&#8221; angled_section=&#8221;no&#8221; text_align=&#8221;left&#8221; background_image_as_pattern=&#8221;without_pattern&#8221;][vc_column][vc_empty_space height=&#8221;32&#8243;][\/vc_column][\/vc_row][vc_row css_animation=&#8221;&#8221; row_type=&#8221;row&#8221; use_row_as_full_screen_section=&#8221;no&#8221; type=&#8221;grid&#8221; angled_section=&#8221;no&#8221; text_align=&#8221;left&#8221; background_image_as_pattern=&#8221;without_pattern&#8221; z_index=&#8221;&#8221;][vc_column offset=&#8221;vc_col-lg-4 vc_col-md-4&#8243;]<div class=\"qode-banner qode-banner-va-bottom\"><a class=\"qode-banner-link\" href=\"https:\/\/www.sba.si\/index.php\/product-category\/moto-oprema\/\" target=\"_blank\"><\/a><div class=\"qode-banner-image\"><img itemprop=\"image\" src=\"https:\/\/www.sba.si\/wp-content\/uploads\/2022\/01\/01-MOTO-OPREMA-AIROH-STORM-1.jpg\" alt=\"\" \/><\/div><div class=\"qode-banner-content\"><div class=\"qode-banner-content-inner\"><div class=\"qode-banner-text-holder\">\n<h3 style=\"text-align: left;\">Moto oprema<\/h3>\n<\/div><\/div><\/div><\/div>[vc_empty_space][\/vc_column][vc_column offset=&#8221;vc_col-lg-4 vc_col-md-4&#8243;]<div class=\"qode-banner qode-banner-va-bottom\"><a class=\"qode-banner-link\" href=\"https:\/\/www.sba.si\/index.php\/rabljena-vozila\/\" target=\"_blank\"><\/a><div class=\"qode-banner-image\"><img itemprop=\"image\" src=\"https:\/\/www.sba.si\/wp-content\/uploads\/2022\/01\/01-1034222.jpg\" alt=\"\" \/><\/div><div class=\"qode-banner-content\"><div class=\"qode-banner-content-inner\"><div class=\"qode-banner-text-holder\">\n<h3 style=\"text-align: left;\">Rabljena vozila<\/h3>\n<\/div><\/div><\/div><\/div>[vc_empty_space][\/vc_column][vc_column offset=&#8221;vc_col-lg-4 vc_col-md-4&#8243;]<div class=\"qode-banner qode-banner-va-bottom\"><a class=\"qode-banner-link\" href=\"https:\/\/www.sba.si\/index.php\/servis\/\" target=\"_blank\"><\/a><div class=\"qode-banner-image\"><img itemprop=\"image\" src=\"https:\/\/www.sba.si\/wp-content\/uploads\/2022\/01\/01-SERVIS.jpg\" alt=\"\" \/><\/div><div class=\"qode-banner-content\"><div class=\"qode-banner-content-inner\"><div class=\"qode-banner-text-holder\">\n<h3 style=\"text-align: left;\">Servis<\/h3>\n<\/div><\/div><\/div><\/div>[vc_empty_space][\/vc_column][vc_column][vc_empty_space height=&#8221;35&#8243;][\/vc_column][\/vc_row][vc_row css_animation=&#8221;&#8221; row_type=&#8221;row&#8221; use_row_as_full_screen_section=&#8221;no&#8221; type=&#8221;grid&#8221; angled_section=&#8221;no&#8221; text_align=&#8221;left&#8221; background_image_as_pattern=&#8221;without_pattern&#8221; z_index=&#8221;&#8221;][vc_column width=&#8221;1\/4&#8243;][\/vc_column][vc_column width=&#8221;1\/4&#8243;]<span data-type=\"normal\" data-hover-icon-color=\"#1e73be\" class=\"qode_icon_shortcode  q_font_awsome_icon fa-5x pull-center q_icon_animation\" style=\" \"><a  itemprop=\"url\" href=\"https:\/\/www.sba.si\/index.php\/financiranje\/\" target=\"_blank\"><i class=\"qode_icon_font_awesome fa fa-check-circle qode_icon_element\" style=\"color: #cccccc;\" ><\/i><\/a><\/span>[vc_empty_space height=&#8221;15&#8243;][vc_column_text]<\/p>\n<h3 style=\"text-align: center;\">Hitri kredit<\/h3>\n<p>[\/vc_column_text][vc_empty_space height=&#8221;15&#8243;][vc_column_text]<\/p>\n<p style=\"text-align: center;\">do 15.000,00 EUR brez pologa<\/p>\n<p>[\/vc_column_text][vc_empty_space][\/vc_column][vc_column width=&#8221;1\/4&#8243;]<span data-type=\"normal\" data-hover-icon-color=\"#1e73be\" class=\"qode_icon_shortcode  q_font_awsome_icon fa-5x pull-center q_icon_animation\" style=\" \"><a  itemprop=\"url\" href=\"https:\/\/www.sba.si\/index.php\/financiranje\/\" target=\"_blank\"><i class=\"qode_icon_font_awesome fa fa-check-circle qode_icon_element\" style=\"color: #cccccc;\" ><\/i><\/a><\/span>[vc_empty_space height=&#8221;15&#8243;][vc_column_text]<\/p>\n<h3 style=\"text-align: center;\">Leasing<\/h3>\n<p>[\/vc_column_text][vc_empty_space height=&#8221;15&#8243;][vc_column_text]<\/p>\n<p style=\"text-align: center;\">enostavna in priro\u010dna re\u0161itev financiranja<\/p>\n<p>[\/vc_column_text][\/vc_column][vc_column width=&#8221;1\/4&#8243;][\/vc_column][vc_column][vc_empty_space height=&#8221;80&#8243;][\/vc_column][\/vc_row][vc_row css_animation=&#8221;&#8221; row_type=&#8221;row&#8221; use_row_as_full_screen_section=&#8221;no&#8221; type=&#8221;grid&#8221; angled_section=&#8221;no&#8221; text_align=&#8221;left&#8221; background_image_as_pattern=&#8221;without_pattern&#8221; z_index=&#8221;&#8221;][vc_column][qode_clients columns=&#8221;five_columns&#8221; hover_effect=&#8221;switch_img&#8221; switch_effect=&#8221;switch_roll&#8221; disable_separators=&#8221;yes&#8221;][qode_client link_target=&#8221;_blank&#8221; image=&#8221;2001&#8243; hover_image=&#8221;2000&#8243; link=&#8221;http:\/\/218.90.218.6\/allterrainvehicle\/&#8221;][qode_client link_target=&#8221;_blank&#8221; image=&#8221;2003&#8243; hover_image=&#8221;2002&#8243; link=&#8221;https:\/\/www.tgb.com.tw\/&#8221;][qode_client link_target=&#8221;_blank&#8221; image=&#8221;1999&#8243; hover_image=&#8221;1998&#8243; link=&#8221;https:\/\/global.cfmoto.com\/&#8221;][qode_client link_target=&#8221;_blank&#8221; image=&#8221;1995&#8243; hover_image=&#8221;1994&#8243; link=&#8221;https:\/\/www.accessmotor.com.tw\/&#8221;][qode_client link_target=&#8221;_blank&#8221; image=&#8221;1997&#8243; hover_image=&#8221;1996&#8243; link=&#8221;https:\/\/arcticcat.txtsv.com\/&#8221;][\/qode_clients][\/vc_column][\/vc_row][vc_row css_animation=&#8221;&#8221; row_type=&#8221;row&#8221; use_row_as_full_screen_section=&#8221;no&#8221; type=&#8221;full_width&#8221; angled_section=&#8221;no&#8221; text_align=&#8221;left&#8221; background_image_as_pattern=&#8221;without_pattern&#8221;][vc_column][vc_empty_space height=&#8221;100&#8243;][\/vc_column][\/vc_row][vc_row css_animation=&#8221;&#8221; row_type=&#8221;row&#8221; use_row_as_full_screen_section=&#8221;no&#8221; type=&#8221;grid&#8221; angled_section=&#8221;no&#8221; text_align=&#8221;left&#8221; background_image_as_pattern=&#8221;without_pattern&#8221; z_index=&#8221;&#8221;][vc_column width=&#8221;1\/4&#8243;][vc_single_image image=&#8221;2272&#8243; img_size=&#8221;100&#215;100&#8243; alignment=&#8221;center&#8221; qode_css_animation=&#8221;&#8221;][vc_empty_space height=&#8221;32&#8243;][vc_column_text]<\/p>\n<h3 style=\"text-align: center;\">Najve\u010dji ponudnik<\/h3>\n<p>[\/vc_column_text][vc_column_text]<\/p>\n<p style=\"text-align: center;\">\u0161tirikolesnikov v Sloveniji<\/p>\n<p>[\/vc_column_text][vc_empty_space height=&#8221;32&#8243;]<a id=\"homegumb1\" itemprop=\"url\" href=\"https:\/\/www.sba.si\/index.php\/product-category\/stirikolesniki\/\" target=\"_blank\" data-hover-background-color='#1e73be' data-hover-border-color='#ffffff' data-hover-color='#ffffff' class=\"qbutton  small center default\" style=\"color: #b7b7b7; border-color: #b7b7b7; background-color: #ffffff;\">klik na ponudbo<\/a>[vc_empty_space height=&#8221;60&#8243;][\/vc_column][vc_column width=&#8221;1\/4&#8243;][vc_single_image image=&#8221;2272&#8243; img_size=&#8221;100&#215;100&#8243; alignment=&#8221;center&#8221; qode_css_animation=&#8221;&#8221;][vc_empty_space height=&#8221;32&#8243;][vc_column_text]<\/p>\n<h3 style=\"text-align: center;\">Poobla\u0161\u010deni servis<\/h3>\n<p>[\/vc_column_text][vc_column_text]<\/p>\n<p style=\"text-align: center;\">\u0161tirikolesnikov in servis osebnih vozil<\/p>\n<p>[\/vc_column_text][vc_empty_space height=&#8221;32&#8243;]<a id=\"homegumb2\" itemprop=\"url\" href=\"https:\/\/www.sba.si\/index.php\/servis\/\" target=\"_blank\" data-hover-background-color='#1e73be' data-hover-border-color='#ffffff' data-hover-color='#ffffff' class=\"qbutton  small center default\" style=\"color: #b7b7b7; border-color: #b7b7b7; background-color: #ffffff;\">ve\u010d o servisu<\/a>[vc_empty_space height=&#8221;60&#8243;][\/vc_column][vc_column width=&#8221;1\/4&#8243;][vc_single_image image=&#8221;2272&#8243; img_size=&#8221;100&#215;100&#8243; alignment=&#8221;center&#8221; qode_css_animation=&#8221;&#8221;][vc_empty_space height=&#8221;32&#8243;][vc_column_text]<\/p>\n<h3 style=\"text-align: center;\">Ugodno financiranje<\/h3>\n<p>[\/vc_column_text][vc_column_text]<\/p>\n<p style=\"text-align: center;\">za vse na\u0161e stranke<\/p>\n<p>[\/vc_column_text][vc_empty_space height=&#8221;32&#8243;]<a id=\"homegumb3\" itemprop=\"url\" href=\"https:\/\/www.sba.si\/index.php\/financiranje\/\" target=\"_blank\" data-hover-background-color='#1e73be' data-hover-border-color='#ffffff' data-hover-color='#ffffff' class=\"qbutton  small center default\" style=\"color: #b7b7b7; border-color: #b7b7b7; background-color: #ffffff;\">mo\u017enosti financiranja<\/a>[vc_empty_space height=&#8221;60&#8243;][\/vc_column][vc_column width=&#8221;1\/4&#8243;][vc_single_image image=&#8221;2272&#8243; img_size=&#8221;100&#215;100&#8243; alignment=&#8221;center&#8221; qode_css_animation=&#8221;&#8221;][vc_empty_space height=&#8221;32&#8243;][vc_column_text]<\/p>\n<h3 style=\"text-align: center;\">Poslujemo \u017ee 15 let<\/h3>\n<p>[\/vc_column_text][vc_column_text]<\/p>\n<p style=\"text-align: center;\">na slovenskem trgu<\/p>\n<p>[\/vc_column_text][vc_empty_space height=&#8221;32&#8243;]<a id=\"homegumb4\" itemprop=\"url\" href=\"https:\/\/www.sba.si\/index.php\/kontakt\/\" target=\"_blank\" data-hover-background-color='#1e73be' data-hover-border-color='#ffffff' data-hover-color='#ffffff' class=\"qbutton  small center default\" style=\"color: #b7b7b7; border-color: #b7b7b7; background-color: #ffffff;\">stopi v stik<\/a>[vc_empty_space height=&#8221;60&#8243;][\/vc_column][\/vc_row][vc_row css_animation=&#8221;&#8221; row_type=&#8221;row&#8221; use_row_as_full_screen_section=&#8221;no&#8221; type=&#8221;full_width&#8221; angled_section=&#8221;no&#8221; text_align=&#8221;left&#8221; background_image_as_pattern=&#8221;without_pattern&#8221;][vc_column][vc_empty_space height=&#8221;100&#8243;][\/vc_column][\/vc_row][vc_row row_type=&#8221;parallax&#8221; parallax_content_width=&#8221;full_width&#8221; text_align=&#8221;left&#8221; full_screen_section_height=&#8221;no&#8221; background_image=&#8221;1940&#8243; section_height=&#8221;540&#8243;][vc_column width=&#8221;1\/3&#8243;][\/vc_column][vc_column width=&#8221;1\/3&#8243;][vc_empty_space height=&#8221;180&#8243;]<div class='testimonials_holder clearfix light'><div class=\"testimonials testimonials_carousel\" data-show-navigation=\"yes\" data-animation-type=\"fade\" data-animation-speed=\"\" data-auto-rotate-slides=\"5\" data-number-per-slide=\"1\"><ul class=\"slides\"><li id=\"testimonials1925\" class=\"testimonial_content\"><div class=\"testimonial_content_inner\"><div class=\"testimonial_text_holder\"><div class=\"testimonial_text_inner\" style=\"color: #ffffff;\"><p style='font-size:26px;color:#ffffff;'>Na\u010din, kako nekaj za\u010dne\u0161, je da neha\u0161 govoriti in za\u010dne\u0161 delati.<\/p><p class=\"testimonial_author\" style=\"color: #ffffff;font-weight: 900;color: #ffffff;\">Walt Disney<\/p><\/div><\/div><\/div><\/li><li id=\"testimonials1922\" class=\"testimonial_content\"><div class=\"testimonial_content_inner\"><div class=\"testimonial_text_holder\"><div class=\"testimonial_text_inner\" style=\"color: #ffffff;\"><p style='font-size:26px;color:#ffffff;'>Samo tisti, ki si drznejo iti predale\u010d lahko ugotovijo, kako dale\u010d lahko se\u017eejo.<\/p><p class=\"testimonial_author\" style=\"color: #ffffff;font-weight: 900;color: #ffffff;\">T. S. Eliot<\/p><\/div><\/div><\/div><\/li><li id=\"testimonials1923\" class=\"testimonial_content\"><div class=\"testimonial_content_inner\"><div class=\"testimonial_text_holder\"><div class=\"testimonial_text_inner\" style=\"color: #ffffff;\"><p style='font-size:26px;color:#ffffff;'>Ne bojte se neuspeha. Bojte se tega, da sploh ne poskusite.<\/p><p class=\"testimonial_author\" style=\"color: #ffffff;font-weight: 900;color: #ffffff;\">Michael Jordan<\/p><\/div><\/div><\/div><\/li><li id=\"testimonials1926\" class=\"testimonial_content\"><div class=\"testimonial_content_inner\"><div class=\"testimonial_text_holder\"><div class=\"testimonial_text_inner\" style=\"color: #ffffff;\"><p style='font-size:26px;color:#ffffff;'>Najve\u010dja avantura je \u017eiveti \u017eivljenje svojih sanj!<\/p><p class=\"testimonial_author\" style=\"color: #ffffff;font-weight: 900;color: #ffffff;\">Oprah Winfrey<\/p><\/div><\/div><\/div><\/li><li id=\"testimonials1927\" class=\"testimonial_content\"><div class=\"testimonial_content_inner\"><div class=\"testimonial_text_holder\"><div class=\"testimonial_text_inner\" style=\"color: #ffffff;\"><p style='font-size:26px;color:#ffffff;'>Dr\u017eite se svojih sanj. In naredite vse kar je treba, da jih spremenite v resni\u010dnost!<\/p><p class=\"testimonial_author\" style=\"color: #ffffff;font-weight: 900;color: #ffffff;\">Beverly Sallee<\/p><\/div><\/div><\/div><\/li><\/ul><\/div><\/div>[\/vc_column][vc_column width=&#8221;1\/3&#8243;][\/vc_column][\/vc_row][vc_row css_animation=&#8221;&#8221; row_type=&#8221;row&#8221; use_row_as_full_screen_section=&#8221;yes&#8221; type=&#8221;grid&#8221; angled_section=&#8221;no&#8221; text_align=&#8221;left&#8221; background_image_as_pattern=&#8221;without_pattern&#8221; z_index=&#8221;&#8221;][vc_column][vc_empty_space height=&#8221;120&#8243;][\/vc_column][\/vc_row][vc_row css_animation=&#8221;&#8221; row_type=&#8221;row&#8221; use_row_as_full_screen_section=&#8221;no&#8221; type=&#8221;full_width&#8221; angled_section=&#8221;no&#8221; text_align=&#8221;left&#8221; background_image_as_pattern=&#8221;without_pattern&#8221;][vc_column][vc_gallery type=&#8221;image_grid&#8221; images=&#8221;1393,1392,1396,9169&#8243; img_size=&#8221;large&#8221; onclick=&#8221;custom_link&#8221; custom_links_target=&#8221;_blank&#8221; css_animation=&#8221;fadeInRight&#8221; column_number=&#8221;4&#8243; grayscale=&#8221;no&#8221; images_space=&#8221;gallery_without_space&#8221; custom_links=&#8221;#E-8_aHR0cHMlM0ElMkYlMkZ3d3cuaW5zdGFncmFtLmNvbSUyRnAlMkZER1JJU3ptb3FIbCUyRiUzRmltZ19pbmRleCUzRDElMkNodHRwcyUzQSUyRiUyRnd3dy5pbnN0YWdyYW0uY29tJTJGc2JhcHJvZGFqYXZvemlsJTJGJTJDaHR0cHMlM0ElMkYlMkZ3d3cuaW5zdGFncmFtLmNvbSUyRnNiYXByb2RhamF2b3ppbCUyRiUyQ2h0dHBzJTNBJTJGJTJGd3d3Lmluc3RhZ3JhbS5jb20lMkZzYmFwcm9kYWphdm96aWwlMkY=&#8221;][\/vc_column][\/vc_row]<\/p>\n","protected":false},"excerpt":{"rendered":"<p>[vc_row css_animation=&#8221;&#8221; row_type=&#8221;row&#8221; use_row_as_full_screen_section=&#8221;no&#8221; type=&#8221;grid&#8221; angled_section=&#8221;no&#8221; text_align=&#8221;left&#8221; background_image_as_pattern=&#8221;without_pattern&#8221; z_index=&#8221;&#8221; css=&#8221;.vc_custom_1741639681775{margin-top: 30px !important;}&#8221;][vc_column offset=&#8221;vc_col-lg-4 vc_col-md-4&#8243;][vc_empty_space][\/vc_column][vc_column offset=&#8221;vc_col-lg-4 vc_col-md-4&#8243;][vc_empty_space][\/vc_column][vc_column offset=&#8221;vc_col-lg-4 vc_col-md-4&#8243;][vc_empty_space][\/vc_column][\/vc_row][vc_row css_animation=&#8221;&#8221; row_type=&#8221;row&#8221; use_row_as_full_screen_section=&#8221;no&#8221; type=&#8221;full_width&#8221; angled_section=&#8221;no&#8221; text_align=&#8221;left&#8221; background_image_as_pattern=&#8221;without_pattern&#8221;][vc_column][vc_empty_space height=&#8221;32&#8243;][\/vc_column][\/vc_row][vc_row css_animation=&#8221;&#8221; row_type=&#8221;row&#8221; use_row_as_full_screen_section=&#8221;no&#8221; type=&#8221;grid&#8221; angled_section=&#8221;no&#8221; text_align=&#8221;left&#8221; background_image_as_pattern=&#8221;without_pattern&#8221; z_index=&#8221;&#8221;][vc_column offset=&#8221;vc_col-lg-4 vc_col-md-4&#8243;][vc_empty_space][\/vc_column][vc_column offset=&#8221;vc_col-lg-4 vc_col-md-4&#8243;][vc_empty_space][\/vc_column][vc_column offset=&#8221;vc_col-lg-4 vc_col-md-4&#8243;][vc_empty_space][\/vc_column][vc_column][vc_empty_space height=&#8221;35&#8243;][\/vc_column][\/vc_row][vc_row css_animation=&#8221;&#8221; row_type=&#8221;row&#8221; use_row_as_full_screen_section=&#8221;no&#8221; type=&#8221;grid&#8221;&#8230;<\/p>\n","protected":false},"author":1,"featured_media":0,"parent":0,"menu_order":0,"comment_status":"closed","ping_status":"closed","template":"","meta":[],"_links":{"self":[{"href":"https:\/\/www.sba.si\/index.php\/wp-json\/wp\/v2\/pages\/167"}],"collection":[{"href":"https:\/\/www.sba.si\/index.php\/wp-json\/wp\/v2\/pages"}],"about":[{"href":"https:\/\/www.sba.si\/index.php\/wp-json\/wp\/v2\/types\/page"}],"author":[{"embeddable":true,"href":"https:\/\/www.sba.si\/index.php\/wp-json\/wp\/v2\/users\/1"}],"replies":[{"embeddable":true,"href":"https:\/\/www.sba.si\/index.php\/wp-json\/wp\/v2\/comments?post=167"}],"version-history":[{"count":308,"href":"https:\/\/www.sba.si\/index.php\/wp-json\/wp\/v2\/pages\/167\/revisions"}],"predecessor-version":[{"id":9173,"href":"https:\/\/www.sba.si\/index.php\/wp-json\/wp\/v2\/pages\/167\/revisions\/9173"}],"wp:attachment":[{"href":"https:\/\/www.sba.si\/index.php\/wp-json\/wp\/v2\/media?parent=167"}],"curies":[{"name":"wp","href":"https:\/\/api.w.org\/{rel}","templated":true}]}}