{"id":10254,"date":"2025-08-18T11:45:51","date_gmt":"2025-08-18T09:45:51","guid":{"rendered":"https:\/\/www.sba.si\/?post_type=product&#038;p=10254"},"modified":"2025-12-17T16:38:41","modified_gmt":"2025-12-17T15:38:41","slug":"linhai-landforce-550l-eps-efi-traktor","status":"publish","type":"product","link":"https:\/\/www.sba.si\/index.php\/izdelek\/linhai-landforce-550l-eps-efi-traktor\/","title":{"rendered":"LINHAI LANDFORCE 550L EPS EFI &#8211; TRAKTOR"},"content":{"rendered":"","protected":false},"excerpt":{"rendered":"<p>\u0160tirikolesnik za delo\/rekreacijo, T3b, dolga medosna razdalja, visokozmogljivi Full-LED \u017earometi, LED dnevne lu\u010di, sprednji LED smerniki, teko\u010dinsko hlajen enovaljni motor 493 cm3, EFI, avtomatski menjalnik L\/H\/N\/R\/P, pogon 2&#215;4 \/ 4&#215;4 z zaporo diferenciala, neodvisne dvojne A-ro\u010dice, 4 kolutne zavore, vle\u010dna kljuka, kompozitni nosilci spredaj in zadaj, elektri\u010dni vitel 1566 kg z najlonsko vrvjo in daljinskim upravljalnikom, 12&#8243; ALU, 25&#8243; pnevmatike Bulldog, pre\u0161it sovoznikov sede\u017e in naslonjalo.<\/p>\n","protected":false},"featured_media":10262,"template":"","meta":[],"product_cat":[59,60,116],"product_tag":[],"_links":{"self":[{"href":"https:\/\/www.sba.si\/index.php\/wp-json\/wp\/v2\/product\/10254"}],"collection":[{"href":"https:\/\/www.sba.si\/index.php\/wp-json\/wp\/v2\/product"}],"about":[{"href":"https:\/\/www.sba.si\/index.php\/wp-json\/wp\/v2\/types\/product"}],"version-history":[{"count":14,"href":"https:\/\/www.sba.si\/index.php\/wp-json\/wp\/v2\/product\/10254\/revisions"}],"predecessor-version":[{"id":11027,"href":"https:\/\/www.sba.si\/index.php\/wp-json\/wp\/v2\/product\/10254\/revisions\/11027"}],"wp:featuredmedia":[{"embeddable":true,"href":"https:\/\/www.sba.si\/index.php\/wp-json\/wp\/v2\/media\/10262"}],"wp:attachment":[{"href":"https:\/\/www.sba.si\/index.php\/wp-json\/wp\/v2\/media?parent=10254"}],"wp:term":[{"taxonomy":"product_cat","embeddable":true,"href":"https:\/\/www.sba.si\/index.php\/wp-json\/wp\/v2\/product_cat?post=10254"},{"taxonomy":"product_tag","embeddable":true,"href":"https:\/\/www.sba.si\/index.php\/wp-json\/wp\/v2\/product_tag?post=10254"}],"curies":[{"name":"wp","href":"https:\/\/api.w.org\/{rel}","templated":true}]}}