{"id":10276,"date":"2025-08-18T14:52:52","date_gmt":"2025-08-18T12:52:52","guid":{"rendered":"https:\/\/www.sba.si\/?post_type=product&#038;p=10276"},"modified":"2025-12-05T16:59:24","modified_gmt":"2025-12-05T15:59:24","slug":"cfmoto-u6-ev-25-elektricen","status":"publish","type":"product","link":"https:\/\/www.sba.si\/index.php\/izdelek\/cfmoto-u6-ev-25-elektricen\/","title":{"rendered":"CFMOTO U6 EV &#8217;25 &#8211; ELEKTRI\u010cEN"},"content":{"rendered":"","protected":false},"excerpt":{"rendered":"<p data-start=\"45\" data-end=\"380\"><strong data-start=\"45\" data-end=\"61\">CFMOTO U6 EV<\/strong> je novost na trgu elektri\u010dnih \u0161tirikolesnikov s sede\u017ei drug ob drugem (side-by-side). To najsodobnej\u0161e vozilo je pripravljeno na vsak izziv in je idealno za vse, ki i\u0161\u010dejo zanesljivega 4&#215;4 partnerja za razli\u010dne naloge \u2013 ne le za prosti \u010das in predelave, temve\u010d tudi za delovne naloge na zahtevnem in razgibanem terenu.<\/p>\n<p data-start=\"382\" data-end=\"763\">Opremljen z naprednimi in sodobnimi funkcijami, <strong data-start=\"430\" data-end=\"439\">U6 EV<\/strong> ponuja mo\u010d, okretnost in stabilnost, ki so potrebne za premagovanje najte\u017ejih terenskih poti, pri \u010demer varno preva\u017ea voznika, sopotnika ali tovor. Z ni\u010delnimi emisijami in tihim elektri\u010dnim motorjem je <strong data-start=\"643\" data-end=\"659\">CFMOTO U6 EV<\/strong> okolju prijazen zaveznik, ki vas ne bo pustil na cedilu ob soo\u010denju z razli\u010dnimi ovirami na brezpotjih.<\/p>\n<p data-start=\"765\" data-end=\"1033\">CFMOTO U6 EV omogo\u010da prilagoditve z obse\u017eno ponudbo dodatne opreme \u2013 od re\u0161itev za shranjevanje, \u0161\u010ditnikov, odbija\u010dev in drugih za\u0161\u010ditnih elementov do kompletov z brisalci, vetrobranskih stekel, za\u0161\u010ditnih pokrival, ogrevanih sede\u017eev za sopotnika, adapterjev in \u0161e ve\u010d.<\/p>\n<h5 data-start=\"765\" data-end=\"1033\"><strong>MO\u017dNOST UVELJAVLJANJA SUBVENCIJE<\/strong><\/h5>\n","protected":false},"featured_media":10280,"template":"","meta":[],"product_cat":[124,59,68,115],"product_tag":[],"_links":{"self":[{"href":"https:\/\/www.sba.si\/index.php\/wp-json\/wp\/v2\/product\/10276"}],"collection":[{"href":"https:\/\/www.sba.si\/index.php\/wp-json\/wp\/v2\/product"}],"about":[{"href":"https:\/\/www.sba.si\/index.php\/wp-json\/wp\/v2\/types\/product"}],"version-history":[{"count":4,"href":"https:\/\/www.sba.si\/index.php\/wp-json\/wp\/v2\/product\/10276\/revisions"}],"predecessor-version":[{"id":10905,"href":"https:\/\/www.sba.si\/index.php\/wp-json\/wp\/v2\/product\/10276\/revisions\/10905"}],"wp:featuredmedia":[{"embeddable":true,"href":"https:\/\/www.sba.si\/index.php\/wp-json\/wp\/v2\/media\/10280"}],"wp:attachment":[{"href":"https:\/\/www.sba.si\/index.php\/wp-json\/wp\/v2\/media?parent=10276"}],"wp:term":[{"taxonomy":"product_cat","embeddable":true,"href":"https:\/\/www.sba.si\/index.php\/wp-json\/wp\/v2\/product_cat?post=10276"},{"taxonomy":"product_tag","embeddable":true,"href":"https:\/\/www.sba.si\/index.php\/wp-json\/wp\/v2\/product_tag?post=10276"}],"curies":[{"name":"wp","href":"https:\/\/api.w.org\/{rel}","templated":true}]}}