{"id":10321,"date":"2025-08-20T13:53:31","date_gmt":"2025-08-20T11:53:31","guid":{"rendered":"https:\/\/www.sba.si\/?post_type=product&#038;p=10321"},"modified":"2025-08-20T13:55:09","modified_gmt":"2025-08-20T11:55:09","slug":"celada-apex-fi200-madrid-siva-crna","status":"publish","type":"product","link":"https:\/\/www.sba.si\/index.php\/izdelek\/celada-apex-fi200-madrid-siva-crna\/","title":{"rendered":"\u010cELADA APEX FI200 MADRID SIVA \u010cRNA"},"content":{"rendered":"<p data-start=\"92\" data-end=\"131\"><strong data-start=\"92\" data-end=\"131\">APEX \u010celada FI200 Madrid SIVA \u010cRNA<\/strong><\/p>\n<p data-start=\"133\" data-end=\"144\"><strong data-start=\"133\" data-end=\"144\">Lupina:<\/strong><\/p>\n<ul>\n<li data-start=\"147\" data-end=\"195\">Material zunanje lupine: Vbrizgano oblikovan ABS<\/li>\n<li data-start=\"198\" data-end=\"271\">Velikosti lupine: 2 velikosti za optimalno prileganje pri vseh velikostih<\/li>\n<li data-start=\"274\" data-end=\"315\">Zapiranje pa\u0161\u010dka: Mikrometri\u010dno zapiranje<\/li>\n<li data-start=\"318\" data-end=\"341\">Homologacija: ECE 22.06<\/li>\n<li data-start=\"344\" data-end=\"379\">Te\u017ea: od 1550 g \u00b1 50 g (velikost M)<\/li>\n<\/ul>\n<p data-start=\"381\" data-end=\"406\"><strong data-start=\"381\" data-end=\"406\">Udobje \/ Podrobnosti:<\/strong><\/p>\n<ul>\n<li data-start=\"409\" data-end=\"448\">Notranja podloga je snemljiva in pralna<\/li>\n<li data-start=\"451\" data-end=\"536\">Vi\u0161insko nastavljivo, proti rosenju obdelano, vgrajeno zatemnjeno son\u010dno vizir steklo<\/li>\n<li data-start=\"539\" data-end=\"583\">Sistem hitre zamenjave vizirja \u2013 brez orodja<\/li>\n<li data-start=\"586\" data-end=\"652\">Vizir je pripravljen za Pinlock (Pinlock vlo\u017eek se prodaja lo\u010deno)<\/li>\n<li data-start=\"655\" data-end=\"703\">Pripravljena za vgradnjo univerzalnega interkoma<\/li>\n<li data-start=\"706\" data-end=\"771\">Poseben kanal za o\u010dala\/son\u010dna o\u010dala za la\u017eje in udobnej\u0161e no\u0161enje<\/li>\n<li data-start=\"774\" data-end=\"888\">Sistem kro\u017eenja zraka: Sprednji in zgornji zra\u010dniki ter zadnji izhodni zra\u010dnik za bolj\u0161o prezra\u010devanje in hlajenje<\/li>\n<li data-start=\"891\" data-end=\"997\">SOS sistem za hitro odstranitev li\u010dnih blazinic omogo\u010da re\u0161evalcem la\u017eje snemanje \u010delade v primeru nesre\u010de<\/li>\n<li data-start=\"1000\" data-end=\"1032\">Na voljo v velikostih: XS do 2XL<\/li>\n<\/ul>\n","protected":false},"excerpt":{"rendered":"<p>APEX \u010celada FI200 Madrid SIVA \u010cRNA Lupina: Material zunanje lupine: Vbrizgano oblikovan ABS Velikosti lupine: 2 velikosti za optimalno prileganje pri vseh velikostih Zapiranje pa\u0161\u010dka: Mikrometri\u010dno zapiranje Homologacija: ECE 22.06 Te\u017ea: od 1550 g \u00b1 50 g (velikost M) Udobje \/ Podrobnosti: Notranja podloga je&#8230;<\/p>\n","protected":false},"featured_media":10323,"template":"","meta":[],"product_cat":[38,45,46],"product_tag":[],"_links":{"self":[{"href":"https:\/\/www.sba.si\/index.php\/wp-json\/wp\/v2\/product\/10321"}],"collection":[{"href":"https:\/\/www.sba.si\/index.php\/wp-json\/wp\/v2\/product"}],"about":[{"href":"https:\/\/www.sba.si\/index.php\/wp-json\/wp\/v2\/types\/product"}],"version-history":[{"count":1,"href":"https:\/\/www.sba.si\/index.php\/wp-json\/wp\/v2\/product\/10321\/revisions"}],"predecessor-version":[{"id":10324,"href":"https:\/\/www.sba.si\/index.php\/wp-json\/wp\/v2\/product\/10321\/revisions\/10324"}],"wp:featuredmedia":[{"embeddable":true,"href":"https:\/\/www.sba.si\/index.php\/wp-json\/wp\/v2\/media\/10323"}],"wp:attachment":[{"href":"https:\/\/www.sba.si\/index.php\/wp-json\/wp\/v2\/media?parent=10321"}],"wp:term":[{"taxonomy":"product_cat","embeddable":true,"href":"https:\/\/www.sba.si\/index.php\/wp-json\/wp\/v2\/product_cat?post=10321"},{"taxonomy":"product_tag","embeddable":true,"href":"https:\/\/www.sba.si\/index.php\/wp-json\/wp\/v2\/product_tag?post=10321"}],"curies":[{"name":"wp","href":"https:\/\/api.w.org\/{rel}","templated":true}]}}