{"id":10326,"date":"2025-08-20T14:36:54","date_gmt":"2025-08-20T12:36:54","guid":{"rendered":"https:\/\/www.sba.si\/?post_type=product&#038;p=10326"},"modified":"2025-08-20T14:39:39","modified_gmt":"2025-08-20T12:39:39","slug":"celada-apex-mi100-valencia-siva-crna-rdeca","status":"publish","type":"product","link":"https:\/\/www.sba.si\/index.php\/izdelek\/celada-apex-mi100-valencia-siva-crna-rdeca\/","title":{"rendered":"\u010cELADA APEX MI100 VALENCIA SIVA \u010cRNA RDE\u010cA"},"content":{"rendered":"<p data-start=\"98\" data-end=\"144\"><strong data-start=\"98\" data-end=\"144\">APEX \u010celada FI100 Valencia siva\/\u010drna\/rde\u010da<\/strong><\/p>\n<p data-start=\"146\" data-end=\"157\"><strong data-start=\"146\" data-end=\"157\">Lupina:<\/strong><\/p>\n<ul>\n<li data-start=\"160\" data-end=\"208\">Material zunanje lupine: Vbrizgano oblikovan ABS<\/li>\n<li data-start=\"211\" data-end=\"284\">Velikosti lupine: 2 velikosti za optimalno prileganje pri vseh velikostih<\/li>\n<li data-start=\"287\" data-end=\"328\">Zapiranje pa\u0161\u010dka: Mikrometri\u010dno zapiranje<\/li>\n<li data-start=\"331\" data-end=\"354\">Homologacija: ECE 22.06<\/li>\n<li data-start=\"357\" data-end=\"392\">Te\u017ea: od 1500 g \u00b1 50 g (velikost M)<\/li>\n<\/ul>\n<p data-start=\"394\" data-end=\"419\"><strong data-start=\"394\" data-end=\"419\">Udobje \/ Podrobnosti:<\/strong><\/p>\n<ul>\n<li data-start=\"422\" data-end=\"458\">Snemljiva in pralna notranja podloga<\/li>\n<li data-start=\"461\" data-end=\"513\">Sistem hitre zamenjave vizirja \u2013 brez uporabe orodja<\/li>\n<li data-start=\"516\" data-end=\"582\">Vizir je pripravljen za Pinlock (Pinlock vlo\u017eek se prodaja lo\u010deno)<\/li>\n<li data-start=\"585\" data-end=\"633\">Pripravljena za vgradnjo univerzalnega interkoma<\/li>\n<li data-start=\"636\" data-end=\"693\">Kanal za o\u010dala\/son\u010dna o\u010dala za la\u017eje in udobnej\u0161e no\u0161enje<\/li>\n<li data-start=\"696\" data-end=\"810\">Sistem kro\u017eenja zraka: Sprednji in zgornji zra\u010dniki ter zadnji izhodni zra\u010dnik za bolj\u0161e prezra\u010devanje in hlajenje<\/li>\n<li data-start=\"813\" data-end=\"919\">SOS sistem za hitro odstranitev li\u010dnih blazinic omogo\u010da re\u0161evalcem la\u017eje snemanje \u010delade v primeru nesre\u010de<\/li>\n<\/ul>\n<p data-start=\"921\" data-end=\"945\"><strong data-start=\"921\" data-end=\"935\">Velikosti:<\/strong> XS do 2XL<\/p>\n","protected":false},"excerpt":{"rendered":"<p>APEX \u010celada FI100 Valencia siva\/\u010drna\/rde\u010da Lupina: Material zunanje lupine: Vbrizgano oblikovan ABS Velikosti lupine: 2 velikosti za optimalno prileganje pri vseh velikostih Zapiranje pa\u0161\u010dka: Mikrometri\u010dno zapiranje Homologacija: ECE 22.06 Te\u017ea: od 1500 g \u00b1 50 g (velikost M) Udobje \/ Podrobnosti: Snemljiva in pralna notranja&#8230;<\/p>\n","protected":false},"featured_media":10328,"template":"","meta":[],"product_cat":[38,45,46],"product_tag":[],"_links":{"self":[{"href":"https:\/\/www.sba.si\/index.php\/wp-json\/wp\/v2\/product\/10326"}],"collection":[{"href":"https:\/\/www.sba.si\/index.php\/wp-json\/wp\/v2\/product"}],"about":[{"href":"https:\/\/www.sba.si\/index.php\/wp-json\/wp\/v2\/types\/product"}],"version-history":[{"count":1,"href":"https:\/\/www.sba.si\/index.php\/wp-json\/wp\/v2\/product\/10326\/revisions"}],"predecessor-version":[{"id":10329,"href":"https:\/\/www.sba.si\/index.php\/wp-json\/wp\/v2\/product\/10326\/revisions\/10329"}],"wp:featuredmedia":[{"embeddable":true,"href":"https:\/\/www.sba.si\/index.php\/wp-json\/wp\/v2\/media\/10328"}],"wp:attachment":[{"href":"https:\/\/www.sba.si\/index.php\/wp-json\/wp\/v2\/media?parent=10326"}],"wp:term":[{"taxonomy":"product_cat","embeddable":true,"href":"https:\/\/www.sba.si\/index.php\/wp-json\/wp\/v2\/product_cat?post=10326"},{"taxonomy":"product_tag","embeddable":true,"href":"https:\/\/www.sba.si\/index.php\/wp-json\/wp\/v2\/product_tag?post=10326"}],"curies":[{"name":"wp","href":"https:\/\/api.w.org\/{rel}","templated":true}]}}