{"id":1033,"date":"2022-01-10T17:28:26","date_gmt":"2022-01-10T16:28:26","guid":{"rendered":"https:\/\/www.sba.si\/prenova\/?post_type=product&#038;p=1033"},"modified":"2026-04-07T09:49:37","modified_gmt":"2026-04-07T07:49:37","slug":"cf-moto-625l-touring-eps-traktor","status":"publish","type":"product","link":"https:\/\/www.sba.si\/index.php\/izdelek\/cf-moto-625l-touring-eps-traktor\/","title":{"rendered":"CFMOTO 625L EPS TRAKTOR &#8217;26"},"content":{"rendered":"<p>CF MOTO 625L vas bo navdu\u0161il z \u00a0odli\u010dnimi zmogljivostmi\u00a0 motorja in velikimi dimenzijami, kjer je na voljo veliko prostora za voznika in sopotnika. Za \u0161e ve\u010d\u00a0 udobja\u00a0 je na voljo verzija s servo\u00a0 krmilom.<\/p>\n<p>CF MOTO 625L s svojo podalj\u0161ano \u0161asijo nudi veliko prostora za udobno in varno vo\u017enjo v dvoje. Je\u00a0 popolno opremljen in ponuja vse, kar je potrebno za\u00a0 udobno\u00a0 vo\u017enjo in dobre\u00a0 zmogljivosti\u00a0 ima 2\u00d74 ali 4\u00d74 , 100% zapora zadnjega in sprednjega\u00a0 diferenciala, mo\u010dan vitel, homologirano vle\u010dno napravo s priklopom za elektriko, CV- tech sklopko (made in Canada) z odli\u010dno motorno zavoro, 12 col aluminijasta plati\u0161\u010da skupaj\u00a0 s terenskimi\u00a0 gumami , dalj\u0161o medosno razdaljo, naslon\u00a0 in dr\u017eala za sopotnika ter \u00a0dnevne LED lu\u010di.<\/p>\n<p>V traktor homologaciji nudi posodobljen agregat in kar 33kW (44HP), ki bo s svojo mo\u010djo popestril vsako terensko izku\u0161njo in vam omogo\u010dil u\u017eitek pri vo\u017enji in delu. Novost je tudi elektronski gas, ki vam sedaj nudi dva na\u010dina delovanja (WORK \u2013 delovni na\u010din z manj odzivno ro\u010dico plina in NORMAL \u2013 maksimalna odzivnost ro\u010dice plina).<\/p>\n<p>Barve: siva, \u010drna, rde\u010da.<\/p>\n","protected":false},"excerpt":{"rendered":"<p>CF MOTO 625L vas bo navdu\u0161il z \u00a0odli\u010dnimi zmogljivostmi\u00a0 motorja in velikimi dimenzijami, kjer je na voljo veliko prostora za voznika in sopotnika. Za \u0161e ve\u010d\u00a0 udobja\u00a0 je na voljo verzija s servo\u00a0 krmilom. CF MOTO 625L s svojo podalj\u0161ano \u0161asijo nudi veliko prostora za&#8230;<\/p>\n","protected":false},"featured_media":6634,"template":"","meta":[],"product_cat":[59,68,115],"product_tag":[],"_links":{"self":[{"href":"https:\/\/www.sba.si\/index.php\/wp-json\/wp\/v2\/product\/1033"}],"collection":[{"href":"https:\/\/www.sba.si\/index.php\/wp-json\/wp\/v2\/product"}],"about":[{"href":"https:\/\/www.sba.si\/index.php\/wp-json\/wp\/v2\/types\/product"}],"version-history":[{"count":7,"href":"https:\/\/www.sba.si\/index.php\/wp-json\/wp\/v2\/product\/1033\/revisions"}],"predecessor-version":[{"id":11158,"href":"https:\/\/www.sba.si\/index.php\/wp-json\/wp\/v2\/product\/1033\/revisions\/11158"}],"wp:featuredmedia":[{"embeddable":true,"href":"https:\/\/www.sba.si\/index.php\/wp-json\/wp\/v2\/media\/6634"}],"wp:attachment":[{"href":"https:\/\/www.sba.si\/index.php\/wp-json\/wp\/v2\/media?parent=1033"}],"wp:term":[{"taxonomy":"product_cat","embeddable":true,"href":"https:\/\/www.sba.si\/index.php\/wp-json\/wp\/v2\/product_cat?post=1033"},{"taxonomy":"product_tag","embeddable":true,"href":"https:\/\/www.sba.si\/index.php\/wp-json\/wp\/v2\/product_tag?post=1033"}],"curies":[{"name":"wp","href":"https:\/\/api.w.org\/{rel}","templated":true}]}}