{"id":10575,"date":"2025-09-28T16:39:03","date_gmt":"2025-09-28T14:39:03","guid":{"rendered":"https:\/\/www.sba.si\/?post_type=product&#038;p=10575"},"modified":"2025-09-28T17:04:38","modified_gmt":"2025-09-28T15:04:38","slug":"atv-gume-cst-abuzz-26x8-12","status":"publish","type":"product","link":"https:\/\/www.sba.si\/index.php\/izdelek\/atv-gume-cst-abuzz-26x8-12\/","title":{"rendered":"ATV Gume\u00a0CST Abuzz  26&#215;8-12"},"content":{"rendered":"","protected":false},"excerpt":{"rendered":"<p>ATV PNEVMATIKA CST ABUZZ<br \/>\nZELO KVALITETNA\u00a0 GROBA TERENSKA GUMA<\/p>\n<p>Mo\u017enost po\u0161iljanja po po\u0161ti<\/p>\n<p>25X8X12 SPREDNJA &#8211; AKCIJSKA CENA &#8211; SAMO 90\u20ac<br \/>\nREDNA CENA &#8211; JE 110\u20ac<br \/>\n25X10X12 ZADNJA &#8211; AKCIJSKA CENA &#8211; SAMO 100\u20ac<br \/>\nREDNA CENA &#8211; JE 120\u20ac<br \/>\nCENA KOMPLETA SAMO- 360 EUR<\/p>\n<p>26X8X12 SPREDNJA &#8211; AKCIJSKA CENA &#8211; SAMO 115\u20ac<br \/>\nREDNA CENA &#8211; JE 123\u20ac<br \/>\n26X11X12 ZADNJA &#8211; AKCIJSKA CENA &#8211; SAMO 130\u20ac<br \/>\nREDNA CENA &#8211; JE 148\u20ac<br \/>\nCENA KOMPLETA SAMO- 420EUR<\/p>\n<p>26X9X14 SPREDNJA &#8211; AKCIJSKA CENA &#8211; SAMO 115 \u20ac<br \/>\nREDNA CENA &#8211; JE 129\u20ac<br \/>\n26X11X14 ZADNJA &#8211; AKCIJSKA CENA &#8211; SAMO 129\u20ac<br \/>\nREDNA CENA &#8211; JE 140\u20ac<br \/>\nCENA KOMPLETA SAMO- 420EUR<\/p>\n<p>Pnevantike CST ABUZZ so prva vgradnja na ve\u010d modelov CF MOTO<\/p>\n<p>Pnevmatika za vse terene ATV\/UTV, groba terenska &#8211; odli\u010dne samo\u010distilne sposobnosti, izjemno dobra nosilnost, dostopna cena, homologiran za cestni promet (E4)<\/p>\n<p>Lastnosti:<\/p>\n<p>Za najzahtevnej\u0161e in najte\u017eje ATV\/UTV vo\u017enje<br \/>\nNapredna zasnova karkase zagotavlja najudobnej\u0161o pnevmatiko, skladno s progo,\u00a0\u0161\u010ditijo bo\u010dnico in zagotavljajo dodaten oprijem in odli\u010den oprijem med zavijanjem<br \/>\nGumijasta zmes s podalj\u0161ano \u017eivljenjsko dobo in inovativen prekrivajo\u010di se vzorec tekalne plasti<br \/>\nGladka, predvidljiva vo\u017enja in lastnosti po\u010dasne obrabe&#8230;.<\/p>\n","protected":false},"featured_media":652,"template":"","meta":[],"product_cat":[54,75,87,89],"product_tag":[],"_links":{"self":[{"href":"https:\/\/www.sba.si\/index.php\/wp-json\/wp\/v2\/product\/10575"}],"collection":[{"href":"https:\/\/www.sba.si\/index.php\/wp-json\/wp\/v2\/product"}],"about":[{"href":"https:\/\/www.sba.si\/index.php\/wp-json\/wp\/v2\/types\/product"}],"version-history":[{"count":2,"href":"https:\/\/www.sba.si\/index.php\/wp-json\/wp\/v2\/product\/10575\/revisions"}],"predecessor-version":[{"id":10581,"href":"https:\/\/www.sba.si\/index.php\/wp-json\/wp\/v2\/product\/10575\/revisions\/10581"}],"wp:featuredmedia":[{"embeddable":true,"href":"https:\/\/www.sba.si\/index.php\/wp-json\/wp\/v2\/media\/652"}],"wp:attachment":[{"href":"https:\/\/www.sba.si\/index.php\/wp-json\/wp\/v2\/media?parent=10575"}],"wp:term":[{"taxonomy":"product_cat","embeddable":true,"href":"https:\/\/www.sba.si\/index.php\/wp-json\/wp\/v2\/product_cat?post=10575"},{"taxonomy":"product_tag","embeddable":true,"href":"https:\/\/www.sba.si\/index.php\/wp-json\/wp\/v2\/product_tag?post=10575"}],"curies":[{"name":"wp","href":"https:\/\/api.w.org\/{rel}","templated":true}]}}