{"id":10598,"date":"2025-09-28T20:07:27","date_gmt":"2025-09-28T18:07:27","guid":{"rendered":"https:\/\/www.sba.si\/?post_type=product&#038;p=10598"},"modified":"2026-02-13T15:07:16","modified_gmt":"2026-02-13T14:07:16","slug":"cst-stag-29x9-14-in-29x11-14-komplet","status":"publish","type":"product","link":"https:\/\/www.sba.si\/index.php\/izdelek\/cst-stag-29x9-14-in-29x11-14-komplet\/","title":{"rendered":"CST STAG 29&#215;9-14 in 29&#215;11-14 &#8211; KOMPLET"},"content":{"rendered":"","protected":false},"excerpt":{"rendered":"<p>ATV PNEVMATIKA CST STAG<br \/>\nZELO KVALITETNA\u00a0 GROBA TERENSKA GUMA<br \/>\nMo\u017enost po\u0161iljanja po po\u0161ti<br \/>\n25X8X12 SPREDNJA \u2013 AKCIJSKA CENA \u2013 SAMO 90\u20ac<br \/>\nREDNA CENA \u2013 JE 110\u20ac<br \/>\n25X10X12 ZADNJA \u2013 AKCIJSKA CENA \u2013 SAMO 105\u20ac<br \/>\nREDNA CENA \u2013 JE 130\u20ac<br \/>\nCENA KOMPLETA SAMO- 380 EUR<br \/>\n26X9X12 SPREDNJA \u2013 AKCIJSKA CENA \u2013 SAMO 109\u20ac<br \/>\nREDNA CENA \u2013 JE 132\u20ac<br \/>\n26X11X12 ZADNJA \u2013 AKCIJSKA CENA \u2013 SAMO 1119\u20ac<br \/>\nREDNA CENA \u2013 JE 144\u20ac<br \/>\nCENA KOMPLETA SAMO- 440EUR<br \/>\n27X9X12 SPREDNJA \u2013 AKCIJSKA CENA \u2013 SAMO 120\u20ac<br \/>\nREDNA CENA \u2013 JE 135\u20ac<br \/>\n27X11X12 ZADNJA \u2013 AKCIJSKA CENA \u2013 SAMO 130\u20ac<br \/>\nREDNA CENA \u2013 JE 156\u20ac<br \/>\nCENA KOMPLETA SAMO- 460EUR<br \/>\n26X9X14 SPREDNJA \u2013 AKCIJSKA CENA \u2013 SAMO 109 \u20ac<br \/>\nREDNA CENA \u2013 JE 145\u20ac<br \/>\n26X11X14 ZADNJA \u2013 AKCIJSKA CENA \u2013 SAMO 119\u20ac<br \/>\nREDNA CENA \u2013 JE 156\u20ac<br \/>\nCENA KOMPLETA SAMO- 440EUR<br \/>\n27X9X14 SPREDNJA \u2013 AKCIJSKA CENA \u2013 SAMO 129 \u20ac<br \/>\nREDNA CENA \u2013 JE 150\u20ac<br \/>\n27X11X14 ZADNJA \u2013 AKCIJSKA CENA \u2013 SAMO 139\u20ac<br \/>\nREDNA CENA \u2013 JE 161\u20ac<br \/>\nCENA KOMPLETA SAMO- 499EUR<\/p>\n<p>29X9X14 SPREDNJA \u2013 AKCIJSKA CENA \u2013 SAMO 149 \u20ac<br \/>\nREDNA CENA \u2013 JE 158\u20ac<br \/>\n29X11X14 ZADNJA \u2013 AKCIJSKA CENA \u2013 SAMO 175\u20ac<br \/>\nREDNA CENA \u2013 JE 174\u20ac<br \/>\nCENA KOMPLETA SAMO- 590EUR<\/p>\n<p>30X10X14 \u2013 AKCIJSKA CENA \u2013 SAMO 140 \u20ac\/KOM<br \/>\nREDNA CENA \u2013 JE 160\u20ac\/KOM\u017d<\/p>\n<p>Pnevantike CST STAG so prva vgradnja na ve\u010d modelov CF MOTO<br \/>\nPnevmatika za vse terene ATV\/UTV, groba terenska \u2013 odli\u010dne samo\u010distilne sposobnosti, izjemno dobra nosilnost, dostopna cena, homologiran za cestni promet (E4)<br \/>\nLastnosti:<br \/>\nZa najzahtevnej\u0161e in najte\u017eje ATV\/UTV vo\u017enje<br \/>\nNapredna zasnova karkase zagotavlja najudobnej\u0161o pnevmatiko, skladno s progo,\u00a0\u0161\u010ditijo bo\u010dnico in zagotavljajo dodaten oprijem in odli\u010den oprijem med zavijanjem<br \/>\nGumijasta zmes s podalj\u0161ano \u017eivljenjsko dobo in inovativen prekrivajo\u010di se vzorec tekalne plasti<br \/>\nGladka, predvidljiva vo\u017enja in lastnosti po\u010dasne obrabe\u2026.<\/p>\n","protected":false},"featured_media":10590,"template":"","meta":[],"product_cat":[54,75,87,89],"product_tag":[],"_links":{"self":[{"href":"https:\/\/www.sba.si\/index.php\/wp-json\/wp\/v2\/product\/10598"}],"collection":[{"href":"https:\/\/www.sba.si\/index.php\/wp-json\/wp\/v2\/product"}],"about":[{"href":"https:\/\/www.sba.si\/index.php\/wp-json\/wp\/v2\/types\/product"}],"version-history":[{"count":3,"href":"https:\/\/www.sba.si\/index.php\/wp-json\/wp\/v2\/product\/10598\/revisions"}],"predecessor-version":[{"id":11330,"href":"https:\/\/www.sba.si\/index.php\/wp-json\/wp\/v2\/product\/10598\/revisions\/11330"}],"wp:featuredmedia":[{"embeddable":true,"href":"https:\/\/www.sba.si\/index.php\/wp-json\/wp\/v2\/media\/10590"}],"wp:attachment":[{"href":"https:\/\/www.sba.si\/index.php\/wp-json\/wp\/v2\/media?parent=10598"}],"wp:term":[{"taxonomy":"product_cat","embeddable":true,"href":"https:\/\/www.sba.si\/index.php\/wp-json\/wp\/v2\/product_cat?post=10598"},{"taxonomy":"product_tag","embeddable":true,"href":"https:\/\/www.sba.si\/index.php\/wp-json\/wp\/v2\/product_tag?post=10598"}],"curies":[{"name":"wp","href":"https:\/\/api.w.org\/{rel}","templated":true}]}}