{"id":10766,"date":"2025-10-22T09:07:47","date_gmt":"2025-10-22T07:07:47","guid":{"rendered":"https:\/\/www.sba.si\/?post_type=product&#038;p=10766"},"modified":"2026-01-08T16:25:55","modified_gmt":"2026-01-08T15:25:55","slug":"goes-terrox-1000-l7e-b-kategorija","status":"publish","type":"product","link":"https:\/\/www.sba.si\/index.php\/izdelek\/goes-terrox-1000-l7e-b-kategorija\/","title":{"rendered":"GOES TERROX 1000 &#8211; L7e ( B-kategorija)"},"content":{"rendered":"<h3 data-start=\"54\" data-end=\"89\"><strong data-start=\"58\" data-end=\"87\">Vodilni model znamke GOES<\/strong><\/h3>\n<h3 data-start=\"54\" data-end=\"89\"><strong data-start=\"90\" data-end=\"112\">GOES<\/strong><\/h3>\n<p data-start=\"114\" data-end=\"437\">\u010casovno neomejen videz, ki ga navdihuje oblikovna linija dru\u017eine GOES, zdru\u017euje robustno stransko silhueto z moderno eleganco. Napreden LED sistem z \u00bbwelcome light\u00ab svetlobno predstavo ne poudari le drzno identiteto vozila, temve\u010d tudi zagotavlja popolno vidljivost tudi v najte\u017ejih razmerah.<br data-start=\"406\" data-end=\"409\" \/><strong data-start=\"409\" data-end=\"437\">GOES \u2013 USTVARJEN ZA DELO<\/strong><\/p>\n<hr data-start=\"439\" data-end=\"442\" \/>\n<p data-start=\"444\" data-end=\"459\"><strong data-start=\"448\" data-end=\"457\">Motor<\/strong><\/p>\n<p data-start=\"461\" data-end=\"729\">Motor nudi ve\u010djo mo\u010d v celotnem obmo\u010dju vrtljajev, odziva se hitro in teko\u010de, medtem ko elektronski vbrizg goriva znamke Bosch zagotavlja natan\u010dno in varno doziranje. Oja\u010dana glava valja, ve\u010dji ventili in optimizirane odmi\u010dne gredi zagotavljajo u\u010dinkovito izgorevanje.<\/p>\n<p data-start=\"731\" data-end=\"981\">Vrhunski hladilni sistem ohranja stabilno delovanje, izpuh z dvojnim du\u0161ilcem pa zmanj\u0161uje povratni tlak za 32 % in poskrbi za globok, \u0161porten zvok. Rezultat je motor, ki vas nikoli ne pusti na cedilu \u2013 teko\u010d, zmogljiv in vedno pripravljen na vo\u017enjo.<\/p>\n<hr data-start=\"983\" data-end=\"986\" \/>\n<p data-start=\"988\" data-end=\"1023\"><strong data-start=\"992\" data-end=\"1023\">Izjemno vzdr\u017eljivo podvozje<\/strong><\/p>\n<p data-start=\"1025\" data-end=\"1231\">Zasnovano za ekstremne izzive. Podvozje z oddaljenostjo od tal 312 mm, vstopnim kotom 80\u00b0 in natan\u010dnim obra\u010dalnim radijem 3,3 m obvlada tudi najtesnej\u0161i teren. Zanesljiv partner povsod, kjer ga potrebujete.<\/p>\n<hr data-start=\"1233\" data-end=\"1236\" \/>\n<p data-start=\"1238\" data-end=\"1272\"><strong data-start=\"1242\" data-end=\"1272\">Dvojni uporabni\u0161ki vmesnik<\/strong><\/p>\n<p data-start=\"1274\" data-end=\"1438\">Instrumentna plo\u0161\u010da je razdeljena na 2 sektorja \u2013 MMI zaslon in obmo\u010dje z barvnimi kontrolnimi lu\u010dkami. Vse je jasno in pregledno postavljeno v vidno polje voznika.<\/p>\n<hr data-start=\"1440\" data-end=\"1443\" \/>\n<p data-start=\"1445\" data-end=\"1472\"><strong data-start=\"1449\" data-end=\"1472\">Sodobno upravljanje<\/strong><\/p>\n<p data-start=\"1474\" data-end=\"1622\">Preprosti, zanesljivi in predvsem nezahtevni upravljalniki zapor diferencialov.<\/p>\n<hr data-start=\"1624\" data-end=\"1627\" \/>\n<p data-start=\"1629\" data-end=\"1656\"><strong data-start=\"1633\" data-end=\"1656\">Ergonomija za teren<\/strong><\/p>\n<p data-start=\"1658\" data-end=\"1797\">Vi\u0161ji polo\u017eaj krmila in sede\u017ea zagotavljata udobno sedenje skozi celoten delovni dan. Optimizirane ro\u010dice za la\u017eje parkiranje in zaviranje.<\/p>\n<hr data-start=\"1799\" data-end=\"1802\" \/>\n<p data-start=\"1804\" data-end=\"1829\"><strong data-start=\"1808\" data-end=\"1829\">Vodotesni predali<\/strong><\/p>\n<p data-start=\"1831\" data-end=\"1922\">Dvo-komorni vodotesni predali (2 + 1,5 l) z za\u0161\u010dito IP67, name\u0161\u010deni na obeh straneh vozila.<\/p>\n<hr data-start=\"1924\" data-end=\"1927\" \/>\n<p data-start=\"1929\" data-end=\"1967\"><strong data-start=\"1933\" data-end=\"1967\">Zelo enostaven servisni dostop<\/strong><\/p>\n<p data-start=\"1969\" data-end=\"2020\">Stranski servisni pokrov lahko odprete brez orodja!<\/p>\n<hr data-start=\"2022\" data-end=\"2025\" \/>\n<p data-start=\"2027\" data-end=\"2055\"><strong data-start=\"2031\" data-end=\"2055\">Izbolj\u0161an CVT sistem<\/strong><\/p>\n<p data-start=\"2057\" data-end=\"2240\">Na novo razvit CVT sistem s posebno zasnovo, ki omogo\u010da bolj teko\u010de delovanje. Posledi\u010dno se zmanj\u0161ata hrup in vibracije, celoten mehanizem pa je bolj zanesljiv tudi v te\u017ekih pogojih.<\/p>\n<hr data-start=\"2242\" data-end=\"2245\" \/>\n<p data-start=\"2247\" data-end=\"2268\"><strong data-start=\"2251\" data-end=\"2268\">Na\u010dini vo\u017enje<\/strong><\/p>\n<ul data-start=\"2270\" data-end=\"2489\">\n<li data-start=\"2270\" data-end=\"2337\">\n<p data-start=\"2272\" data-end=\"2337\"><strong data-start=\"2272\" data-end=\"2281\">SPORT<\/strong>: Agresiven odziv plina s 100-odstotnim prenosom mo\u010di.<\/p>\n<\/li>\n<li data-start=\"2338\" data-end=\"2410\">\n<p data-start=\"2340\" data-end=\"2410\"><strong data-start=\"2340\" data-end=\"2350\">NORMAL<\/strong>: Linearni odziv plina za vsakodnevno vsestransko uporabo.<\/p>\n<\/li>\n<li data-start=\"2411\" data-end=\"2489\">\n<p data-start=\"2413\" data-end=\"2489\"><strong data-start=\"2413\" data-end=\"2421\">WORK<\/strong>: Gladka krivulja mo\u010di z najve\u010djo ne\u017enostjo do vrte\u010dih se komponent.<\/p>\n<\/li>\n<\/ul>\n<hr data-start=\"2491\" data-end=\"2494\" \/>\n<p data-start=\"2496\" data-end=\"2525\"><strong data-start=\"2500\" data-end=\"2525\">Stabilnost in trdnost<\/strong><\/p>\n<ul data-start=\"2527\" data-end=\"2821\">\n<li data-start=\"2527\" data-end=\"2679\">\n<p data-start=\"2529\" data-end=\"2679\"><strong data-start=\"2529\" data-end=\"2564\">Napreden stabilizacijski sistem<\/strong>: sprednji stabilizator zmanj\u0161a nagib vozila do 40 %, prenovljeni bla\u017eilniki pa ubla\u017eijo tudi najmo\u010dnej\u0161e udarce.<\/p>\n<\/li>\n<li data-start=\"2680\" data-end=\"2821\">\n<p data-start=\"2682\" data-end=\"2821\"><strong data-start=\"2682\" data-end=\"2705\">Izredno trden okvir<\/strong>: izdelan iz visokotrdnostnega jekla (520 MPa), kar je za 53 % trdnej\u0161e kot obi\u010dajni materiali \u2013 pripravljen na vse.<\/p>\n<\/li>\n<\/ul>\n<hr data-start=\"2823\" data-end=\"2826\" \/>\n<p data-start=\"2828\" data-end=\"2865\"><strong data-start=\"2832\" data-end=\"2865\">Napreden LED svetlobni sistem<\/strong><\/p>\n<ul data-start=\"2867\" data-end=\"3153\">\n<li data-start=\"2867\" data-end=\"2911\">\n<p data-start=\"2869\" data-end=\"2911\">Nove diode <strong data-start=\"2880\" data-end=\"2909\">Osram OSLON\u00ae Black Flat S<\/strong><\/p>\n<\/li>\n<li data-start=\"2912\" data-end=\"3044\">\n<p data-start=\"2914\" data-end=\"3044\"><strong data-start=\"2914\" data-end=\"2929\">Kratke lu\u010di<\/strong>: do 14.000 cd in doseg 50 metrov. Osvetli celotno \u0161irino ceste (6\u20137 pasov) in zazna nevarnost do 15 metrov prej.<\/p>\n<\/li>\n<li data-start=\"3045\" data-end=\"3153\">\n<p data-start=\"3047\" data-end=\"3153\"><strong data-start=\"3047\" data-end=\"3061\">Dolge lu\u010di<\/strong>: do 100.000 cd z dosegom 120 metrov. Zanesljiva vidljivost tudi v megli in mo\u010dnem sne\u017eenju.<\/p>\n<\/li>\n<\/ul>\n<hr data-start=\"3155\" data-end=\"3158\" \/>\n<p data-start=\"3160\" data-end=\"3196\"><strong data-start=\"3164\" data-end=\"3196\">X-Connect kompozitni nosilci<\/strong><\/p>\n<p data-start=\"3198\" data-end=\"3343\">Sprednji in zadnji nosilci s sistemom X-Connect omogo\u010dajo enostavno pritrditev delovne opreme in so priro\u010dna re\u0161itev za prevoz razli\u010dnega tovora.<\/p>\n<hr data-start=\"3345\" data-end=\"3348\" \/>\n<p data-start=\"3350\" data-end=\"3377\"><strong data-start=\"3354\" data-end=\"3377\">Du\u0161ikovi bla\u017eilniki<\/strong><\/p>\n<p data-start=\"3379\" data-end=\"3527\">Popolnoma nastavljivi du\u0161ikovi amortizerji nove generacije (nastavljiva trdota vzmeti, kompresija, povratek) s hodom 230 mm spredaj in 236 mm zadaj.<\/p>\n<hr data-start=\"3529\" data-end=\"3532\" \/>\n<p data-start=\"3534\" data-end=\"3547\"><strong data-start=\"3538\" data-end=\"3547\">Vitlo<\/strong><\/p>\n<p data-start=\"3549\" data-end=\"3718\">Vitlo z najlonsko vrvjo deluje varno v vodilih za vodoravno in navpi\u010dno vleko. Sistem je dodatno za\u0161\u010diten s prednjim okvirjem. Elektronsko upravljanje z ro\u010dic na krmilu.<\/p>\n<hr data-start=\"3896\" data-end=\"3899\" \/>\n<p data-start=\"3901\" data-end=\"3926\"><strong data-start=\"3905\" data-end=\"3926\">Plati\u0161\u010da Beadlock<\/strong><\/p>\n<p data-start=\"3928\" data-end=\"4006\">Jeklena oja\u010ditev \u0161\u010diti plati\u0161\u010de pred po\u0161kodbami tudi v najzahtevnej\u0161em terenu.<\/p>\n<hr data-start=\"4008\" data-end=\"4011\" \/>\n<p data-start=\"4013\" data-end=\"4040\"><strong data-start=\"4017\" data-end=\"4040\">Nova generacija MMI<\/strong><\/p>\n<p data-start=\"4042\" data-end=\"4245\">Nova generacija 8-pal\u010dnega na dotik ob\u010dutljivega MMI zaslona s podporo za Apple CarPlay in ostrim Ultra HD lo\u010dljivostjo 1280\u00d7800. Hitro odziven, z veliko prostora zahvaljujo\u010d 4 GB RAM + 64 GB pomnilnika.<\/p>\n<hr data-start=\"4247\" data-end=\"4250\" \/>\n<p data-start=\"4252\" data-end=\"4282\"><strong data-start=\"4256\" data-end=\"4282\">Ekstremna vzdr\u017eljivost<\/strong><\/p>\n<p data-start=\"4284\" data-end=\"4482\">Zasnovan in testiran za ekstremne pogoje \u2013 testiran na 20.000 km, kar presega industrijske standarde za 50 %.<br data-start=\"4393\" data-end=\"4396\" \/><strong data-start=\"4396\" data-end=\"4411\">Terrox 1000<\/strong> je uspe\u0161no prestal 4.000 km neprekinjene vo\u017enje s polno obremenitvijo!<\/p>\n<p data-start=\"4484\" data-end=\"4536\"><strong data-start=\"4484\" data-end=\"4536\">Zanesljivost, na katero se lahko vedno zanesete.<\/strong><\/p>\n","protected":false},"excerpt":{"rendered":"<p><strong data-start=\"54\" data-end=\"90\">GOES TERROX 1000.<\/strong><br data-start=\"90\" data-end=\"93\" \/>To je delovni stroj, ki te popelje tja, kamor si drugi ne upajo niti pogledati. Neobrzdana mo\u010d motorja, ki se zna spoprijeti z vsakim izzivom. Robustna konstrukcija prenese tudi tisto, kar ti narava postavi na pot, medtem ko udobno upravljanje in natan\u010den nadzor poskrbita za zanesljivost tudi na dolgih poteh skozi cel delovni dan.<br data-start=\"425\" data-end=\"428\" \/>Vsaka vo\u017enja se tako spremeni v teko\u010do delovno avanturo, kjer \u2013 kljub trdemu delu \u2013 ob\u010duti\u0161 neomejeno svobodo.<br data-start=\"538\" data-end=\"541\" \/><strong data-start=\"541\" data-end=\"592\">Prava vo\u017enja se za\u010dne tam, kjer se kon\u010da cesta<\/strong><\/p>\n","protected":false},"featured_media":10678,"template":"","meta":[],"product_cat":[59,128,110],"product_tag":[],"_links":{"self":[{"href":"https:\/\/www.sba.si\/index.php\/wp-json\/wp\/v2\/product\/10766"}],"collection":[{"href":"https:\/\/www.sba.si\/index.php\/wp-json\/wp\/v2\/product"}],"about":[{"href":"https:\/\/www.sba.si\/index.php\/wp-json\/wp\/v2\/types\/product"}],"version-history":[{"count":4,"href":"https:\/\/www.sba.si\/index.php\/wp-json\/wp\/v2\/product\/10766\/revisions"}],"predecessor-version":[{"id":11172,"href":"https:\/\/www.sba.si\/index.php\/wp-json\/wp\/v2\/product\/10766\/revisions\/11172"}],"wp:featuredmedia":[{"embeddable":true,"href":"https:\/\/www.sba.si\/index.php\/wp-json\/wp\/v2\/media\/10678"}],"wp:attachment":[{"href":"https:\/\/www.sba.si\/index.php\/wp-json\/wp\/v2\/media?parent=10766"}],"wp:term":[{"taxonomy":"product_cat","embeddable":true,"href":"https:\/\/www.sba.si\/index.php\/wp-json\/wp\/v2\/product_cat?post=10766"},{"taxonomy":"product_tag","embeddable":true,"href":"https:\/\/www.sba.si\/index.php\/wp-json\/wp\/v2\/product_tag?post=10766"}],"curies":[{"name":"wp","href":"https:\/\/api.w.org\/{rel}","templated":true}]}}