{"id":11087,"date":"2026-01-06T10:37:26","date_gmt":"2026-01-06T09:37:26","guid":{"rendered":"https:\/\/www.sba.si\/?post_type=product&#038;p=11087"},"modified":"2026-01-06T10:53:10","modified_gmt":"2026-01-06T09:53:10","slug":"celada-cfmoto-mt-blue-black","status":"publish","type":"product","link":"https:\/\/www.sba.si\/index.php\/izdelek\/celada-cfmoto-mt-blue-black\/","title":{"rendered":"\u010cELADA CFMOTO MT"},"content":{"rendered":"<p>Zna\u010dilnosti:<br \/>\n\u25cfStandardna te\u017ea ECE 1650\u00b150G<br \/>\n\u25cf Sestavine: ABS+PC+ poliestrska vlakna<br \/>\n\u25cfMaterial se odlikuje po posebni odpornosti na mehanske po\u0161kodbe ter odpornosti na visoke in nizke temperature.<br \/>\n\u25cf\u010celada ima snemljive li\u010dnice in podlogo, zra\u010dni kanal zagotavlja dobro prezra\u010devanje, na zadnji strani \u010delade pa je odprtina za vro\u010d zrak.<br \/>\n\u25cf\u010celada ima izpostavljene prozorne le\u010de, odporne proti vetru, ki jih je mogo\u010de odpirati in zapirati za ve\u010djo odpornost proti vetru in toploto.<br \/>\n\u25cfIzdelek ima certifikata DOT in ECE 22.06;<\/p>\n","protected":false},"excerpt":{"rendered":"<p>Velikosti: od XS do 2XL<\/p>\n","protected":false},"featured_media":11088,"template":"","meta":[],"product_cat":[38,45,49],"product_tag":[],"_links":{"self":[{"href":"https:\/\/www.sba.si\/index.php\/wp-json\/wp\/v2\/product\/11087"}],"collection":[{"href":"https:\/\/www.sba.si\/index.php\/wp-json\/wp\/v2\/product"}],"about":[{"href":"https:\/\/www.sba.si\/index.php\/wp-json\/wp\/v2\/types\/product"}],"version-history":[{"count":4,"href":"https:\/\/www.sba.si\/index.php\/wp-json\/wp\/v2\/product\/11087\/revisions"}],"predecessor-version":[{"id":11097,"href":"https:\/\/www.sba.si\/index.php\/wp-json\/wp\/v2\/product\/11087\/revisions\/11097"}],"wp:featuredmedia":[{"embeddable":true,"href":"https:\/\/www.sba.si\/index.php\/wp-json\/wp\/v2\/media\/11088"}],"wp:attachment":[{"href":"https:\/\/www.sba.si\/index.php\/wp-json\/wp\/v2\/media?parent=11087"}],"wp:term":[{"taxonomy":"product_cat","embeddable":true,"href":"https:\/\/www.sba.si\/index.php\/wp-json\/wp\/v2\/product_cat?post=11087"},{"taxonomy":"product_tag","embeddable":true,"href":"https:\/\/www.sba.si\/index.php\/wp-json\/wp\/v2\/product_tag?post=11087"}],"curies":[{"name":"wp","href":"https:\/\/api.w.org\/{rel}","templated":true}]}}