{"id":11109,"date":"2026-01-06T11:11:31","date_gmt":"2026-01-06T10:11:31","guid":{"rendered":"https:\/\/www.sba.si\/?post_type=product&#038;p=11109"},"modified":"2026-01-07T10:31:40","modified_gmt":"2026-01-07T09:31:40","slug":"celada-thor-youth-fleet-forge","status":"publish","type":"product","link":"https:\/\/www.sba.si\/index.php\/izdelek\/celada-thor-youth-fleet-forge\/","title":{"rendered":"\u010cELADA THOR Youth Fleet Forge"},"content":{"rendered":"<p>Zna\u010dilnosti:<\/p>\n<ul>\n<li>Mo\u010dna in trpe\u017ena PC\/ABS \u0161koljka<\/li>\n<li>Tehnologija za zmanj\u0161anje energije (ERT) pomaga ubla\u017eiti linearno in rotacijsko energijo udarca<\/li>\n<li>Vrhunska EPS podloga z dvojno gostoto<\/li>\n<li>Devet odprtin za dovod\/izpust zraka<\/li>\n<li>Prilagodljiv ABS vizir s 4-to\u010dkovnim zapiranjem<\/li>\n<li>Odstranljiva in pralna udobna podloga in li\u010dnice<\/li>\n<li>Najlonski podbradnik s sistemom za zadr\u017eevanje z D-obro\u010dki v obliki \u010drke D in zaklepom<\/li>\n<\/ul>\n","protected":false},"excerpt":{"rendered":"<p>THOR Youth Fleet Forge otro\u0161ka integralna \u010delada. Notranje obloge so odstranljive, pralne in antibakterijske. Vizir je odporen na praske. Zapenjanje je enostavno s pomo\u010djo mikro regulacije paska. Velikosti so prilagojene otro\u0161ki glavi \u2013 otro\u0161ke mere S, M in L.<\/p>\n","protected":false},"featured_media":11080,"template":"","meta":[],"product_cat":[45,48],"product_tag":[],"_links":{"self":[{"href":"https:\/\/www.sba.si\/index.php\/wp-json\/wp\/v2\/product\/11109"}],"collection":[{"href":"https:\/\/www.sba.si\/index.php\/wp-json\/wp\/v2\/product"}],"about":[{"href":"https:\/\/www.sba.si\/index.php\/wp-json\/wp\/v2\/types\/product"}],"version-history":[{"count":1,"href":"https:\/\/www.sba.si\/index.php\/wp-json\/wp\/v2\/product\/11109\/revisions"}],"predecessor-version":[{"id":11113,"href":"https:\/\/www.sba.si\/index.php\/wp-json\/wp\/v2\/product\/11109\/revisions\/11113"}],"wp:featuredmedia":[{"embeddable":true,"href":"https:\/\/www.sba.si\/index.php\/wp-json\/wp\/v2\/media\/11080"}],"wp:attachment":[{"href":"https:\/\/www.sba.si\/index.php\/wp-json\/wp\/v2\/media?parent=11109"}],"wp:term":[{"taxonomy":"product_cat","embeddable":true,"href":"https:\/\/www.sba.si\/index.php\/wp-json\/wp\/v2\/product_cat?post=11109"},{"taxonomy":"product_tag","embeddable":true,"href":"https:\/\/www.sba.si\/index.php\/wp-json\/wp\/v2\/product_tag?post=11109"}],"curies":[{"name":"wp","href":"https:\/\/api.w.org\/{rel}","templated":true}]}}