{"id":11114,"date":"2026-01-06T11:25:52","date_gmt":"2026-01-06T10:25:52","guid":{"rendered":"https:\/\/www.sba.si\/?post_type=product&#038;p=11114"},"modified":"2026-01-07T10:31:28","modified_gmt":"2026-01-07T09:31:28","slug":"celada-otroska-cfmoto","status":"publish","type":"product","link":"https:\/\/www.sba.si\/index.php\/izdelek\/celada-otroska-cfmoto\/","title":{"rendered":"\u010cELADA otro\u0161ka CFMOTO"},"content":{"rendered":"<p>CFMOTO za\u0161\u010ditna \u010delada za otroke.<\/p>\n<p>Barva: modra<\/p>\n","protected":false},"excerpt":{"rendered":"<p>CFMOTO otro\u0161ka integralna \u010delada.<\/p>\n<p>Velikosti so prilagojene otro\u0161ki glavi \u2013 otro\u0161ke mere S (49 cm), M (50 cm) in L(51 cm).<\/p>\n","protected":false},"featured_media":11115,"template":"","meta":[],"product_cat":[45,48],"product_tag":[],"_links":{"self":[{"href":"https:\/\/www.sba.si\/index.php\/wp-json\/wp\/v2\/product\/11114"}],"collection":[{"href":"https:\/\/www.sba.si\/index.php\/wp-json\/wp\/v2\/product"}],"about":[{"href":"https:\/\/www.sba.si\/index.php\/wp-json\/wp\/v2\/types\/product"}],"version-history":[{"count":1,"href":"https:\/\/www.sba.si\/index.php\/wp-json\/wp\/v2\/product\/11114\/revisions"}],"predecessor-version":[{"id":11119,"href":"https:\/\/www.sba.si\/index.php\/wp-json\/wp\/v2\/product\/11114\/revisions\/11119"}],"wp:featuredmedia":[{"embeddable":true,"href":"https:\/\/www.sba.si\/index.php\/wp-json\/wp\/v2\/media\/11115"}],"wp:attachment":[{"href":"https:\/\/www.sba.si\/index.php\/wp-json\/wp\/v2\/media?parent=11114"}],"wp:term":[{"taxonomy":"product_cat","embeddable":true,"href":"https:\/\/www.sba.si\/index.php\/wp-json\/wp\/v2\/product_cat?post=11114"},{"taxonomy":"product_tag","embeddable":true,"href":"https:\/\/www.sba.si\/index.php\/wp-json\/wp\/v2\/product_tag?post=11114"}],"curies":[{"name":"wp","href":"https:\/\/api.w.org\/{rel}","templated":true}]}}