{"id":11133,"date":"2026-01-07T10:06:02","date_gmt":"2026-01-07T09:06:02","guid":{"rendered":"https:\/\/www.sba.si\/?post_type=product&#038;p=11133"},"modified":"2026-01-07T10:13:43","modified_gmt":"2026-01-07T09:13:43","slug":"jet-celada-apex-ji20-solid-titan","status":"publish","type":"product","link":"https:\/\/www.sba.si\/index.php\/izdelek\/jet-celada-apex-ji20-solid-titan\/","title":{"rendered":"JET \u010cELADA APEX JI200 Solid titan"},"content":{"rendered":"<h2 class=\"\" data-start=\"406\" data-end=\"448\">JET \u010cELADA APEX JI200 Solid titan<\/h2>\n<p class=\"\" data-start=\"450\" data-end=\"605\"><strong data-start=\"450\" data-end=\"473\">\u010celada Apex JI 200<\/strong> je sodobna jet \u010delada, idealna za mestno vo\u017enjo. Ponuja lahko konstrukcijo, visoko raven udobja in varnosti ter \u0161iroko vidno polje.<\/p>\n<hr class=\"\" data-start=\"607\" data-end=\"610\" \/>\n<h3 class=\"\" data-start=\"612\" data-end=\"639\"><strong data-start=\"616\" data-end=\"639\">Tehni\u010dne lastnosti:<\/strong><\/h3>\n<ul>\n<li data-start=\"643\" data-end=\"675\">Material lupine: Napredni brizgani ABS<\/li>\n<li data-start=\"643\" data-end=\"675\">Zunanje lupine: 1 velikost zunanje lupine in 2 velikosti EPS, optimalno prileganje za vse velikosti<\/li>\n<li data-start=\"643\" data-end=\"675\">Zapenjanje\/zaklepanje s trakom: Mikrometri\u010dno zaklepanje<\/li>\n<li data-start=\"643\" data-end=\"675\">ECE certifikat: 22.06<\/li>\n<li data-start=\"643\" data-end=\"675\">Te\u017ea od: 1390 +\/-50 g (velikost M)<\/li>\n<li data-start=\"643\" data-end=\"675\">Udobje\/podrobnosti<\/li>\n<li data-start=\"643\" data-end=\"675\">Odstranljiva mehka in udobna notranja podloga z visoko zra\u010dnostjo in odvajanjem vlage. Pralna notranja podloga<\/li>\n<li data-start=\"643\" data-end=\"675\">Zlo\u017eljiv son\u010dni vizir z za\u0161\u010dito pred zarositvijo<\/li>\n<li data-start=\"643\" data-end=\"675\">Sistem za hitro odpiranje vizirja, odstranitev in zamenjava vizirja brez orodja<\/li>\n<li data-start=\"643\" data-end=\"675\">Vizir s sistemom Pinlock (pinlock se prodaja lo\u010deno (DKS 002))<\/li>\n<li data-start=\"643\" data-end=\"675\">Pripravljen za interkom za univerzalno namestitev<\/li>\n<li data-start=\"643\" data-end=\"675\">Tunel za son\u010dna o\u010dala\/o\u010dala za la\u017eje in udobnej\u0161e no\u0161enje<\/li>\n<li data-start=\"643\" data-end=\"675\">Sistem kro\u017eenja zraka: Sprednji dovod in zadnji odvod za bolj\u0161i pretok zraka in hlajenje.<\/li>\n<\/ul>\n","protected":false},"excerpt":{"rendered":"<h3 data-start=\"406\" data-end=\"448\">JET \u010cELADA APEX JI200 Solid titan<\/h3>\n<p>Velikost XS-2XL<\/p>\n","protected":false},"featured_media":11135,"template":"","meta":[],"product_cat":[38,45,50],"product_tag":[],"_links":{"self":[{"href":"https:\/\/www.sba.si\/index.php\/wp-json\/wp\/v2\/product\/11133"}],"collection":[{"href":"https:\/\/www.sba.si\/index.php\/wp-json\/wp\/v2\/product"}],"about":[{"href":"https:\/\/www.sba.si\/index.php\/wp-json\/wp\/v2\/types\/product"}],"version-history":[{"count":2,"href":"https:\/\/www.sba.si\/index.php\/wp-json\/wp\/v2\/product\/11133\/revisions"}],"predecessor-version":[{"id":11142,"href":"https:\/\/www.sba.si\/index.php\/wp-json\/wp\/v2\/product\/11133\/revisions\/11142"}],"wp:featuredmedia":[{"embeddable":true,"href":"https:\/\/www.sba.si\/index.php\/wp-json\/wp\/v2\/media\/11135"}],"wp:attachment":[{"href":"https:\/\/www.sba.si\/index.php\/wp-json\/wp\/v2\/media?parent=11133"}],"wp:term":[{"taxonomy":"product_cat","embeddable":true,"href":"https:\/\/www.sba.si\/index.php\/wp-json\/wp\/v2\/product_cat?post=11133"},{"taxonomy":"product_tag","embeddable":true,"href":"https:\/\/www.sba.si\/index.php\/wp-json\/wp\/v2\/product_tag?post=11133"}],"curies":[{"name":"wp","href":"https:\/\/api.w.org\/{rel}","templated":true}]}}