{"id":11143,"date":"2026-01-07T10:22:44","date_gmt":"2026-01-07T09:22:44","guid":{"rendered":"https:\/\/www.sba.si\/?post_type=product&#038;p=11143"},"modified":"2026-01-07T10:28:05","modified_gmt":"2026-01-07T09:28:05","slug":"jet-celada-nzi-capital-2-duo","status":"publish","type":"product","link":"https:\/\/www.sba.si\/index.php\/izdelek\/jet-celada-nzi-capital-2-duo\/","title":{"rendered":"JET \u010cELADA NZI Capital 2 Duo"},"content":{"rendered":"<h2 class=\"\" data-start=\"406\" data-end=\"448\"><strong data-start=\"409\" data-end=\"448\">Jet \u010delada NZI Capital 2 Duo <\/strong><\/h2>\n<p class=\"\" data-start=\"450\" data-end=\"605\"><strong data-start=\"450\" data-end=\"473\">NZI Capital 2 Duo <\/strong>\u00a0je sodobna jet \u010delada, idealna za mestno vo\u017enjo. Ponuja lahko konstrukcijo, visoko raven udobja in varnosti ter \u0161iroko vidno polje.<\/p>\n<p>&nbsp;<\/p>\n","protected":false},"excerpt":{"rendered":"<h4 data-start=\"406\" data-end=\"448\"><strong data-start=\"409\" data-end=\"448\">Jet \u010delada NZI Capital 2 Duo<\/strong><\/h4>\n<p>Velikost S- 2XL<\/p>\n","protected":false},"featured_media":11145,"template":"","meta":[],"product_cat":[38,45,50],"product_tag":[],"_links":{"self":[{"href":"https:\/\/www.sba.si\/index.php\/wp-json\/wp\/v2\/product\/11143"}],"collection":[{"href":"https:\/\/www.sba.si\/index.php\/wp-json\/wp\/v2\/product"}],"about":[{"href":"https:\/\/www.sba.si\/index.php\/wp-json\/wp\/v2\/types\/product"}],"version-history":[{"count":1,"href":"https:\/\/www.sba.si\/index.php\/wp-json\/wp\/v2\/product\/11143\/revisions"}],"predecessor-version":[{"id":11146,"href":"https:\/\/www.sba.si\/index.php\/wp-json\/wp\/v2\/product\/11143\/revisions\/11146"}],"wp:featuredmedia":[{"embeddable":true,"href":"https:\/\/www.sba.si\/index.php\/wp-json\/wp\/v2\/media\/11145"}],"wp:attachment":[{"href":"https:\/\/www.sba.si\/index.php\/wp-json\/wp\/v2\/media?parent=11143"}],"wp:term":[{"taxonomy":"product_cat","embeddable":true,"href":"https:\/\/www.sba.si\/index.php\/wp-json\/wp\/v2\/product_cat?post=11143"},{"taxonomy":"product_tag","embeddable":true,"href":"https:\/\/www.sba.si\/index.php\/wp-json\/wp\/v2\/product_tag?post=11143"}],"curies":[{"name":"wp","href":"https:\/\/api.w.org\/{rel}","templated":true}]}}