{"id":11375,"date":"2026-02-25T10:15:44","date_gmt":"2026-02-25T09:15:44","guid":{"rendered":"https:\/\/www.sba.si\/?post_type=product&#038;p=11375"},"modified":"2026-02-25T10:15:45","modified_gmt":"2026-02-25T09:15:45","slug":"cfmoto-1000mt-x-26","status":"publish","type":"product","link":"https:\/\/www.sba.si\/index.php\/izdelek\/cfmoto-1000mt-x-26\/","title":{"rendered":"CFMOTO 1000MT-X &#8217;26"},"content":{"rendered":"<p data-start=\"0\" data-end=\"213\">Si pripravljen premakniti meje svoje avanture? CFMOTO 1000MT-X je ultimativni paradni model v razredu adventure, ki zdru\u017euje surovo mo\u010d, napredno tehnologijo in robustno vsestranskost v enem impresivnem motociklu.<\/p>\n<p data-start=\"215\" data-end=\"549\">Pod ohi\u0161jem se skriva povsem nov 946,2-kubi\u010dni vzporedni dvovaljni motor, ki razvije pribli\u017eno 113 konjskih mo\u010di in 105 Nm navora. Ta pogonski agregat zagotavlja gladko, a hkrati eksplozivno podajanje mo\u010di, kar ti omogo\u010da popoln nadzor \u2013 ne glede na to, ali se podaja\u0161 na dolge avtocestne vo\u017enje ali raziskuje\u0161 zahtevne terenske poti.<\/p>\n<p data-start=\"551\" data-end=\"857\">Zaradi uravnote\u017eenega razvijanja mo\u010di in trpe\u017enega adventure podvozja se 1000MT-X enako dobro znajde na asfaltu kot izven urejenih cest. Z vi\u0161ino sede\u017ea 870 mm, velikim 22,5-litrskim rezervoarjem za gorivo in maso 222 kilogramov (pripravljen za vo\u017enjo) je zasnovan za dolge razdalje in resne pustolov\u0161\u010dine.<\/p>\n<p data-start=\"859\" data-end=\"957\" data-is-last-node=\"\" data-is-only-node=\"\">Model 1000MT-X je na voljo v barvah Tactical Green in Aerolite Grey ter ima kar 5-letno garancijo.<\/p>\n","protected":false},"excerpt":{"rendered":"<p data-start=\"0\" data-end=\"162\">CFMOTO 1000MT-X je opremljen z vrhunskimi komponentami in elektronskimi asisten\u010dnimi sistemi, ki zagotavljajo maksimalen nadzor, udobje in varnost v vseh pogojih.<\/p>\n<p data-start=\"164\" data-end=\"460\">Popolnoma nastavljivo vzmetenje KYB spredaj in zadaj v kombinaciji z zmogljivimi zavornimi \u010deljustmi Brembo ter sistemom Bosch ABS s funkcijo delovanja v nagibu zagotavlja samozavest in stabilnost tako na asfaltu kot na terenu. Pnevmatike Pirelli STR nudijo odli\u010den oprijem na razli\u010dnih podlagah.<\/p>\n<p data-start=\"462\" data-end=\"758\">Napredna elektronika dviguje vozne zmogljivosti na vi\u0161jo raven. Motor ponuja \u0161tiri vozne na\u010dine (Rain, Standard, Off-road in All-Terrain) ter nadzor zdrsa koles, ob\u010dutljiv na nagib, ki je nastavljiv v treh stopnjah. Drsna sklopka dodatno prispeva k stabilnosti pri \u0161portnem prestavljanju navzdol.<\/p>\n<p data-start=\"760\" data-end=\"1084\">Vse informacije so jasno prikazane na velikem 8-pal\u010dnem TFT-zaslonu na dotik, medtem ko funkcije, kot so povezljivost T-BOX, sistem za nadzor tlaka v pnevmatikah (TPMS), ogrevani ro\u010daji in sede\u017e, nastavljivo vetrobransko steklo, priklju\u010dka USB-A in USB-C ter polna LED-osvetlitev, dopolnjujejo udobje in enostavnost uporabe.<\/p>\n<p data-start=\"1086\" data-end=\"1229\" data-is-last-node=\"\" data-is-only-node=\"\">CFMOTO 1000MT-X je ve\u010d kot le adventure motocikel \u2013 je povabilo, da gre\u0161 dlje, odkrije\u0161 nove poti in se vsake pustolov\u0161\u010dine loti\u0161 samozavestno.<\/p>\n","protected":false},"featured_media":11376,"template":"","meta":[],"product_cat":[127,135,131],"product_tag":[],"_links":{"self":[{"href":"https:\/\/www.sba.si\/index.php\/wp-json\/wp\/v2\/product\/11375"}],"collection":[{"href":"https:\/\/www.sba.si\/index.php\/wp-json\/wp\/v2\/product"}],"about":[{"href":"https:\/\/www.sba.si\/index.php\/wp-json\/wp\/v2\/types\/product"}],"version-history":[{"count":1,"href":"https:\/\/www.sba.si\/index.php\/wp-json\/wp\/v2\/product\/11375\/revisions"}],"predecessor-version":[{"id":11382,"href":"https:\/\/www.sba.si\/index.php\/wp-json\/wp\/v2\/product\/11375\/revisions\/11382"}],"wp:featuredmedia":[{"embeddable":true,"href":"https:\/\/www.sba.si\/index.php\/wp-json\/wp\/v2\/media\/11376"}],"wp:attachment":[{"href":"https:\/\/www.sba.si\/index.php\/wp-json\/wp\/v2\/media?parent=11375"}],"wp:term":[{"taxonomy":"product_cat","embeddable":true,"href":"https:\/\/www.sba.si\/index.php\/wp-json\/wp\/v2\/product_cat?post=11375"},{"taxonomy":"product_tag","embeddable":true,"href":"https:\/\/www.sba.si\/index.php\/wp-json\/wp\/v2\/product_tag?post=11375"}],"curies":[{"name":"wp","href":"https:\/\/api.w.org\/{rel}","templated":true}]}}