{"id":11393,"date":"2026-02-25T14:12:02","date_gmt":"2026-02-25T13:12:02","guid":{"rendered":"https:\/\/www.sba.si\/?post_type=product&#038;p=11393"},"modified":"2026-02-25T14:48:49","modified_gmt":"2026-02-25T13:48:49","slug":"goes-terrox-550l-t3b-26","status":"publish","type":"product","link":"https:\/\/www.sba.si\/index.php\/izdelek\/goes-terrox-550l-t3b-26\/","title":{"rendered":"GOES TERROX 550L &#8211; T3b &#8217;26"},"content":{"rendered":"","protected":false},"excerpt":{"rendered":"<p data-start=\"0\" data-end=\"13\"><strong>GOES TERROX 550L<\/strong><\/p>\n<p data-start=\"15\" data-end=\"269\" data-is-last-node=\"\" data-is-only-node=\"\">Zasnovan kot dvosede\u017eni delovni spremljevalec je GOES TERROX 550L robusten, vzdr\u017eljiv in namensko oblikovan ATV. Zdru\u017euje prakti\u010dno uporabnost z udobjem za sopotnika ter ponuja mo\u010d, stabilnost in vzdr\u017eljivost za zahtevna opravila in dalj\u0161e skupne vo\u017enje.<\/p>\n<p data-start=\"27\" data-end=\"141\">Podalj\u0161ana medosna razdalja in oja\u010dano podvozje zagotavljata stabilnost in udobje tako za voznika kot sopotnika.<\/p>\n<p data-start=\"143\" data-end=\"271\" data-is-last-node=\"\" data-is-only-node=\"\">Ergonomsko oblikovan sede\u017e in optimiziran prostor za noge zagotavljata samozavest pri dolgih vo\u017enjah ali napornih delovnih dneh.<\/p>\n","protected":false},"featured_media":11402,"template":"","meta":[],"product_cat":[59,128,129],"product_tag":[],"_links":{"self":[{"href":"https:\/\/www.sba.si\/index.php\/wp-json\/wp\/v2\/product\/11393"}],"collection":[{"href":"https:\/\/www.sba.si\/index.php\/wp-json\/wp\/v2\/product"}],"about":[{"href":"https:\/\/www.sba.si\/index.php\/wp-json\/wp\/v2\/types\/product"}],"version-history":[{"count":1,"href":"https:\/\/www.sba.si\/index.php\/wp-json\/wp\/v2\/product\/11393\/revisions"}],"predecessor-version":[{"id":11394,"href":"https:\/\/www.sba.si\/index.php\/wp-json\/wp\/v2\/product\/11393\/revisions\/11394"}],"wp:featuredmedia":[{"embeddable":true,"href":"https:\/\/www.sba.si\/index.php\/wp-json\/wp\/v2\/media\/11402"}],"wp:attachment":[{"href":"https:\/\/www.sba.si\/index.php\/wp-json\/wp\/v2\/media?parent=11393"}],"wp:term":[{"taxonomy":"product_cat","embeddable":true,"href":"https:\/\/www.sba.si\/index.php\/wp-json\/wp\/v2\/product_cat?post=11393"},{"taxonomy":"product_tag","embeddable":true,"href":"https:\/\/www.sba.si\/index.php\/wp-json\/wp\/v2\/product_tag?post=11393"}],"curies":[{"name":"wp","href":"https:\/\/api.w.org\/{rel}","templated":true}]}}