{"id":11683,"date":"2026-04-16T13:52:46","date_gmt":"2026-04-16T11:52:46","guid":{"rendered":"https:\/\/www.sba.si\/?post_type=product&#038;p=11683"},"modified":"2026-04-16T13:59:28","modified_gmt":"2026-04-16T11:59:28","slug":"dan-odprtih-vrat-18-4-2026-parkirisce","status":"publish","type":"product","link":"https:\/\/www.sba.si\/index.php\/izdelek\/dan-odprtih-vrat-18-4-2026-parkirisce\/","title":{"rendered":"DAN ODPRTIH VRAT 18.4.2026 PARKIRI\u0160\u010cE"},"content":{"rendered":"","protected":false},"excerpt":{"rendered":"<p>POVABILO NA SBA TESTNE VO\u017dNJE \u2013 CFMOTO MOTOCIKLI<\/p>\n<p>\ud83d\udcc5 18.04.2026 \ud83d\udccd Grosuplje \u2013 SBA, Ljubljanska cesta 53<\/p>\n<p>Dragi moto navdu\u0161enci,<br \/>\nvabimo vas na SBA testne vo\u017enje motociklov CFMOTO, ki bodo potekale v Grosupljem.<br \/>\nPridru\u017eite se nam na nepozabni izku\u0161nji testiranja vrhunskih motociklov in se podrobneje<br \/>\nseznanite z njihovo zmogljivostjo ter dodatno opremo.<\/p>\n<p>PRIJAVA NA TESTNO VO\u017dNJO<br \/>\nZa prijavo nam posredujte naslednje podatke:<br \/>\n\u2705 Ime in priimek :<br \/>\n\u2705 Naslov (ulica, kraj) :<br \/>\n\u2705 E-mail in telefonska \u0161tevilka :<br \/>\n\u2705 Model motocikla, ki ga \u017eelite testirati :<br \/>\n\u2705 \u017delena ura testne vo\u017enje :<br \/>\nObvezna oprema za udele\u017ebo:<br \/>\n\u2714 Veljavno vozni\u0161ko dovoljenje in osebni dokument<br \/>\n\u2714 \u010celada, jakna in ostala za\u0161\u010ditna oprema za varno vo\u017enjo<\/p>\n<p>\ud83d\udccd Lokacija testnih vo\u017eenj:<br \/>\nTestne vo\u017enje bodo potekale pred prodajnim salonom SBA Grosuplje (Ljubljanska cesta 53).<br \/>\n\ud83d\ude97 Parkiranje:<br \/>\nZa avtomobile: parkiri\u0161\u010de pri HOTELU GROSUPLJE, od tam je do salona kratek sprehod.<br \/>\nZa motocikle: mo\u017enost parkiranja neposredno pred prodajnim salonom.<br \/>\nPOTEK TESTNIH VO\u017dENJ<br \/>\n\ud83d\udd58 Testne vo\u017enje bodo potekale ob vsaki polni uri od 9:00 do 17:00.<br \/>\n\ud83d\udea6 Skupinski \u0161tart testnih motociklov vsako polno uro.<br \/>\n\ud83d\udcc4 Prijavljeni udele\u017eenci morajo biti prisotni najmanj 30 minut pred svojo testno vo\u017enjo<br \/>\nzaradi potrebne administracije.<br \/>\nKAJ VSE BO NA VOLJO?<br \/>\n\ud83d\udd39 Razstava CFMOTO motociklov, ATV, SSV in UTV<br \/>\n\ud83d\udd39 Dodatna oprema za ATV in motocikle<br \/>\n\ud83d\udd39 Izpu\u0161ni sistemi AKRAPOVI\u010c<br \/>\n\ud83d\udd39 Za\u0161\u010ditna oprema in svetovanje glede varne vo\u017enje<br \/>\n\ud83d\udd39 Predstavitev financiranja (krediti, leasingi)<br \/>\n\ud83c\udfa4 Posebne predstavitve skozi dan:<br \/>\n\u2714 Predstavitev motociklov in ATV<br \/>\n\u2714 Predstavitev izpu\u0161nih sistemov AKRAPOVI\u010c<br \/>\n\u2714 Prikaz pravilne uporabe za\u0161\u010ditne opreme in priprave na varno vo\u017enjo<br \/>\nOSVE\u017dITEV ZA VSE UDELE\u017dENCE<br \/>\nZa vse obiskovalce bodo na voljo prigrizki in brezalkoholne pija\u010de<br \/>\n\ud83d\udd25 Ne zamudite edinstvene prilo\u017enosti za testiranje CFMOTO motociklov! \ud83d\udd25<br \/>\n\ud83d\udce9 Prijavite se zdaj in si zagotovite svoje mesto!<br \/>\nSe vidimo v Grosupljem! \ud83c\udfcd\ud83d\udca8<\/p>\n","protected":false},"featured_media":11681,"template":"","meta":[],"product_cat":[127],"product_tag":[],"_links":{"self":[{"href":"https:\/\/www.sba.si\/index.php\/wp-json\/wp\/v2\/product\/11683"}],"collection":[{"href":"https:\/\/www.sba.si\/index.php\/wp-json\/wp\/v2\/product"}],"about":[{"href":"https:\/\/www.sba.si\/index.php\/wp-json\/wp\/v2\/types\/product"}],"version-history":[{"count":5,"href":"https:\/\/www.sba.si\/index.php\/wp-json\/wp\/v2\/product\/11683\/revisions"}],"predecessor-version":[{"id":11688,"href":"https:\/\/www.sba.si\/index.php\/wp-json\/wp\/v2\/product\/11683\/revisions\/11688"}],"wp:featuredmedia":[{"embeddable":true,"href":"https:\/\/www.sba.si\/index.php\/wp-json\/wp\/v2\/media\/11681"}],"wp:attachment":[{"href":"https:\/\/www.sba.si\/index.php\/wp-json\/wp\/v2\/media?parent=11683"}],"wp:term":[{"taxonomy":"product_cat","embeddable":true,"href":"https:\/\/www.sba.si\/index.php\/wp-json\/wp\/v2\/product_cat?post=11683"},{"taxonomy":"product_tag","embeddable":true,"href":"https:\/\/www.sba.si\/index.php\/wp-json\/wp\/v2\/product_tag?post=11683"}],"curies":[{"name":"wp","href":"https:\/\/api.w.org\/{rel}","templated":true}]}}