{"id":191,"date":"2022-01-10T17:01:44","date_gmt":"2022-01-10T16:01:44","guid":{"rendered":"https:\/\/www.sba.si\/prenova\/?post_type=product&#038;p=191"},"modified":"2022-01-10T17:02:22","modified_gmt":"2022-01-10T16:02:22","slug":"jakna-ixon-sprinter","status":"publish","type":"product","link":"https:\/\/www.sba.si\/index.php\/izdelek\/jakna-ixon-sprinter\/","title":{"rendered":"JAKNA IXON SPRINTER"},"content":{"rendered":"","protected":false},"excerpt":{"rendered":"<p>\u0160portna motoristi\u010dna jakna, Ixon Sprinter je enostavna, lahka in udobna. Izdelana in oblikovana modno in namenjena predvsem za kraj\u0161e vo\u017enje poleti, spomladi in v jeseni.<\/p>\n<ul>\n<li>Mre\u017easti paneli na prednji strani, hrbtu in rokavih<\/li>\n<li>Odsevniki na hrbtu in rokavih<\/li>\n<li>Notranja odstranljiva de\u017ena podloga katera deluje tudi kot za\u0161\u010dita za veter Drymesh z membrano<\/li>\n<li>Za\u0161\u010dita komolca in ramen CE 1621-1, na hrbtu \u017eep za vstaviti za\u0161\u010dito hrbta (ni vklju\u010dena)<\/li>\n<li>Prilagajanje jakne v pasu in rokavih<\/li>\n<li>Ovratnik iz neoprena<\/li>\n<\/ul>\n<hr \/>\n<ul>\n<li>2 zunanja \u017eepa<\/li>\n<li>4 notranji \u017eepi<\/li>\n<li>1 vodonepropusten \u017eep<\/li>\n<li>Zadrga za zapenjanje na hla\u010de zadaj   zaponka<\/li>\n<\/ul>\n<hr \/>\n<p>Velikosti: S do 3XL<\/p>\n<p>Barve:<\/p>\n<ul>\n<li>SPR-1015 \u2013 \u010drno-bela<\/li>\n<li>SPR-1072 \u2013 \u010drno-rumena<\/li>\n<\/ul>\n<p>&nbsp;<\/p>\n","protected":false},"featured_media":231,"template":"","meta":[],"product_cat":[38,39,40],"product_tag":[],"_links":{"self":[{"href":"https:\/\/www.sba.si\/index.php\/wp-json\/wp\/v2\/product\/191"}],"collection":[{"href":"https:\/\/www.sba.si\/index.php\/wp-json\/wp\/v2\/product"}],"about":[{"href":"https:\/\/www.sba.si\/index.php\/wp-json\/wp\/v2\/types\/product"}],"version-history":[{"count":0,"href":"https:\/\/www.sba.si\/index.php\/wp-json\/wp\/v2\/product\/191\/revisions"}],"wp:featuredmedia":[{"embeddable":true,"href":"https:\/\/www.sba.si\/index.php\/wp-json\/wp\/v2\/media\/231"}],"wp:attachment":[{"href":"https:\/\/www.sba.si\/index.php\/wp-json\/wp\/v2\/media?parent=191"}],"wp:term":[{"taxonomy":"product_cat","embeddable":true,"href":"https:\/\/www.sba.si\/index.php\/wp-json\/wp\/v2\/product_cat?post=191"},{"taxonomy":"product_tag","embeddable":true,"href":"https:\/\/www.sba.si\/index.php\/wp-json\/wp\/v2\/product_tag?post=191"}],"curies":[{"name":"wp","href":"https:\/\/api.w.org\/{rel}","templated":true}]}}