{"id":197,"date":"2022-01-10T17:01:45","date_gmt":"2022-01-10T16:01:45","guid":{"rendered":"https:\/\/www.sba.si\/prenova\/?post_type=product&#038;p=197"},"modified":"2023-03-27T09:52:20","modified_gmt":"2023-03-27T09:52:20","slug":"hlace-ixon-summit-zenske","status":"publish","type":"product","link":"https:\/\/www.sba.si\/index.php\/izdelek\/hlace-ixon-summit-zenske\/","title":{"rendered":"HLA\u010cE IXON SUMMIT \u017dENSKE"},"content":{"rendered":"","protected":false},"excerpt":{"rendered":"<p>\u017denske hla\u010de za zimsko in poletno obdobje katere omogo\u010dajo visoko udobje ob zmerni ceni, hla\u010de imajo odli\u010dni kroj ter so vi\u0161je v pasu na ledvenem predelu.<\/p>\n<p>Notranja podloga termo, vodoodporna in snemljiva<\/p>\n<p>Notranja podloga omogo\u010da zra\u010dnost<\/p>\n<p>Elasti\u010dno zapenjanje okoli pasu<\/p>\n<p>Nastavljive hla\u010dnice z je\u017ekom v predelu gle\u017enja<\/p>\n<p>Dva \u017eepa spredaj<\/p>\n<p>Zadrga za spetje z jakno<\/p>\n<p>Odsevni material na zadnji strani hla\u010dnic<\/p>\n<p>Za\u0161\u010dita kolena po normah CE 1621-1<\/p>\n<p>Velikost: od S do XL..<\/p>\n","protected":false},"featured_media":251,"template":"","meta":[],"product_cat":[38,42,44],"product_tag":[],"_links":{"self":[{"href":"https:\/\/www.sba.si\/index.php\/wp-json\/wp\/v2\/product\/197"}],"collection":[{"href":"https:\/\/www.sba.si\/index.php\/wp-json\/wp\/v2\/product"}],"about":[{"href":"https:\/\/www.sba.si\/index.php\/wp-json\/wp\/v2\/types\/product"}],"version-history":[{"count":1,"href":"https:\/\/www.sba.si\/index.php\/wp-json\/wp\/v2\/product\/197\/revisions"}],"predecessor-version":[{"id":5791,"href":"https:\/\/www.sba.si\/index.php\/wp-json\/wp\/v2\/product\/197\/revisions\/5791"}],"wp:featuredmedia":[{"embeddable":true,"href":"https:\/\/www.sba.si\/index.php\/wp-json\/wp\/v2\/media\/251"}],"wp:attachment":[{"href":"https:\/\/www.sba.si\/index.php\/wp-json\/wp\/v2\/media?parent=197"}],"wp:term":[{"taxonomy":"product_cat","embeddable":true,"href":"https:\/\/www.sba.si\/index.php\/wp-json\/wp\/v2\/product_cat?post=197"},{"taxonomy":"product_tag","embeddable":true,"href":"https:\/\/www.sba.si\/index.php\/wp-json\/wp\/v2\/product_tag?post=197"}],"curies":[{"name":"wp","href":"https:\/\/api.w.org\/{rel}","templated":true}]}}