{"id":200,"date":"2022-01-10T17:01:46","date_gmt":"2022-01-10T16:01:46","guid":{"rendered":"https:\/\/www.sba.si\/prenova\/?post_type=product&#038;p=200"},"modified":"2023-04-17T12:05:32","modified_gmt":"2023-04-17T12:05:32","slug":"hlace-panther-grand-canyon","status":"publish","type":"product","link":"https:\/\/www.sba.si\/index.php\/izdelek\/hlace-panther-grand-canyon\/","title":{"rendered":"HLA\u010cE PANTHER  GRAND CANYON"},"content":{"rendered":"","protected":false},"excerpt":{"rendered":"<p>Celoletne hla\u010de za vse vremenske pogoje, notranja termo-zimska podloga, nastavljivi kolenski \u0161\u010ditniki.<\/p>\n<p>Material 600D Poliester \u2013 kordura<br \/>\nNepremo\u010dljive, proti vetru<br \/>\n\u201cZ-liner\u201d notranja membrana omogo\u010da zra\u010dnost<br \/>\nOdstranljiva notranja termo podloga<br \/>\nDvojna zadrga za zapenjanje z jakno \u2013 krtka ter dolga<br \/>\nDva \u017eepa spredaj<br \/>\nFleksibilen del na koleni za maksimalno udobje<br \/>\n\u0160\u010ditnik na kolenu ima mo\u017enost nastavitve pozicije<br \/>\nOdstranljivi \u0161\u010ditniki na kolenih in bokih<br \/>\n\u0160\u010ditniki CE<br \/>\nNastavljive s pasom<\/p>\n<hr \/>\n<p>Velikosti od S do 4XL<\/p>\n","protected":false},"featured_media":254,"template":"","meta":[],"product_cat":[38,42,43],"product_tag":[],"_links":{"self":[{"href":"https:\/\/www.sba.si\/index.php\/wp-json\/wp\/v2\/product\/200"}],"collection":[{"href":"https:\/\/www.sba.si\/index.php\/wp-json\/wp\/v2\/product"}],"about":[{"href":"https:\/\/www.sba.si\/index.php\/wp-json\/wp\/v2\/types\/product"}],"version-history":[{"count":1,"href":"https:\/\/www.sba.si\/index.php\/wp-json\/wp\/v2\/product\/200\/revisions"}],"predecessor-version":[{"id":5835,"href":"https:\/\/www.sba.si\/index.php\/wp-json\/wp\/v2\/product\/200\/revisions\/5835"}],"wp:featuredmedia":[{"embeddable":true,"href":"https:\/\/www.sba.si\/index.php\/wp-json\/wp\/v2\/media\/254"}],"wp:attachment":[{"href":"https:\/\/www.sba.si\/index.php\/wp-json\/wp\/v2\/media?parent=200"}],"wp:term":[{"taxonomy":"product_cat","embeddable":true,"href":"https:\/\/www.sba.si\/index.php\/wp-json\/wp\/v2\/product_cat?post=200"},{"taxonomy":"product_tag","embeddable":true,"href":"https:\/\/www.sba.si\/index.php\/wp-json\/wp\/v2\/product_tag?post=200"}],"curies":[{"name":"wp","href":"https:\/\/api.w.org\/{rel}","templated":true}]}}