{"id":245,"date":"2022-01-10T17:02:37","date_gmt":"2022-01-10T17:02:37","guid":{"rendered":"https:\/\/www.sba.si\/prenova\/?post_type=product&#038;p=245"},"modified":"2023-12-28T15:32:52","modified_gmt":"2023-12-28T15:32:52","slug":"ledvicni-pas-grand-canyon","status":"publish","type":"product","link":"https:\/\/www.sba.si\/index.php\/izdelek\/ledvicni-pas-grand-canyon\/","title":{"rendered":"LEDVI\u010cNI PAS GRAND CANYON"},"content":{"rendered":"","protected":false},"excerpt":{"rendered":"<p>Ledvi\u010dni pas nastavljiv z elasti\u010dnim trakom okoli pasu, ki omogo\u010da napeto linijo ob telesu in daje dobro podporo hrbtu.<\/p>\n<p>Velikosti:<\/p>\n<p>S \/ M<br \/>\nL \/ XL<br \/>\nXXL \/ 3XL<br \/>\n4XL \/ 5XL..<\/p>\n<p>.<\/p>\n","protected":false},"featured_media":324,"template":"","meta":[],"product_cat":[38,51],"product_tag":[],"_links":{"self":[{"href":"https:\/\/www.sba.si\/index.php\/wp-json\/wp\/v2\/product\/245"}],"collection":[{"href":"https:\/\/www.sba.si\/index.php\/wp-json\/wp\/v2\/product"}],"about":[{"href":"https:\/\/www.sba.si\/index.php\/wp-json\/wp\/v2\/types\/product"}],"version-history":[{"count":1,"href":"https:\/\/www.sba.si\/index.php\/wp-json\/wp\/v2\/product\/245\/revisions"}],"predecessor-version":[{"id":6809,"href":"https:\/\/www.sba.si\/index.php\/wp-json\/wp\/v2\/product\/245\/revisions\/6809"}],"wp:featuredmedia":[{"embeddable":true,"href":"https:\/\/www.sba.si\/index.php\/wp-json\/wp\/v2\/media\/324"}],"wp:attachment":[{"href":"https:\/\/www.sba.si\/index.php\/wp-json\/wp\/v2\/media?parent=245"}],"wp:term":[{"taxonomy":"product_cat","embeddable":true,"href":"https:\/\/www.sba.si\/index.php\/wp-json\/wp\/v2\/product_cat?post=245"},{"taxonomy":"product_tag","embeddable":true,"href":"https:\/\/www.sba.si\/index.php\/wp-json\/wp\/v2\/product_tag?post=245"}],"curies":[{"name":"wp","href":"https:\/\/api.w.org\/{rel}","templated":true}]}}