{"id":246,"date":"2022-01-10T17:02:37","date_gmt":"2022-01-10T17:02:37","guid":{"rendered":"https:\/\/www.sba.si\/prenova\/?post_type=product&#038;p=246"},"modified":"2023-11-08T12:52:01","modified_gmt":"2023-11-08T12:52:01","slug":"motoristicni-skornji-forma-adventure-low","status":"publish","type":"product","link":"https:\/\/www.sba.si\/index.php\/izdelek\/motoristicni-skornji-forma-adventure-low\/","title":{"rendered":"MOTORISTI\u010cNI \u0160KORNJI FORMA ADVENTURE LOW"},"content":{"rendered":"","protected":false},"excerpt":{"rendered":"<p>Zgornji del \u0161kornja usnjen<br \/>\nVbrizgani in oblikovani plasti\u010dni vlo\u017eki<br \/>\nVodonepropustna veratex notranja podloga<br \/>\nMehka podloga s prilagodljivo peno<br \/>\nZaprtje \u0161kornja z je\u017ekom<br \/>\nNastavljiva-zamenljiva plasti\u010dna zaponka<br \/>\nProtivro\u010dinska za\u0161\u010dita usnja<br \/>\nPodplati proti zdrsu<br \/>\nAntibakterijski zamenljiv vlo\u017eek s sistemom zra\u010denja<br \/>\nPlasti\u010dna za\u0161\u010dita za ro\u010dico za prestavljanje brzin<\/p>\n","protected":false},"featured_media":325,"template":"","meta":[],"product_cat":[38,52],"product_tag":[],"_links":{"self":[{"href":"https:\/\/www.sba.si\/index.php\/wp-json\/wp\/v2\/product\/246"}],"collection":[{"href":"https:\/\/www.sba.si\/index.php\/wp-json\/wp\/v2\/product"}],"about":[{"href":"https:\/\/www.sba.si\/index.php\/wp-json\/wp\/v2\/types\/product"}],"version-history":[{"count":1,"href":"https:\/\/www.sba.si\/index.php\/wp-json\/wp\/v2\/product\/246\/revisions"}],"predecessor-version":[{"id":2726,"href":"https:\/\/www.sba.si\/index.php\/wp-json\/wp\/v2\/product\/246\/revisions\/2726"}],"wp:featuredmedia":[{"embeddable":true,"href":"https:\/\/www.sba.si\/index.php\/wp-json\/wp\/v2\/media\/325"}],"wp:attachment":[{"href":"https:\/\/www.sba.si\/index.php\/wp-json\/wp\/v2\/media?parent=246"}],"wp:term":[{"taxonomy":"product_cat","embeddable":true,"href":"https:\/\/www.sba.si\/index.php\/wp-json\/wp\/v2\/product_cat?post=246"},{"taxonomy":"product_tag","embeddable":true,"href":"https:\/\/www.sba.si\/index.php\/wp-json\/wp\/v2\/product_tag?post=246"}],"curies":[{"name":"wp","href":"https:\/\/api.w.org\/{rel}","templated":true}]}}