{"id":247,"date":"2022-01-10T17:02:37","date_gmt":"2022-01-10T17:02:37","guid":{"rendered":"https:\/\/www.sba.si\/prenova\/?post_type=product&#038;p=247"},"modified":"2023-11-08T12:52:43","modified_gmt":"2023-11-08T12:52:43","slug":"skornji-forma-adventure","status":"publish","type":"product","link":"https:\/\/www.sba.si\/index.php\/izdelek\/skornji-forma-adventure\/","title":{"rendered":"\u0160KORNJI FORMA ADVENTURE"},"content":{"rendered":"","protected":false},"excerpt":{"rendered":"<p>Zgornji del \u0161kornja usnjen<br \/>\nVbrizgani in oblikovani plasti\u010dni vlo\u017eki<br \/>\nVodonepropustna veratex notranja podloga<br \/>\nMehka podloga s prilagodljivo peno<br \/>\nZaprtje \u0161kornja z je\u017ekom<br \/>\nNastavljiva-zamenljiva plasti\u010dna zaponka<br \/>\nProtivro\u010dinska za\u0161\u010dita usnja<br \/>\nPodplati proti zdrsu<br \/>\nAntibakterijski zamenljiv vlo\u017eek s sistemom zra\u010denja<br \/>\nPlasti\u010dna za\u0161\u010dita za ro\u010dico za prestavljanje brzin<br \/>\nBarva: \u010drna, rjava<br \/>\nVelikost: 41-47<\/p>\n","protected":false},"featured_media":328,"template":"","meta":[],"product_cat":[38,52],"product_tag":[],"_links":{"self":[{"href":"https:\/\/www.sba.si\/index.php\/wp-json\/wp\/v2\/product\/247"}],"collection":[{"href":"https:\/\/www.sba.si\/index.php\/wp-json\/wp\/v2\/product"}],"about":[{"href":"https:\/\/www.sba.si\/index.php\/wp-json\/wp\/v2\/types\/product"}],"version-history":[{"count":1,"href":"https:\/\/www.sba.si\/index.php\/wp-json\/wp\/v2\/product\/247\/revisions"}],"predecessor-version":[{"id":6311,"href":"https:\/\/www.sba.si\/index.php\/wp-json\/wp\/v2\/product\/247\/revisions\/6311"}],"wp:featuredmedia":[{"embeddable":true,"href":"https:\/\/www.sba.si\/index.php\/wp-json\/wp\/v2\/media\/328"}],"wp:attachment":[{"href":"https:\/\/www.sba.si\/index.php\/wp-json\/wp\/v2\/media?parent=247"}],"wp:term":[{"taxonomy":"product_cat","embeddable":true,"href":"https:\/\/www.sba.si\/index.php\/wp-json\/wp\/v2\/product_cat?post=247"},{"taxonomy":"product_tag","embeddable":true,"href":"https:\/\/www.sba.si\/index.php\/wp-json\/wp\/v2\/product_tag?post=247"}],"curies":[{"name":"wp","href":"https:\/\/api.w.org\/{rel}","templated":true}]}}