{"id":265,"date":"2022-01-10T17:03:00","date_gmt":"2022-01-10T16:03:00","guid":{"rendered":"https:\/\/www.sba.si\/prenova\/?post_type=product&#038;p=265"},"modified":"2023-12-20T11:49:07","modified_gmt":"2023-12-20T11:49:07","slug":"rokavice-hevik-hgs105-california","status":"publish","type":"product","link":"https:\/\/www.sba.si\/index.php\/izdelek\/rokavice-hevik-hgs105-california\/","title":{"rendered":"ROKAVICE Hevik HGS105 California"},"content":{"rendered":"<p>Tabela velikosti za izmero primernih rokavic:<br \/>\n<img fetchpriority=\"high\" class=\"alignnone wp-image-3711 size-full\" src=\"https:\/\/www.sba.si\/wp-content\/uploads\/2022\/01\/Velikost-rokavic.jpg\" alt=\"\" width=\"545\" height=\"451\" srcset=\"https:\/\/www.sba.si\/wp-content\/uploads\/2022\/01\/Velikost-rokavic.jpg 545w, https:\/\/www.sba.si\/wp-content\/uploads\/2022\/01\/Velikost-rokavic-300x248.jpg 300w, https:\/\/www.sba.si\/wp-content\/uploads\/2022\/01\/Velikost-rokavic-64x53.jpg 64w\" sizes=\"(max-width: 545px) 100vw, 545px\" \/><\/p>\n","protected":false},"excerpt":{"rendered":"<p>Udobne poletne rokavice Hevik \u201cCalifornia\u201d, maksimalno udobje omogo\u010da izdelava iz raztegljive mikrofibre. Visok nivo zra\u010dnosti z mre\u017eastimi predeli omogo\u010da udobno vo\u017enjo tudi v najbolj vro\u010dem vremenu. Za za\u0161\u010dito na rokavicah so name\u0161\u010dene za\u0161\u010dite na predelih prstov in dlani.<\/p>\n<p>\u2022 Material: poliester, mikrofibra in mre\u017easti predeli<br \/>\n\u2022 Za\u0161\u010dite iz polikarbonata<br \/>\n\u2022 Rasztegljiva mikrofibra<br \/>\n\u2022 Oja\u010ditve na predelu dlani<br \/>\n\u2022 Notranja stran rokavice izdelana za visok nivo zra\u010dnosti<br \/>\n\u2022 Zapiranje z je\u017ekom, okoli zapestja neoprenska prevleka.<\/p>\n","protected":false},"featured_media":3715,"template":"","meta":[],"product_cat":[38,53],"product_tag":[],"_links":{"self":[{"href":"https:\/\/www.sba.si\/index.php\/wp-json\/wp\/v2\/product\/265"}],"collection":[{"href":"https:\/\/www.sba.si\/index.php\/wp-json\/wp\/v2\/product"}],"about":[{"href":"https:\/\/www.sba.si\/index.php\/wp-json\/wp\/v2\/types\/product"}],"version-history":[{"count":3,"href":"https:\/\/www.sba.si\/index.php\/wp-json\/wp\/v2\/product\/265\/revisions"}],"predecessor-version":[{"id":3713,"href":"https:\/\/www.sba.si\/index.php\/wp-json\/wp\/v2\/product\/265\/revisions\/3713"}],"wp:featuredmedia":[{"embeddable":true,"href":"https:\/\/www.sba.si\/index.php\/wp-json\/wp\/v2\/media\/3715"}],"wp:attachment":[{"href":"https:\/\/www.sba.si\/index.php\/wp-json\/wp\/v2\/media?parent=265"}],"wp:term":[{"taxonomy":"product_cat","embeddable":true,"href":"https:\/\/www.sba.si\/index.php\/wp-json\/wp\/v2\/product_cat?post=265"},{"taxonomy":"product_tag","embeddable":true,"href":"https:\/\/www.sba.si\/index.php\/wp-json\/wp\/v2\/product_tag?post=265"}],"curies":[{"name":"wp","href":"https:\/\/api.w.org\/{rel}","templated":true}]}}