{"id":266,"date":"2022-01-10T17:03:00","date_gmt":"2022-01-10T16:03:00","guid":{"rendered":"https:\/\/www.sba.si\/prenova\/?post_type=product&#038;p=266"},"modified":"2022-01-10T17:04:12","modified_gmt":"2022-01-10T16:04:12","slug":"rokavice-hevik-zimske","status":"publish","type":"product","link":"https:\/\/www.sba.si\/index.php\/izdelek\/rokavice-hevik-zimske\/","title":{"rendered":"ROKAVICE HEVIK ZIMSKE"},"content":{"rendered":"","protected":false},"excerpt":{"rendered":"<p>Zimske rokavice Hevik HGW206 \u201cSTOCCOLMA\u201d, notranja obloga omogo\u010da zra\u010dnost, zunanjost pa je odporna na de\u017e in veter, notranjost rokavice je izdelana iz usnja katero omogo\u010da dober oprijem. Na rokavicah so tudi fluorescentni in odsevni predeli. Na levem kazalcu je priro\u010den prstni brisalec za vizir.<\/p>\n<p>Nepremo\u010dljive<br \/>\nNotranjost zra\u010dna<br \/>\nUsnje na dlani<br \/>\nOdsevni materiali<br \/>\nOja\u010ditve \u010dlenkov<br \/>\nPrstni brisalec za vizir<br \/>\nZapiranje z je\u017ekom<\/p>\n<p>Velikost od XS do 2XL<br \/>\n.<\/p>\n","protected":false},"featured_media":332,"template":"","meta":[],"product_cat":[38,53],"product_tag":[],"_links":{"self":[{"href":"https:\/\/www.sba.si\/index.php\/wp-json\/wp\/v2\/product\/266"}],"collection":[{"href":"https:\/\/www.sba.si\/index.php\/wp-json\/wp\/v2\/product"}],"about":[{"href":"https:\/\/www.sba.si\/index.php\/wp-json\/wp\/v2\/types\/product"}],"version-history":[{"count":0,"href":"https:\/\/www.sba.si\/index.php\/wp-json\/wp\/v2\/product\/266\/revisions"}],"wp:featuredmedia":[{"embeddable":true,"href":"https:\/\/www.sba.si\/index.php\/wp-json\/wp\/v2\/media\/332"}],"wp:attachment":[{"href":"https:\/\/www.sba.si\/index.php\/wp-json\/wp\/v2\/media?parent=266"}],"wp:term":[{"taxonomy":"product_cat","embeddable":true,"href":"https:\/\/www.sba.si\/index.php\/wp-json\/wp\/v2\/product_cat?post=266"},{"taxonomy":"product_tag","embeddable":true,"href":"https:\/\/www.sba.si\/index.php\/wp-json\/wp\/v2\/product_tag?post=266"}],"curies":[{"name":"wp","href":"https:\/\/api.w.org\/{rel}","templated":true}]}}