{"id":2712,"date":"2022-02-20T09:04:26","date_gmt":"2022-02-20T09:04:26","guid":{"rendered":"https:\/\/www.sba.si\/?post_type=product&#038;p=2712"},"modified":"2025-11-03T13:10:16","modified_gmt":"2025-11-03T12:10:16","slug":"atv-gume-cst-abuzz-27x11-14-2","status":"publish","type":"product","link":"https:\/\/www.sba.si\/index.php\/izdelek\/atv-gume-cst-abuzz-27x11-14-2\/","title":{"rendered":"CST STAG 27\u00d711-14"},"content":{"rendered":"","protected":false},"excerpt":{"rendered":"<p>ATV PNEVMATIKA CST STAG<br \/>\nZELO KVALITETNA\u00a0 GROBA TERENSKA GUMA<\/p>\n<p>Mo\u017enost po\u0161iljanja po po\u0161ti<\/p>\n<p>25X8X12 SPREDNJA &#8211; AKCIJSKA CENA &#8211; SAMO 90\u20ac<br \/>\nREDNA CENA &#8211; JE 110\u20ac<br \/>\n25X10X12 ZADNJA &#8211; AKCIJSKA CENA &#8211; SAMO 100\u20ac<br \/>\nREDNA CENA &#8211; JE 130\u20ac<br \/>\nCENA KOMPLETA SAMO- 390 EUR<\/p>\n<p>26X9X12 SPREDNJA &#8211; AKCIJSKA CENA &#8211; SAMO 105\u20ac<br \/>\nREDNA CENA &#8211; JE 132\u20ac<br \/>\n26X11X12 ZADNJA &#8211; AKCIJSKA CENA &#8211; SAMO 125\u20ac<br \/>\nREDNA CENA &#8211; JE 144\u20ac<br \/>\nCENA KOMPLETA SAMO- 420EUR<\/p>\n<p>27X9X12 SPREDNJA &#8211; AKCIJSKA CENA &#8211; SAMO 110\u20ac<br \/>\nREDNA CENA &#8211; JE 135\u20ac<br \/>\n27X11X12 ZADNJA &#8211; AKCIJSKA CENA &#8211; SAMO 125\u20ac<br \/>\nREDNA CENA &#8211; JE 156\u20ac<br \/>\nCENA KOMPLETA SAMO- 450EUR<\/p>\n<p>26X9X14 SPREDNJA &#8211; AKCIJSKA CENA &#8211; SAMO 108 \u20ac<br \/>\nREDNA CENA &#8211; JE 145\u20ac<br \/>\n26X11X14 ZADNJA &#8211; AKCIJSKA CENA &#8211; SAMO 120\u20ac<br \/>\nREDNA CENA &#8211; JE 156\u20ac<br \/>\nCENA KOMPLETA SAMO- 440EUR<\/p>\n<p>27X9X14 SPREDNJA &#8211; AKCIJSKA CENA &#8211; SAMO 112 \u20ac<br \/>\nREDNA CENA &#8211; JE 150\u20ac<br \/>\n27X11X14 ZADNJA &#8211; AKCIJSKA CENA &#8211; SAMO 120\u20ac<br \/>\nREDNA CENA &#8211; JE 161\u20ac<br \/>\nCENA KOMPLETA SAMO- 460EUR<\/p>\n<p>29X9X14 SPREDNJA &#8211; AKCIJSKA CENA &#8211; SAMO 120 \u20ac<br \/>\nREDNA CENA &#8211; JE 158\u20ac<br \/>\n29X11X14 ZADNJA &#8211; AKCIJSKA CENA &#8211; SAMO 130\u20ac<br \/>\nREDNA CENA &#8211; JE 174\u20ac<br \/>\nCENA KOMPLETA SAMO- 499EUR<\/p>\n<p>30X10X14 &#8211; AKCIJSKA CENA &#8211; SAMO 135 \u20ac\/KOM<br \/>\nREDNA CENA &#8211; JE 160\u20ac\/KOM<\/p>\n<p>Pnevantike CST STAG so prva vgradnja na ve\u010d modelov CF MOTO<br \/>\nPnevmatika za vse terene ATV\/UTV, groba terenska &#8211; odli\u010dne samo\u010distilne sposobnosti, izjemno dobra nosilnost, dostopna cena, homologiran za cestni promet (E4)<br \/>\nLastnosti:<br \/>\nZa najzahtevnej\u0161e in najte\u017eje ATV\/UTV vo\u017enje<br \/>\nNapredna zasnova karkase zagotavlja najudobnej\u0161o pnevmatiko, skladno s progo,\u00a0\u0161\u010ditijo bo\u010dnico in zagotavljajo dodaten oprijem in odli\u010den oprijem med zavijanjem<br \/>\nGumijasta zmes s podalj\u0161ano \u017eivljenjsko dobo in inovativen prekrivajo\u010di se vzorec tekalne plasti<br \/>\nGladka, predvidljiva vo\u017enja in lastnosti po\u010dasne obrabe&#8230;.<\/p>\n","protected":false},"featured_media":2713,"template":"","meta":[],"product_cat":[54,75,87,89],"product_tag":[],"_links":{"self":[{"href":"https:\/\/www.sba.si\/index.php\/wp-json\/wp\/v2\/product\/2712"}],"collection":[{"href":"https:\/\/www.sba.si\/index.php\/wp-json\/wp\/v2\/product"}],"about":[{"href":"https:\/\/www.sba.si\/index.php\/wp-json\/wp\/v2\/types\/product"}],"version-history":[{"count":4,"href":"https:\/\/www.sba.si\/index.php\/wp-json\/wp\/v2\/product\/2712\/revisions"}],"predecessor-version":[{"id":10604,"href":"https:\/\/www.sba.si\/index.php\/wp-json\/wp\/v2\/product\/2712\/revisions\/10604"}],"wp:featuredmedia":[{"embeddable":true,"href":"https:\/\/www.sba.si\/index.php\/wp-json\/wp\/v2\/media\/2713"}],"wp:attachment":[{"href":"https:\/\/www.sba.si\/index.php\/wp-json\/wp\/v2\/media?parent=2712"}],"wp:term":[{"taxonomy":"product_cat","embeddable":true,"href":"https:\/\/www.sba.si\/index.php\/wp-json\/wp\/v2\/product_cat?post=2712"},{"taxonomy":"product_tag","embeddable":true,"href":"https:\/\/www.sba.si\/index.php\/wp-json\/wp\/v2\/product_tag?post=2712"}],"curies":[{"name":"wp","href":"https:\/\/api.w.org\/{rel}","templated":true}]}}