{"id":2736,"date":"2022-02-25T18:31:21","date_gmt":"2022-02-25T18:31:21","guid":{"rendered":"https:\/\/www.sba.si\/?post_type=product&#038;p=2736"},"modified":"2022-02-25T18:33:08","modified_gmt":"2022-02-25T18:33:08","slug":"buldog-b354-25x8x12-25x10x12-ugodno-komplet","status":"publish","type":"product","link":"https:\/\/www.sba.si\/index.php\/izdelek\/buldog-b354-25x8x12-25x10x12-ugodno-komplet\/","title":{"rendered":"BULDOG B354 25X8X12 -25X10X12 UGODNO KOMPLET"},"content":{"rendered":"","protected":false},"excerpt":{"rendered":"<p>ATV PNEVMATIKA BULDOG B354<br \/>\nZELO KVALITETNA GUMA ZA CESTO IN TEREN<\/p>\n<p>MO\u017dNOST PO\u0160ILJANJA PO PO\u0160TI..<\/p>\n<p>25X8X12 SPREDNJA &#8211; AKCIJSKA CENA &#8211; SAMO 80\u20ac<br \/>\nREDNA CENA &#8211; JE 99\u20ac<br \/>\n25X10X12 ZADNJA &#8211; AKCIJSKA CENA &#8211; SAMO 90\u20ac<br \/>\nREDNA CENA &#8211; JE 109\u20ac<br \/>\nCENA KOMPLETA SAMO- 320EUR<\/p>\n<p>Bulldog B354 je visokozmogljiva pnevmatika za ATV z oznako E, zasnovana za dober nadzor in oprijem na makadamu in asfaltu. Srednje zmes zagotavlja dodaten oprijem in veliko vzdr\u017eljivost. Bulldog B354 je bil zasnovan tako, da zagotavlja optimalno ravnovesje med obrabo in oprijemom ter ponuja zelo dobro vsestransko pnevmatiko. Odli\u010dna mo\u017enost za voznike, ki i\u0161\u010dejo kakovostno cestno pnevmatiko po izjemno konkuren\u010dni ceni<\/p>\n<p>Podrobnosti produkta:<\/p>\n<p>6-slojna<br \/>\nIzjemno lahka pre\u010dna konstrukcija<br \/>\nVelika kontaktna povr\u0161ina za ve\u010dji oprijem med zavijanjem<br \/>\nGladke, predvidljive vozne lastnosti<br \/>\nTrpe\u017ena srednja zmes za dodaten oprijem in podalj\u0161ano \u017eivljenjsko dobo tekalne plasti<br \/>\nSmerna tekalna plast z lamelami za mokre in suhe pogoje<br \/>\nOdobren DOT \/ E-oznaka za uporabo na cesti<\/p>\n","protected":false},"featured_media":2738,"template":"","meta":[],"product_cat":[61,75,85,86],"product_tag":[],"_links":{"self":[{"href":"https:\/\/www.sba.si\/index.php\/wp-json\/wp\/v2\/product\/2736"}],"collection":[{"href":"https:\/\/www.sba.si\/index.php\/wp-json\/wp\/v2\/product"}],"about":[{"href":"https:\/\/www.sba.si\/index.php\/wp-json\/wp\/v2\/types\/product"}],"version-history":[{"count":1,"href":"https:\/\/www.sba.si\/index.php\/wp-json\/wp\/v2\/product\/2736\/revisions"}],"predecessor-version":[{"id":2739,"href":"https:\/\/www.sba.si\/index.php\/wp-json\/wp\/v2\/product\/2736\/revisions\/2739"}],"wp:featuredmedia":[{"embeddable":true,"href":"https:\/\/www.sba.si\/index.php\/wp-json\/wp\/v2\/media\/2738"}],"wp:attachment":[{"href":"https:\/\/www.sba.si\/index.php\/wp-json\/wp\/v2\/media?parent=2736"}],"wp:term":[{"taxonomy":"product_cat","embeddable":true,"href":"https:\/\/www.sba.si\/index.php\/wp-json\/wp\/v2\/product_cat?post=2736"},{"taxonomy":"product_tag","embeddable":true,"href":"https:\/\/www.sba.si\/index.php\/wp-json\/wp\/v2\/product_tag?post=2736"}],"curies":[{"name":"wp","href":"https:\/\/api.w.org\/{rel}","templated":true}]}}