{"id":2890,"date":"2022-04-09T14:12:00","date_gmt":"2022-04-09T14:12:00","guid":{"rendered":"https:\/\/www.sba.si\/?post_type=product&#038;p=2890"},"modified":"2026-01-07T16:02:19","modified_gmt":"2026-01-07T15:02:19","slug":"akumulator-18ah-za-stirikolesnike","status":"publish","type":"product","link":"https:\/\/www.sba.si\/index.php\/izdelek\/akumulator-18ah-za-stirikolesnike\/","title":{"rendered":"AKUMULATOR 18Ah &#8211; za \u0161tirikolesnike"},"content":{"rendered":"","protected":false},"excerpt":{"rendered":"<p>AKUMULATOR FULBAT 18Ah<br \/>\nGARANCIJA 1 LETO<br \/>\nMO\u017dNOST PO\u0160ILJANJA PO PO\u0160TI<\/p>\n<p>AKUMULATOR ZA \u0160TIRIKOLESNIKE ZNAMK:<br \/>\nCF MOTO<br \/>\nLINHAI<br \/>\nGOES<br \/>\nTGB<br \/>\nACCESS<br \/>\nBRP<br \/>\nARCTIC CAT<br \/>\nPOLARIS<br \/>\nODES<br \/>\nSTELS.<\/p>\n<p>&nbsp;<\/p>\n","protected":false},"featured_media":11147,"template":"","meta":[],"product_cat":[54,77],"product_tag":[],"_links":{"self":[{"href":"https:\/\/www.sba.si\/index.php\/wp-json\/wp\/v2\/product\/2890"}],"collection":[{"href":"https:\/\/www.sba.si\/index.php\/wp-json\/wp\/v2\/product"}],"about":[{"href":"https:\/\/www.sba.si\/index.php\/wp-json\/wp\/v2\/types\/product"}],"version-history":[{"count":1,"href":"https:\/\/www.sba.si\/index.php\/wp-json\/wp\/v2\/product\/2890\/revisions"}],"predecessor-version":[{"id":2892,"href":"https:\/\/www.sba.si\/index.php\/wp-json\/wp\/v2\/product\/2890\/revisions\/2892"}],"wp:featuredmedia":[{"embeddable":true,"href":"https:\/\/www.sba.si\/index.php\/wp-json\/wp\/v2\/media\/11147"}],"wp:attachment":[{"href":"https:\/\/www.sba.si\/index.php\/wp-json\/wp\/v2\/media?parent=2890"}],"wp:term":[{"taxonomy":"product_cat","embeddable":true,"href":"https:\/\/www.sba.si\/index.php\/wp-json\/wp\/v2\/product_cat?post=2890"},{"taxonomy":"product_tag","embeddable":true,"href":"https:\/\/www.sba.si\/index.php\/wp-json\/wp\/v2\/product_tag?post=2890"}],"curies":[{"name":"wp","href":"https:\/\/api.w.org\/{rel}","templated":true}]}}