{"id":2893,"date":"2022-04-09T14:15:10","date_gmt":"2022-04-09T14:15:10","guid":{"rendered":"https:\/\/www.sba.si\/?post_type=product&#038;p=2893"},"modified":"2025-01-08T09:41:20","modified_gmt":"2025-01-08T08:41:20","slug":"akumulator-30ah-za-cf-moto-850-1000-450-520-625","status":"publish","type":"product","link":"https:\/\/www.sba.si\/index.php\/izdelek\/akumulator-30ah-za-cf-moto-850-1000-450-520-625\/","title":{"rendered":"AKUMULATOR 30Ah &#8211; za CF MOTO 850\/1000, 450\/520, 625, &#8230;."},"content":{"rendered":"<p>AKUMULATOR ZA CF MOTO &#8211; zaprti sistem<br \/>\n-1000. 850,820,800<br \/>\n-450,520,550, X6<br \/>\nGOES COBALT IN IRON, GOES 625<br \/>\nFULBAT\u00a0 30Ah<br \/>\nGARANCIJA 1 LETO<br \/>\nEdni akumulator na trgu, ki to\u010dno ustreza dimenzijam za zgorja navedene modele<\/p>\n<p>MO\u017dNOST PO\u0160ILJANJA PO PO\u0160TI.<\/p>\n<p>&nbsp;<\/p>\n<p>&nbsp;<\/p>\n","protected":false},"excerpt":{"rendered":"<p>AKUMULATOR ZA CF MOTO &#8211; zaprti sistem<br \/>\n-1000. 850,820,800<br \/>\n-450,520,550, X6<br \/>\nGOES COBALT IN IRON, GOES 625<br \/>\nFULBAT\u00a0 30Ah<br \/>\nGARANCIJA 1 LETO<br \/>\nEdni akumulator na trgu, ki to\u010dno ustreza dimenzijam za zgorja navedene modele<\/p>\n<p>MO\u017dNOST PO\u0160ILJANJA PO PO\u0160TI.<\/p>\n<p>&nbsp;<\/p>\n","protected":false},"featured_media":2894,"template":"","meta":[],"product_cat":[77,102],"product_tag":[],"_links":{"self":[{"href":"https:\/\/www.sba.si\/index.php\/wp-json\/wp\/v2\/product\/2893"}],"collection":[{"href":"https:\/\/www.sba.si\/index.php\/wp-json\/wp\/v2\/product"}],"about":[{"href":"https:\/\/www.sba.si\/index.php\/wp-json\/wp\/v2\/types\/product"}],"version-history":[{"count":2,"href":"https:\/\/www.sba.si\/index.php\/wp-json\/wp\/v2\/product\/2893\/revisions"}],"predecessor-version":[{"id":5239,"href":"https:\/\/www.sba.si\/index.php\/wp-json\/wp\/v2\/product\/2893\/revisions\/5239"}],"wp:featuredmedia":[{"embeddable":true,"href":"https:\/\/www.sba.si\/index.php\/wp-json\/wp\/v2\/media\/2894"}],"wp:attachment":[{"href":"https:\/\/www.sba.si\/index.php\/wp-json\/wp\/v2\/media?parent=2893"}],"wp:term":[{"taxonomy":"product_cat","embeddable":true,"href":"https:\/\/www.sba.si\/index.php\/wp-json\/wp\/v2\/product_cat?post=2893"},{"taxonomy":"product_tag","embeddable":true,"href":"https:\/\/www.sba.si\/index.php\/wp-json\/wp\/v2\/product_tag?post=2893"}],"curies":[{"name":"wp","href":"https:\/\/api.w.org\/{rel}","templated":true}]}}