{"id":2897,"date":"2022-04-09T14:20:54","date_gmt":"2022-04-09T14:20:54","guid":{"rendered":"https:\/\/www.sba.si\/?post_type=product&#038;p=2897"},"modified":"2023-01-18T14:45:16","modified_gmt":"2023-01-18T14:45:16","slug":"atv-prikolica-shark-1500-za-tovor-ali-hlodovino","status":"publish","type":"product","link":"https:\/\/www.sba.si\/index.php\/izdelek\/atv-prikolica-shark-1500-za-tovor-ali-hlodovino\/","title":{"rendered":"ATV PRIKOLICA SHARK 1500 &#8211; ZA TOVOR ALI HLODOVINO &#8211;"},"content":{"rendered":"","protected":false},"excerpt":{"rendered":"<p>ATV PRIKOLICA &#8211; KOMBINIRANA ZA PREVOZ LESA IN TOVORA &#8211; SKUPAJ Z NAKALDALNO ROKO<\/p>\n<p>SHARK 1500 &#8211; kombinirana tandem prikolica za prevoz razsutega tovora ALI lesa. Ima kar 1420 kg skupne nosilnosti.<br \/>\nVklju\u010duje zabojnik , ki so odpira spredaj in zadaj in je odstranljiv v celoti. \u010ce odstranimo zabojnik dobimo prikolico za prevoz lesa ali drugih podobnih dalj\u0161ih predmetov. Za pomo\u010d pri nakladanju pa lahko uporabimo \u0161e dvi\u017eno roko, ki je premi\u010dna levo in desno. Po potrebi se opremi z elektri\u010dnim ali ro\u010dnim dvi\u017enim vitlom&#8230;<\/p>\n<p>&nbsp;<\/p>\n<p>&nbsp;<\/p>\n","protected":false},"featured_media":2898,"template":"","meta":[],"product_cat":[61,54,73],"product_tag":[],"_links":{"self":[{"href":"https:\/\/www.sba.si\/index.php\/wp-json\/wp\/v2\/product\/2897"}],"collection":[{"href":"https:\/\/www.sba.si\/index.php\/wp-json\/wp\/v2\/product"}],"about":[{"href":"https:\/\/www.sba.si\/index.php\/wp-json\/wp\/v2\/types\/product"}],"version-history":[{"count":1,"href":"https:\/\/www.sba.si\/index.php\/wp-json\/wp\/v2\/product\/2897\/revisions"}],"predecessor-version":[{"id":2903,"href":"https:\/\/www.sba.si\/index.php\/wp-json\/wp\/v2\/product\/2897\/revisions\/2903"}],"wp:featuredmedia":[{"embeddable":true,"href":"https:\/\/www.sba.si\/index.php\/wp-json\/wp\/v2\/media\/2898"}],"wp:attachment":[{"href":"https:\/\/www.sba.si\/index.php\/wp-json\/wp\/v2\/media?parent=2897"}],"wp:term":[{"taxonomy":"product_cat","embeddable":true,"href":"https:\/\/www.sba.si\/index.php\/wp-json\/wp\/v2\/product_cat?post=2897"},{"taxonomy":"product_tag","embeddable":true,"href":"https:\/\/www.sba.si\/index.php\/wp-json\/wp\/v2\/product_tag?post=2897"}],"curies":[{"name":"wp","href":"https:\/\/api.w.org\/{rel}","templated":true}]}}