{"id":2949,"date":"2022-04-19T14:05:13","date_gmt":"2022-04-19T14:05:13","guid":{"rendered":"https:\/\/www.sba.si\/?post_type=product&#038;p=2949"},"modified":"2025-04-11T13:24:02","modified_gmt":"2025-04-11T11:24:02","slug":"atv-mulcer-shark-100-sprednje-vpetje","status":"publish","type":"product","link":"https:\/\/www.sba.si\/index.php\/izdelek\/atv-mulcer-shark-100-sprednje-vpetje\/","title":{"rendered":"ATV mul\u010der SHARK 100 &#8211; sprednje vpetje"},"content":{"rendered":"","protected":false},"excerpt":{"rendered":"<p>ATV mul\u010dar SHARK 100 ponuja 100cm delovne \u0161irine, vi\u0161ina ko\u0161nje pa je nastavljiva med 20 in 100mm. Mul\u010dar poganja priznani agregat Honda GX270 z 9,0HP mo\u010di. Robustna jeklena konstrukcija bo skrbela za dolgoletno uporabo in ko\u0161njo &#8211; mul\u010danje urejenih in neurejenih povr\u0161in.<\/p>\n<p>ATV kosilnica &#8211; mul\u010dar nudi ro\u010dni v\u017eig, med delovanjem pa se gas\/mo\u010d motorja\u00a0nastavlja preko ro\u010dke na konzoli, ki jo namestite na vozilo (ATV ali UTV).<\/p>\n<p>Zaradi robustne izdelave in sprednje monta\u017ee je mul\u010dar primeren tudi za razgibane terene, saj okretnost ni vpra\u0161anje.<\/p>\n<p>Cena ne vklju\u010duje univerzalnega vpetja, ki se namesti pod karoserijo UTV ali ATV vozila. (cena 95,00EUR).<\/p>\n","protected":false},"featured_media":2950,"template":"","meta":[],"product_cat":[54,122],"product_tag":[],"_links":{"self":[{"href":"https:\/\/www.sba.si\/index.php\/wp-json\/wp\/v2\/product\/2949"}],"collection":[{"href":"https:\/\/www.sba.si\/index.php\/wp-json\/wp\/v2\/product"}],"about":[{"href":"https:\/\/www.sba.si\/index.php\/wp-json\/wp\/v2\/types\/product"}],"version-history":[{"count":5,"href":"https:\/\/www.sba.si\/index.php\/wp-json\/wp\/v2\/product\/2949\/revisions"}],"predecessor-version":[{"id":9495,"href":"https:\/\/www.sba.si\/index.php\/wp-json\/wp\/v2\/product\/2949\/revisions\/9495"}],"wp:featuredmedia":[{"embeddable":true,"href":"https:\/\/www.sba.si\/index.php\/wp-json\/wp\/v2\/media\/2950"}],"wp:attachment":[{"href":"https:\/\/www.sba.si\/index.php\/wp-json\/wp\/v2\/media?parent=2949"}],"wp:term":[{"taxonomy":"product_cat","embeddable":true,"href":"https:\/\/www.sba.si\/index.php\/wp-json\/wp\/v2\/product_cat?post=2949"},{"taxonomy":"product_tag","embeddable":true,"href":"https:\/\/www.sba.si\/index.php\/wp-json\/wp\/v2\/product_tag?post=2949"}],"curies":[{"name":"wp","href":"https:\/\/api.w.org\/{rel}","templated":true}]}}