{"id":2965,"date":"2022-04-19T14:25:47","date_gmt":"2022-04-19T14:25:47","guid":{"rendered":"https:\/\/www.sba.si\/?post_type=product&#038;p=2965"},"modified":"2023-08-28T10:11:31","modified_gmt":"2023-08-28T10:11:31","slug":"atv-kosilnica-shark-117cm-16-konjski-motor","status":"publish","type":"product","link":"https:\/\/www.sba.si\/index.php\/izdelek\/atv-kosilnica-shark-117cm-16-konjski-motor\/","title":{"rendered":"ATV kosilnica SHARK 117cm &#8211; 16 konjski motor"},"content":{"rendered":"","protected":false},"excerpt":{"rendered":"<p>Kosilnica je primerna za ATV, UTV, traktorje in ostala vozila. Vpetje je klasi\u010dno kot za prikolico. Kosilnica nudi lastni 16 konjski agregat in delovno \u0161irino ko\u0161nje 117cm. Prednost pred mul\u010darjem je lep\u0161i rez in ni\u017eji rez trave, ve\u010dja okretnost in ko\u0161nja bli\u017eje robu. Agregat na kosilnici ima za enostavno uporabo name\u0161\u010den akumulator, ki omogo\u010da elektri\u010dni zagon.<\/p>\n<p>Vi\u0161ina ko\u0161nje je nastavljiva med 2,5 in 25cm.<\/p>\n<p>\u0160irina reza: 117 cm<br \/>\nVi\u0161ina reza: 2,5-25 cm<br \/>\nUporabna povr\u0161ina: 500-1000 m\u00b2<br \/>\nMotor: 16 KM (elektri\u010dni zagon)<br \/>\nBaterija: 12V \/ 17AH<br \/>\nRezervoar za gorivo: 15L<br \/>\nVle\u010dna spojka: standardna 50 mm vle\u010dna vle\u010dna naprava<br \/>\nVelikost pnevmatik: 4,80\/4,00-8<br \/>\nTe\u017ea: 183 kg<br \/>\nDimenzije: 2050 x 1200 x 780 mm.<\/p>\n","protected":false},"featured_media":2974,"template":"","meta":[],"product_cat":[54,122],"product_tag":[],"_links":{"self":[{"href":"https:\/\/www.sba.si\/index.php\/wp-json\/wp\/v2\/product\/2965"}],"collection":[{"href":"https:\/\/www.sba.si\/index.php\/wp-json\/wp\/v2\/product"}],"about":[{"href":"https:\/\/www.sba.si\/index.php\/wp-json\/wp\/v2\/types\/product"}],"version-history":[{"count":1,"href":"https:\/\/www.sba.si\/index.php\/wp-json\/wp\/v2\/product\/2965\/revisions"}],"predecessor-version":[{"id":2975,"href":"https:\/\/www.sba.si\/index.php\/wp-json\/wp\/v2\/product\/2965\/revisions\/2975"}],"wp:featuredmedia":[{"embeddable":true,"href":"https:\/\/www.sba.si\/index.php\/wp-json\/wp\/v2\/media\/2974"}],"wp:attachment":[{"href":"https:\/\/www.sba.si\/index.php\/wp-json\/wp\/v2\/media?parent=2965"}],"wp:term":[{"taxonomy":"product_cat","embeddable":true,"href":"https:\/\/www.sba.si\/index.php\/wp-json\/wp\/v2\/product_cat?post=2965"},{"taxonomy":"product_tag","embeddable":true,"href":"https:\/\/www.sba.si\/index.php\/wp-json\/wp\/v2\/product_tag?post=2965"}],"curies":[{"name":"wp","href":"https:\/\/api.w.org\/{rel}","templated":true}]}}