{"id":2977,"date":"2022-04-19T14:30:57","date_gmt":"2022-04-19T14:30:57","guid":{"rendered":"https:\/\/www.sba.si\/?post_type=product&#038;p=2977"},"modified":"2025-04-10T14:34:49","modified_gmt":"2025-04-10T12:34:49","slug":"atv-mulcar-shark-120","status":"publish","type":"product","link":"https:\/\/www.sba.si\/index.php\/izdelek\/atv-mulcar-shark-120\/","title":{"rendered":"ATV mul\u010der SHARK 120 &#8211; 14HP Kohler motor"},"content":{"rendered":"","protected":false},"excerpt":{"rendered":"<p>ATV mul\u010der z motorjem Kohler s kar 14 konjskimi mo\u010dmi.<\/p>\n<p>Profesionalna ATV &#8211; UTV kosilnica za mul\u010danje s Kohler Command PRO CH440 &#8211; 14 konjskim motorjem. Za ko\u0161njo in mul\u010danje vzdr\u017eevane trave, zara\u0161\u010dene trave, plevela in druge vegetacije na tratah, ob cestah, za zasebno uporabo ali komunalne storitve.<\/p>\n<p>Lastnosti:<\/p>\n<p>Za vleko zadaj za ATV \/ UTV, avtom ali traktorjem<br \/>\nZasnovana za profesionalno rabo.<br \/>\nNastavljiva vi\u0161ina<br \/>\n\u0160irina reza: 120 cm<br \/>\nTe\u017ea: 235 kg<br \/>\nMotor Kohler COMMAND PRO 14HP.<\/p>\n<p>Profesionalni 4-taktni motor<br \/>\nTip motorja: zra\u010dno hlajen 4-taktni OHV<br \/>\nPremer x Hod: 89 x 69 mm<br \/>\nProstornina: 429 cm3<br \/>\nNeto izhodna mo\u010d: 15,5 kW \/ 14 KM pri 3.600 vrt.\/min<br \/>\nNeto navor: 30,8 Nm pri 2.500 vrt.\/min<br \/>\nKompresijsko razmerje: 8,0 : 1<br \/>\nV\u017eigalni sistem: Digitalni CDI s spremenljivim \u010dasom<br \/>\nSistem mazanja: Splash<br \/>\nSistem regulatorja: centrifugalni masni tip<br \/>\nGorivo: neosvin\u010deno 95 oktanov.<\/p>\n","protected":false},"featured_media":5875,"template":"","meta":[],"product_cat":[54,122],"product_tag":[],"_links":{"self":[{"href":"https:\/\/www.sba.si\/index.php\/wp-json\/wp\/v2\/product\/2977"}],"collection":[{"href":"https:\/\/www.sba.si\/index.php\/wp-json\/wp\/v2\/product"}],"about":[{"href":"https:\/\/www.sba.si\/index.php\/wp-json\/wp\/v2\/types\/product"}],"version-history":[{"count":4,"href":"https:\/\/www.sba.si\/index.php\/wp-json\/wp\/v2\/product\/2977\/revisions"}],"predecessor-version":[{"id":9476,"href":"https:\/\/www.sba.si\/index.php\/wp-json\/wp\/v2\/product\/2977\/revisions\/9476"}],"wp:featuredmedia":[{"embeddable":true,"href":"https:\/\/www.sba.si\/index.php\/wp-json\/wp\/v2\/media\/5875"}],"wp:attachment":[{"href":"https:\/\/www.sba.si\/index.php\/wp-json\/wp\/v2\/media?parent=2977"}],"wp:term":[{"taxonomy":"product_cat","embeddable":true,"href":"https:\/\/www.sba.si\/index.php\/wp-json\/wp\/v2\/product_cat?post=2977"},{"taxonomy":"product_tag","embeddable":true,"href":"https:\/\/www.sba.si\/index.php\/wp-json\/wp\/v2\/product_tag?post=2977"}],"curies":[{"name":"wp","href":"https:\/\/api.w.org\/{rel}","templated":true}]}}