{"id":3612,"date":"2022-06-29T10:44:11","date_gmt":"2022-06-29T08:44:11","guid":{"rendered":"https:\/\/www.sba.si\/?post_type=product&#038;p=3612"},"modified":"2024-09-17T15:34:55","modified_gmt":"2024-09-17T13:34:55","slug":"linhai-570-promax-4x4","status":"publish","type":"product","link":"https:\/\/www.sba.si\/index.php\/izdelek\/linhai-570-promax-4x4\/","title":{"rendered":"LINHAI 570 PROMAX 4&#215;4"},"content":{"rendered":"","protected":false},"excerpt":{"rendered":"<p>Ve\u010d mo\u010di, ve\u010dja hitrost in veliko tehni\u010dnih izbolj\u0161av prina\u0161a Linhai 570 PROMAX s popolnoma novim mo\u010dnej\u0161im motorjem EURO 5 homologacije. Nova lita plati\u0161\u010da \u0161e poudarjajo privla\u010dnost stroja, popolnoma prenovljen digitalni zaslon prikazuje informacije bolj \u010ditljivo in jasno. Prestavna ro\u010dica se zdaj \u0161e bolje prilega va\u0161i roki in omogo\u010da natan\u010dnej\u0161e prestavljanje. Ve\u010dja oddaljenost od tal bistveno izbolj\u0161a prehodnost po te\u017ekih terenih. Podalj\u0161ana medosna razdalja in elektri\u010dni pogon 2&#215;4 \/ 4&#215;4 z elektri\u010dno zaporo diferenciala lahko kos te\u017ekim terenom. Z Odli\u010dnim vodenjem, visoko uporabno vrednostjo in znano vzdr\u017eljivostjo je Linhai 570 PROMAX eden najbolj priljubljenih v srednjem razredu.<\/p>\n<h2><span style=\"font-size: 16px;\"><br \/>\nIn\u0161trumenti in razsvetljava<\/span><\/h2>\n<table>\n<tbody>\n<tr>\n<td>Zaslon:<\/td>\n<td>Digitalni ve\u010dnamenski zaslon s funkcijami: tahometer, merilnik hitrosti, vrtilna frekvenca motorja, \u0161tevec skupnih prevo\u017eenih kilometrov, \u0161tevec delovnih ur, merilnik goriva, diagnosti\u010dna koda napake, ura<\/td>\n<\/tr>\n<tr>\n<td>Kazalniki:<\/td>\n<td>4&#215;4 pogon, vklopljena prestava, pregrevanje motorja, motorno olje, smerne utripalke, osvetlitev<\/td>\n<\/tr>\n<tr>\n<td>Osvetlitev:<\/td>\n<td>\u017earometi za projektorje, dnevne LED lu\u010di, LED smerniki, zadnje in zavorne lu\u010di LED<\/td>\n<\/tr>\n<\/tbody>\n<\/table>\n<h2>Oprema<\/h2>\n<p>Elektri\u010dno nastavljiv pogon 2&#215;4 \/ 4&#215;4 z elektri\u010dno zaklepanjem diferenciala, sprednji za\u0161\u010ditni okvir, jekleni nosilci spredaj in zadaj, dizajnerska aluminijasta plati\u0161\u010da z blagovnimi znamkami pnevmatik, elektri\u010dni vitel z vle\u010dno silo 3000 lbs in daljinskim upravljalnikom, vle\u010dna oprema, za\u0161\u010dita ro\u010dic, lo\u010deni dvignjeni nasloni za noge, dnevne lu\u010di LED, dvojni \u017earometi spredaj, zadnji \/ zavorni \/ smerniki LED, akusti\u010dni smernik, prostor za shranjevanje pod zadnjim nosilcem, adapter za elektri\u010dno napajanje zunanjih naprav.<\/p>\n<p><strong>Barva:\u00a0<\/strong>\u00a0<img title=\"Gloss Black\" src=\"https:\/\/www.linhai-atv.cz\/image\/data\/color-black.png\" alt=\"Bela\" \/><img title=\"Sijajno rde\u010da\" src=\"https:\/\/www.linhai-atv.cz\/image\/data\/red.png\" alt=\"Bela\" \/><img title=\"PESEK\" src=\"https:\/\/www.linhai-atv.cz\/image\/data\/yel02.jpg\" alt=\"\" \/><\/p>\n","protected":false},"featured_media":3622,"template":"","meta":[],"product_cat":[59,60,112],"product_tag":[],"_links":{"self":[{"href":"https:\/\/www.sba.si\/index.php\/wp-json\/wp\/v2\/product\/3612"}],"collection":[{"href":"https:\/\/www.sba.si\/index.php\/wp-json\/wp\/v2\/product"}],"about":[{"href":"https:\/\/www.sba.si\/index.php\/wp-json\/wp\/v2\/types\/product"}],"version-history":[{"count":2,"href":"https:\/\/www.sba.si\/index.php\/wp-json\/wp\/v2\/product\/3612\/revisions"}],"predecessor-version":[{"id":3625,"href":"https:\/\/www.sba.si\/index.php\/wp-json\/wp\/v2\/product\/3612\/revisions\/3625"}],"wp:featuredmedia":[{"embeddable":true,"href":"https:\/\/www.sba.si\/index.php\/wp-json\/wp\/v2\/media\/3622"}],"wp:attachment":[{"href":"https:\/\/www.sba.si\/index.php\/wp-json\/wp\/v2\/media?parent=3612"}],"wp:term":[{"taxonomy":"product_cat","embeddable":true,"href":"https:\/\/www.sba.si\/index.php\/wp-json\/wp\/v2\/product_cat?post=3612"},{"taxonomy":"product_tag","embeddable":true,"href":"https:\/\/www.sba.si\/index.php\/wp-json\/wp\/v2\/product_tag?post=3612"}],"curies":[{"name":"wp","href":"https:\/\/api.w.org\/{rel}","templated":true}]}}