{"id":363,"date":"2022-01-10T17:04:44","date_gmt":"2022-01-10T16:04:44","guid":{"rendered":"https:\/\/www.sba.si\/prenova\/?post_type=product&#038;p=363"},"modified":"2022-01-10T17:09:16","modified_gmt":"2022-01-10T16:09:16","slug":"led-luc-12w","status":"publish","type":"product","link":"https:\/\/www.sba.si\/index.php\/izdelek\/led-luc-12w\/","title":{"rendered":"LED LU\u010c 12W"},"content":{"rendered":"","protected":false},"excerpt":{"rendered":"<p>Univerzalna 12W LED lu\u010d. Led lu\u010d je primerna za ATV, UTV, 4&#215;4 avtomobile, SUV, tovornjake, traktorje, \u010dolne, ve\u010dnamenska vozila itd., 4x3W visoke svetilnosti LED, 900 lm, delovna napetost 9-32V, odporen na vodo in prah, \u017eivljenjska doba 30.000 ur, \u010drna barva.<\/p>\n","protected":false},"featured_media":483,"template":"","meta":[],"product_cat":[54,64,67],"product_tag":[],"_links":{"self":[{"href":"https:\/\/www.sba.si\/index.php\/wp-json\/wp\/v2\/product\/363"}],"collection":[{"href":"https:\/\/www.sba.si\/index.php\/wp-json\/wp\/v2\/product"}],"about":[{"href":"https:\/\/www.sba.si\/index.php\/wp-json\/wp\/v2\/types\/product"}],"version-history":[{"count":0,"href":"https:\/\/www.sba.si\/index.php\/wp-json\/wp\/v2\/product\/363\/revisions"}],"wp:featuredmedia":[{"embeddable":true,"href":"https:\/\/www.sba.si\/index.php\/wp-json\/wp\/v2\/media\/483"}],"wp:attachment":[{"href":"https:\/\/www.sba.si\/index.php\/wp-json\/wp\/v2\/media?parent=363"}],"wp:term":[{"taxonomy":"product_cat","embeddable":true,"href":"https:\/\/www.sba.si\/index.php\/wp-json\/wp\/v2\/product_cat?post=363"},{"taxonomy":"product_tag","embeddable":true,"href":"https:\/\/www.sba.si\/index.php\/wp-json\/wp\/v2\/product_tag?post=363"}],"curies":[{"name":"wp","href":"https:\/\/api.w.org\/{rel}","templated":true}]}}