{"id":364,"date":"2022-01-10T17:04:44","date_gmt":"2022-01-10T16:04:44","guid":{"rendered":"https:\/\/www.sba.si\/prenova\/?post_type=product&#038;p=364"},"modified":"2022-01-10T17:09:17","modified_gmt":"2022-01-10T16:09:17","slug":"led-luc-36w","status":"publish","type":"product","link":"https:\/\/www.sba.si\/index.php\/izdelek\/led-luc-36w\/","title":{"rendered":"LED LU\u010c 36W"},"content":{"rendered":"","protected":false},"excerpt":{"rendered":"<p><strong>\u00a0 <\/strong>Univerzalna 36W LED lu\u010d v dveh vrstah. \u00a0Led lu\u010d je primerna za \u00a0ATV-je, UTV-je, 4&#215;4 avtomobile, SUV, tovornjake, traktorje, \u010dolne, ve\u010dnamenska vozila itd., Dol\u017eina 19cm, 12x3W visoke svetlosti LED CREE moduli, barvna temperatura 6000K, 2520lm , delovna napetost 9-32V, odporna na vodo\u00a0 in prah, \u017eivljenjska doba 30.000 ur, \u010drna barva<\/p>\n","protected":false},"featured_media":484,"template":"","meta":[],"product_cat":[54,64,67],"product_tag":[],"_links":{"self":[{"href":"https:\/\/www.sba.si\/index.php\/wp-json\/wp\/v2\/product\/364"}],"collection":[{"href":"https:\/\/www.sba.si\/index.php\/wp-json\/wp\/v2\/product"}],"about":[{"href":"https:\/\/www.sba.si\/index.php\/wp-json\/wp\/v2\/types\/product"}],"version-history":[{"count":0,"href":"https:\/\/www.sba.si\/index.php\/wp-json\/wp\/v2\/product\/364\/revisions"}],"wp:featuredmedia":[{"embeddable":true,"href":"https:\/\/www.sba.si\/index.php\/wp-json\/wp\/v2\/media\/484"}],"wp:attachment":[{"href":"https:\/\/www.sba.si\/index.php\/wp-json\/wp\/v2\/media?parent=364"}],"wp:term":[{"taxonomy":"product_cat","embeddable":true,"href":"https:\/\/www.sba.si\/index.php\/wp-json\/wp\/v2\/product_cat?post=364"},{"taxonomy":"product_tag","embeddable":true,"href":"https:\/\/www.sba.si\/index.php\/wp-json\/wp\/v2\/product_tag?post=364"}],"curies":[{"name":"wp","href":"https:\/\/api.w.org\/{rel}","templated":true}]}}