{"id":365,"date":"2022-01-10T17:04:44","date_gmt":"2022-01-10T16:04:44","guid":{"rendered":"https:\/\/www.sba.si\/prenova\/?post_type=product&#038;p=365"},"modified":"2022-01-10T17:09:19","modified_gmt":"2022-01-10T16:09:19","slug":"led-luc-60w","status":"publish","type":"product","link":"https:\/\/www.sba.si\/index.php\/izdelek\/led-luc-60w\/","title":{"rendered":"LED LU\u010c 60W"},"content":{"rendered":"","protected":false},"excerpt":{"rendered":"<p>Univerzalna \u00a060W \u00a0LED lu\u010d je primerna \u00a0za avtomobile, ATV-je, UTV-je , 4&#215;4 avtomobile,\u00a0 SUV, tovornjake, traktorje, \u010dolne, ve\u010dnamenska vozila itd., Dol\u017eina 33cm, visoka svetlost 12x5W, 4 500lm, delovna napetost 9-32V, odporna na vodo\u00a0 in \u00a0prah, \u017eivljenjska doba 30.000 ur, \u010drna barva.<\/p>\n","protected":false},"featured_media":485,"template":"","meta":[],"product_cat":[54,64,67],"product_tag":[],"_links":{"self":[{"href":"https:\/\/www.sba.si\/index.php\/wp-json\/wp\/v2\/product\/365"}],"collection":[{"href":"https:\/\/www.sba.si\/index.php\/wp-json\/wp\/v2\/product"}],"about":[{"href":"https:\/\/www.sba.si\/index.php\/wp-json\/wp\/v2\/types\/product"}],"version-history":[{"count":0,"href":"https:\/\/www.sba.si\/index.php\/wp-json\/wp\/v2\/product\/365\/revisions"}],"wp:featuredmedia":[{"embeddable":true,"href":"https:\/\/www.sba.si\/index.php\/wp-json\/wp\/v2\/media\/485"}],"wp:attachment":[{"href":"https:\/\/www.sba.si\/index.php\/wp-json\/wp\/v2\/media?parent=365"}],"wp:term":[{"taxonomy":"product_cat","embeddable":true,"href":"https:\/\/www.sba.si\/index.php\/wp-json\/wp\/v2\/product_cat?post=365"},{"taxonomy":"product_tag","embeddable":true,"href":"https:\/\/www.sba.si\/index.php\/wp-json\/wp\/v2\/product_tag?post=365"}],"curies":[{"name":"wp","href":"https:\/\/api.w.org\/{rel}","templated":true}]}}