{"id":366,"date":"2022-01-10T17:04:45","date_gmt":"2022-01-10T16:04:45","guid":{"rendered":"https:\/\/www.sba.si\/prenova\/?post_type=product&#038;p=366"},"modified":"2022-01-10T17:09:21","modified_gmt":"2022-01-10T16:09:21","slug":"led-luc-72w","status":"publish","type":"product","link":"https:\/\/www.sba.si\/index.php\/izdelek\/led-luc-72w\/","title":{"rendered":"LED LU\u010c 72W"},"content":{"rendered":"","protected":false},"excerpt":{"rendered":"<p>72W univerzalna LED lu\u010d v dveh vrstah.\u00a0 Led lu\u010d je primerna za za ATV-je, UTV-je, \u00a04&#215;4 avtomobile, SUV, tovornjake, traktorje, \u010dolne, ve\u010dnamenska vozila itd., Dol\u017eine 34cm, 24x3W visoka svetilnost, 5040lm , delovna napetost 9-32V, odporna na vodo\u00a0 in\u00a0 prah, \u00a030.000 ur \u017eivljenjska doba, \u010drne barve.<\/p>\n","protected":false},"featured_media":486,"template":"","meta":[],"product_cat":[61,54,64,67],"product_tag":[],"_links":{"self":[{"href":"https:\/\/www.sba.si\/index.php\/wp-json\/wp\/v2\/product\/366"}],"collection":[{"href":"https:\/\/www.sba.si\/index.php\/wp-json\/wp\/v2\/product"}],"about":[{"href":"https:\/\/www.sba.si\/index.php\/wp-json\/wp\/v2\/types\/product"}],"version-history":[{"count":0,"href":"https:\/\/www.sba.si\/index.php\/wp-json\/wp\/v2\/product\/366\/revisions"}],"wp:featuredmedia":[{"embeddable":true,"href":"https:\/\/www.sba.si\/index.php\/wp-json\/wp\/v2\/media\/486"}],"wp:attachment":[{"href":"https:\/\/www.sba.si\/index.php\/wp-json\/wp\/v2\/media?parent=366"}],"wp:term":[{"taxonomy":"product_cat","embeddable":true,"href":"https:\/\/www.sba.si\/index.php\/wp-json\/wp\/v2\/product_cat?post=366"},{"taxonomy":"product_tag","embeddable":true,"href":"https:\/\/www.sba.si\/index.php\/wp-json\/wp\/v2\/product_tag?post=366"}],"curies":[{"name":"wp","href":"https:\/\/api.w.org\/{rel}","templated":true}]}}