{"id":367,"date":"2022-01-10T17:04:45","date_gmt":"2022-01-10T16:04:45","guid":{"rendered":"https:\/\/www.sba.si\/prenova\/?post_type=product&#038;p=367"},"modified":"2022-01-10T17:09:22","modified_gmt":"2022-01-10T16:09:22","slug":"led-luc-90w","status":"publish","type":"product","link":"https:\/\/www.sba.si\/index.php\/izdelek\/led-luc-90w\/","title":{"rendered":"LED LU\u010c 90W"},"content":{"rendered":"","protected":false},"excerpt":{"rendered":"<p>90W univerzalna LED lu\u010d v dveh vrstah.\u00a0 Led lu\u010d je primerna za za ATV-je, UTV-je,\u00a0 4&#215;4 avtomobile, SUV, tovornjake, traktorje, \u010dolne, ve\u010dnamenska vozila itd. Dol\u017eine 51cm, 18x5W visoko svetilnost, 6750 lm, delovna napetost 9-32V, odporna na vodo\u00a0 in\u00a0 prah , 30.000 ur \u017eivljenjske dobe, \u010drne barve.<\/p>\n","protected":false},"featured_media":487,"template":"","meta":[],"product_cat":[54,64,67],"product_tag":[],"_links":{"self":[{"href":"https:\/\/www.sba.si\/index.php\/wp-json\/wp\/v2\/product\/367"}],"collection":[{"href":"https:\/\/www.sba.si\/index.php\/wp-json\/wp\/v2\/product"}],"about":[{"href":"https:\/\/www.sba.si\/index.php\/wp-json\/wp\/v2\/types\/product"}],"version-history":[{"count":0,"href":"https:\/\/www.sba.si\/index.php\/wp-json\/wp\/v2\/product\/367\/revisions"}],"wp:featuredmedia":[{"embeddable":true,"href":"https:\/\/www.sba.si\/index.php\/wp-json\/wp\/v2\/media\/487"}],"wp:attachment":[{"href":"https:\/\/www.sba.si\/index.php\/wp-json\/wp\/v2\/media?parent=367"}],"wp:term":[{"taxonomy":"product_cat","embeddable":true,"href":"https:\/\/www.sba.si\/index.php\/wp-json\/wp\/v2\/product_cat?post=367"},{"taxonomy":"product_tag","embeddable":true,"href":"https:\/\/www.sba.si\/index.php\/wp-json\/wp\/v2\/product_tag?post=367"}],"curies":[{"name":"wp","href":"https:\/\/api.w.org\/{rel}","templated":true}]}}