{"id":3983,"date":"2022-08-01T10:38:08","date_gmt":"2022-08-01T08:38:08","guid":{"rendered":"https:\/\/www.sba.si\/?post_type=product&#038;p=3983"},"modified":"2026-01-29T17:06:26","modified_gmt":"2026-01-29T16:06:26","slug":"cf-moto-x5-520l-eps","status":"publish","type":"product","link":"https:\/\/www.sba.si\/index.php\/izdelek\/cf-moto-x5-520l-eps\/","title":{"rendered":"CFMOTO X5 520L EPS EURO5 &#8217;25"},"content":{"rendered":"","protected":false},"excerpt":{"rendered":"<p>CFMOTO X5 520L EPS nudi popolnoma novo karoserijo in najnovej\u0161o tehnologijo. Kvalitetna izdelava in izjemne vozne lastnosti, zdru\u017eene s fleksibilnim 500ccm agregatom bodo navdu\u0161ile vsakogar tako na terenu kot tudi na cesti. CF MOTO X5 nudi tudi servo krmilo za udobno in enostavno vo\u017enjo. Za izjemno varnost in uporabnost poskrbi podalj\u0161ana karoserija, ki nudi tudi udobno sedi\u0161\u010de za 2 osebi.\u00a0 CFMOTO X5 520L EPS je\u00a0 popolno opremljen in ponuja vse, kar je potrebno za delo in u\u017eitek. Pri pogonih boste lahko izbrali med vsemi opcijami: zadnji pogon 2&#215;4, 4&#215;4 pogon pa tudi zapora zadnjega in sprednjega diferenciala je na voljo. Od opreme je serijsko vklju\u010deno \u017ee vse potrebno: mo\u010dan vitel, vle\u010dna kljuka s priklopom za elektriko, najnovej\u0161i menjalnik-variomat (CVtech) z odli\u010dno motorno zavoro, 12 col aluminijasta plati\u0161\u010da skupaj\u00a0 s terenskimi\u00a0 gumami , podalj\u0161ana medosna razdalja, naslon in dr\u017eala za sopotnika, za\u0161\u010dita za roke voznika, velik in pregleden zaslon, LED \u017earometi spredaj in zadaj.<\/p>\n<p>Barve: oran\u017ena, rde\u010da, modra.<\/p>\n<p><img class=\"alignleft wp-image-7616\" src=\"https:\/\/www.sba.si\/wp-content\/uploads\/2022\/08\/share-Phone-300x124.jpg\" alt=\"\" width=\"150\" height=\"62\" srcset=\"https:\/\/www.sba.si\/wp-content\/uploads\/2022\/08\/share-Phone-300x124.jpg 300w, https:\/\/www.sba.si\/wp-content\/uploads\/2022\/08\/share-Phone-64x26.jpg 64w, https:\/\/www.sba.si\/wp-content\/uploads\/2022\/08\/share-Phone.jpg 569w\" sizes=\"(max-width: 150px) 100vw, 150px\" \/><br \/>\nEnostavna pla\u010dila na obroke.<\/p>\n","protected":false},"featured_media":6422,"template":"","meta":[],"product_cat":[59,68,111],"product_tag":[],"_links":{"self":[{"href":"https:\/\/www.sba.si\/index.php\/wp-json\/wp\/v2\/product\/3983"}],"collection":[{"href":"https:\/\/www.sba.si\/index.php\/wp-json\/wp\/v2\/product"}],"about":[{"href":"https:\/\/www.sba.si\/index.php\/wp-json\/wp\/v2\/types\/product"}],"version-history":[{"count":13,"href":"https:\/\/www.sba.si\/index.php\/wp-json\/wp\/v2\/product\/3983\/revisions"}],"predecessor-version":[{"id":11159,"href":"https:\/\/www.sba.si\/index.php\/wp-json\/wp\/v2\/product\/3983\/revisions\/11159"}],"wp:featuredmedia":[{"embeddable":true,"href":"https:\/\/www.sba.si\/index.php\/wp-json\/wp\/v2\/media\/6422"}],"wp:attachment":[{"href":"https:\/\/www.sba.si\/index.php\/wp-json\/wp\/v2\/media?parent=3983"}],"wp:term":[{"taxonomy":"product_cat","embeddable":true,"href":"https:\/\/www.sba.si\/index.php\/wp-json\/wp\/v2\/product_cat?post=3983"},{"taxonomy":"product_tag","embeddable":true,"href":"https:\/\/www.sba.si\/index.php\/wp-json\/wp\/v2\/product_tag?post=3983"}],"curies":[{"name":"wp","href":"https:\/\/api.w.org\/{rel}","templated":true}]}}