{"id":3990,"date":"2022-08-01T10:49:25","date_gmt":"2022-08-01T08:49:25","guid":{"rendered":"https:\/\/www.sba.si\/?post_type=product&#038;p=3990"},"modified":"2026-01-08T09:26:32","modified_gmt":"2026-01-08T08:26:32","slug":"cf-moto-x4-450l","status":"publish","type":"product","link":"https:\/\/www.sba.si\/index.php\/izdelek\/cf-moto-x4-450l\/","title":{"rendered":"CFMOTO X4 450L EURO 5"},"content":{"rendered":"","protected":false},"excerpt":{"rendered":"<p>Nova oblika , kvalitetna izdelava in vozne lastnosti , ki vas navdu\u0161ijo tako na terenu kot tudi na cesti. CF MOTO X4 , ki je nadomestil CFMOTO 450L s svojo podalj\u0161ano \u0161asijo nudi veliko prostora za udobno in varno vo\u017enjo v dvoje. Je \u00a0popolno opremljen in ponuja vse, kar je potrebno za \u00a0udobno\u00a0 vo\u017enjo in dobre \u00a0zmogljivosti \u00a0ima 2\u00d74 ali 4\u00d74 , 100% zapora zadnjega in sprednjega\u00a0 diferenciala, mo\u010dan vitel, homologirano vle\u010dno napravo s priklopom za elektriko, CV- tech sklopko (made in Canada) z odli\u010dno motorno zavoro, 12 col aluminijasta plati\u0161\u010da skupaj\u00a0 s terenskimi\u00a0 gumami , dalj\u0161o medosno razdaljo, naslon \u00a0in dr\u017eala za sopotnika.<\/p>\n<p>Barve: oran\u017ena, modra, camo, \u010drna<\/p>\n","protected":false},"featured_media":5749,"template":"","meta":[],"product_cat":[59,68,111],"product_tag":[],"_links":{"self":[{"href":"https:\/\/www.sba.si\/index.php\/wp-json\/wp\/v2\/product\/3990"}],"collection":[{"href":"https:\/\/www.sba.si\/index.php\/wp-json\/wp\/v2\/product"}],"about":[{"href":"https:\/\/www.sba.si\/index.php\/wp-json\/wp\/v2\/types\/product"}],"version-history":[{"count":6,"href":"https:\/\/www.sba.si\/index.php\/wp-json\/wp\/v2\/product\/3990\/revisions"}],"predecessor-version":[{"id":8568,"href":"https:\/\/www.sba.si\/index.php\/wp-json\/wp\/v2\/product\/3990\/revisions\/8568"}],"wp:featuredmedia":[{"embeddable":true,"href":"https:\/\/www.sba.si\/index.php\/wp-json\/wp\/v2\/media\/5749"}],"wp:attachment":[{"href":"https:\/\/www.sba.si\/index.php\/wp-json\/wp\/v2\/media?parent=3990"}],"wp:term":[{"taxonomy":"product_cat","embeddable":true,"href":"https:\/\/www.sba.si\/index.php\/wp-json\/wp\/v2\/product_cat?post=3990"},{"taxonomy":"product_tag","embeddable":true,"href":"https:\/\/www.sba.si\/index.php\/wp-json\/wp\/v2\/product_tag?post=3990"}],"curies":[{"name":"wp","href":"https:\/\/api.w.org\/{rel}","templated":true}]}}