{"id":3996,"date":"2022-08-01T11:29:39","date_gmt":"2022-08-01T11:29:39","guid":{"rendered":"https:\/\/www.sba.si\/?post_type=product&#038;p=3996"},"modified":"2025-02-26T10:13:36","modified_gmt":"2025-02-26T09:13:36","slug":"cf-moto-x4-450l-traktor","status":"publish","type":"product","link":"https:\/\/www.sba.si\/index.php\/izdelek\/cf-moto-x4-450l-traktor\/","title":{"rendered":"CFMOTO X4  450L TRAKTOR"},"content":{"rendered":"","protected":false},"excerpt":{"rendered":"<p>CF MOTO X4 450L je najbolj prodajen model CF MOTO in najbolj prodajen model v svojem razredu. Odlikuje ga zelo lep povsem nov\u00a0 desigen , kvalitetna izdelava in vozne lastnosti , ki vas navdu\u0161ijo tako na terenu kot tudi na cesti.CF MOTO X4 450L je popolno opremljen in ponuja vse, kar je potrebno za dobre \u00a0zmogljivosti, \u00a0ima 2\u00d74 ali 4\u00d74 , 100% zapora\u00a0 sprednjega\u00a0 diferenciala, mo\u010dan vitel, \u00a0homologirano vle\u010dno napravo s priklopom za elektriko, CV- tech sklopko (made in Canada) z odli\u010dno motorno zavoro, 12 col alu plati\u0161\u010da plati\u0161\u010da skupaj\u00a0 s terenskimi\u00a0 gumami.<\/p>\n","protected":false},"featured_media":3997,"template":"","meta":[],"product_cat":[59,68,115],"product_tag":[],"_links":{"self":[{"href":"https:\/\/www.sba.si\/index.php\/wp-json\/wp\/v2\/product\/3996"}],"collection":[{"href":"https:\/\/www.sba.si\/index.php\/wp-json\/wp\/v2\/product"}],"about":[{"href":"https:\/\/www.sba.si\/index.php\/wp-json\/wp\/v2\/types\/product"}],"version-history":[{"count":2,"href":"https:\/\/www.sba.si\/index.php\/wp-json\/wp\/v2\/product\/3996\/revisions"}],"predecessor-version":[{"id":8566,"href":"https:\/\/www.sba.si\/index.php\/wp-json\/wp\/v2\/product\/3996\/revisions\/8566"}],"wp:featuredmedia":[{"embeddable":true,"href":"https:\/\/www.sba.si\/index.php\/wp-json\/wp\/v2\/media\/3997"}],"wp:attachment":[{"href":"https:\/\/www.sba.si\/index.php\/wp-json\/wp\/v2\/media?parent=3996"}],"wp:term":[{"taxonomy":"product_cat","embeddable":true,"href":"https:\/\/www.sba.si\/index.php\/wp-json\/wp\/v2\/product_cat?post=3996"},{"taxonomy":"product_tag","embeddable":true,"href":"https:\/\/www.sba.si\/index.php\/wp-json\/wp\/v2\/product_tag?post=3996"}],"curies":[{"name":"wp","href":"https:\/\/api.w.org\/{rel}","templated":true}]}}