{"id":4270,"date":"2022-08-28T12:32:59","date_gmt":"2022-08-28T12:32:59","guid":{"rendered":"https:\/\/www.sba.si\/?post_type=product&#038;p=4270"},"modified":"2022-08-28T12:33:11","modified_gmt":"2022-08-28T12:33:11","slug":"buldog-b3035-26x11x14","status":"publish","type":"product","link":"https:\/\/www.sba.si\/index.php\/izdelek\/buldog-b3035-26x11x14\/","title":{"rendered":"BULDOG B3035 &#8211; 26x11x14"},"content":{"rendered":"","protected":false},"excerpt":{"rendered":"<p>ATV PNEVMATIKA BULDOG B3035<br \/>\nZELO KVALITETNA GUMA ZA CESTO IN TEREN<\/p>\n<p>25X8X12 SPREDNJA &#8211; AKCIJSKA CENA &#8211; SAMO 89\u20ac<br \/>\nREDNA CENA &#8211; JE 103\u20ac<br \/>\n25X10X12 ZADNJA &#8211; AKCIJSKA CENA &#8211; SAMO 100\u20ac<br \/>\nREDNA CENA &#8211; JE 126\u20ac<br \/>\nCENA KOMPLETA SAMO- 370EUR<\/p>\n<p>Mo\u017enost po\u0161iljanja po po\u0161ti<\/p>\n<p>26X9X12 SPREDNJA &#8211; AKCIJSKA CENA &#8211; SAMO 105\u20ac<br \/>\nREDNA CENA &#8211; JE 123\u20ac<br \/>\n26X11X12 ZADNJA &#8211; AKCIJSKA CENA &#8211; SAMO 115\u20ac<br \/>\nREDNA CENA &#8211; JE 148\u20ac<br \/>\nCENA KOMPLETA SAMO- 430EUR<\/p>\n<p>26X9X14 SPREDNJA &#8211; AKCIJSKA CENA &#8211; SAMO 108\u20ac<br \/>\nREDNA CENA &#8211; JE 123\u20ac<br \/>\n26X11X14 ZADNJA &#8211; AKCIJSKA CENA &#8211; SAMO 115\u20ac<br \/>\nREDNA CENA &#8211; JE 148\u20ac<br \/>\nCENA KOMPLETA SAMO- 440EUR<\/p>\n<p>Najbolj robustna pnevmatika 4&#215;4 ATV\/UTV doslej, za najte\u017eje in najzahtevnje\u0161e uporabe, gumena zmes s podalj\u0161ano \u017eivljenjsko dobo, prekrivanje tekalne plasti, predvidljiva vo\u017enja, stopni\u010dasti u\u0161esi, napredna zasnova karkase. Homologiran za cestni promet (E4).<\/p>\n<p>Lastnosti:<\/p>\n<p>Za najzahtevnej\u0161e in najte\u017eje ATV\/UTV aplikacije<br \/>\nNapredna zasnova karkase zagotavlja najudobnej\u0161o pnevmatiko, skladno s progo<br \/>\nDodatna super velika u\u0161esa \u0161\u010ditijo bo\u010dnico in zagotavljajo dodaten oprijem in odli\u010den oprijem med zavijanjem<br \/>\nGumijasta zmes s podalj\u0161ano \u017eivljenjsko dobo in inovativen prekrivajo\u010di se vzorec tekalne plasti<br \/>\nGladka, predvidljiva vo\u017enja in lastnosti po\u010dasne obrabe.<\/p>\n<p>&nbsp;<\/p>\n","protected":false},"featured_media":2730,"template":"","meta":[],"product_cat":[61,75,87,89],"product_tag":[],"_links":{"self":[{"href":"https:\/\/www.sba.si\/index.php\/wp-json\/wp\/v2\/product\/4270"}],"collection":[{"href":"https:\/\/www.sba.si\/index.php\/wp-json\/wp\/v2\/product"}],"about":[{"href":"https:\/\/www.sba.si\/index.php\/wp-json\/wp\/v2\/types\/product"}],"version-history":[{"count":1,"href":"https:\/\/www.sba.si\/index.php\/wp-json\/wp\/v2\/product\/4270\/revisions"}],"predecessor-version":[{"id":4271,"href":"https:\/\/www.sba.si\/index.php\/wp-json\/wp\/v2\/product\/4270\/revisions\/4271"}],"wp:featuredmedia":[{"embeddable":true,"href":"https:\/\/www.sba.si\/index.php\/wp-json\/wp\/v2\/media\/2730"}],"wp:attachment":[{"href":"https:\/\/www.sba.si\/index.php\/wp-json\/wp\/v2\/media?parent=4270"}],"wp:term":[{"taxonomy":"product_cat","embeddable":true,"href":"https:\/\/www.sba.si\/index.php\/wp-json\/wp\/v2\/product_cat?post=4270"},{"taxonomy":"product_tag","embeddable":true,"href":"https:\/\/www.sba.si\/index.php\/wp-json\/wp\/v2\/product_tag?post=4270"}],"curies":[{"name":"wp","href":"https:\/\/api.w.org\/{rel}","templated":true}]}}