{"id":4281,"date":"2022-08-28T13:44:04","date_gmt":"2022-08-28T13:44:04","guid":{"rendered":"https:\/\/www.sba.si\/?post_type=product&#038;p=4281"},"modified":"2022-08-28T13:44:05","modified_gmt":"2022-08-28T13:44:05","slug":"buldog-b350-25x10x12","status":"publish","type":"product","link":"https:\/\/www.sba.si\/index.php\/izdelek\/buldog-b350-25x10x12\/","title":{"rendered":"BULDOG B350 25x10x12"},"content":{"rendered":"","protected":false},"excerpt":{"rendered":"<p>ATV PNEVMATIKA BULDOG B350<br \/>\nZELO KVALITETNA\u00a0 GROBA TERENSKA GUMA<\/p>\n<p>25X8X12 SPREDNJA &#8211; AKCIJSKA CENA &#8211; SAMO 83\u20ac<br \/>\nREDNA CENA &#8211; JE 102\u20ac<br \/>\n25X10X12 ZADNJA &#8211; AKCIJSKA CENA &#8211; SAMO 90\u20ac<br \/>\nREDNA CENA &#8211; JE 110\u20ac<br \/>\nCENA KOMPLETA SAMO- 350EUR<\/p>\n<p>Mo\u017enost po\u0161iljanja po po\u0161ti<\/p>\n<p>26X9X12 SPREDNJA &#8211; AKCIJSKA CENA &#8211; SAMO 98\u20ac<br \/>\nREDNA CENA &#8211; JE 123\u20ac<br \/>\n26X11X12 ZADNJA &#8211; AKCIJSKA CENA &#8211; SAMO 115\u20ac<br \/>\nREDNA CENA &#8211; JE 148\u20ac<br \/>\nCENA KOMPLETA SAMO- 426EUR<\/p>\n<p>26X8X14 SPREDNJA &#8211; AKCIJSKA CENA &#8211; SAMO 95\u20ac<br \/>\nREDNA CENA &#8211; JE 119\u20ac<br \/>\n26X10X14 ZADNJA &#8211; AKCIJSKA CENA &#8211; SAMO 109\u20ac<br \/>\nREDNA CENA &#8211; JE 135\u20ac<br \/>\nCENA KOMPLETA SAMO- 399EUR<\/p>\n<p>27X9X14 SPREDNJA &#8211; AKCIJSKA CENA &#8211; SAMO 109\u20ac<br \/>\nREDNA CENA &#8211; JE 129\u20ac<br \/>\n27X11X14 ZADNJA &#8211; AKCIJSKA CENA &#8211; SAMO 119\u20ac<br \/>\nREDNA CENA &#8211; JE 153\u20ac<br \/>\nCENA KOMPLETA SAMO- 464EUR<\/p>\n<p>Pnevmatika za vse terene ATV\/UTV, groba terenska &#8211; uporabna neusmerjena tekalna plast dobra na vseh podlagah, 6-slojna ocena, odli\u010dne samo\u010distilne sposobnosti, izjemno dobra nosilnost, dostopna cena, homologiran za cestni promet (E4)<\/p>\n<p>Lastnosti:<\/p>\n<p>Za najzahtevnej\u0161e in najte\u017eje ATV\/UTV vo\u017enje<br \/>\nNapredna zasnova karkase zagotavlja najudobnej\u0161o pnevmatiko, skladno s progo<br \/>\nDodatna super velika u\u0161esa \u0161\u010ditijo bo\u010dnico in zagotavljajo dodaten oprijem in odli\u010den oprijem med zavijanjem<br \/>\nGumijasta zmes s podalj\u0161ano \u017eivljenjsko dobo in inovativen prekrivajo\u010di se vzorec tekalne plasti<br \/>\nGladka, predvidljiva vo\u017enja in lastnosti po\u010dasne obrabe..<\/p>\n<p>&nbsp;<\/p>\n","protected":false},"featured_media":4276,"template":"","meta":[],"product_cat":[61,75,87,88],"product_tag":[],"_links":{"self":[{"href":"https:\/\/www.sba.si\/index.php\/wp-json\/wp\/v2\/product\/4281"}],"collection":[{"href":"https:\/\/www.sba.si\/index.php\/wp-json\/wp\/v2\/product"}],"about":[{"href":"https:\/\/www.sba.si\/index.php\/wp-json\/wp\/v2\/types\/product"}],"version-history":[{"count":2,"href":"https:\/\/www.sba.si\/index.php\/wp-json\/wp\/v2\/product\/4281\/revisions"}],"predecessor-version":[{"id":6035,"href":"https:\/\/www.sba.si\/index.php\/wp-json\/wp\/v2\/product\/4281\/revisions\/6035"}],"wp:featuredmedia":[{"embeddable":true,"href":"https:\/\/www.sba.si\/index.php\/wp-json\/wp\/v2\/media\/4276"}],"wp:attachment":[{"href":"https:\/\/www.sba.si\/index.php\/wp-json\/wp\/v2\/media?parent=4281"}],"wp:term":[{"taxonomy":"product_cat","embeddable":true,"href":"https:\/\/www.sba.si\/index.php\/wp-json\/wp\/v2\/product_cat?post=4281"},{"taxonomy":"product_tag","embeddable":true,"href":"https:\/\/www.sba.si\/index.php\/wp-json\/wp\/v2\/product_tag?post=4281"}],"curies":[{"name":"wp","href":"https:\/\/api.w.org\/{rel}","templated":true}]}}