{"id":436,"date":"2022-01-10T17:07:06","date_gmt":"2022-01-10T16:07:06","guid":{"rendered":"https:\/\/www.sba.si\/prenova\/?post_type=product&#038;p=436"},"modified":"2022-01-10T17:10:20","modified_gmt":"2022-01-10T16:10:20","slug":"arb-skripec-6-13mm","status":"publish","type":"product","link":"https:\/\/www.sba.si\/index.php\/izdelek\/arb-skripec-6-13mm\/","title":{"rendered":"ARB \u0161kripec, 6-13mm, <17.5t"},"content":{"rendered":"","protected":false},"excerpt":{"rendered":"<p>ARB \u0161kripec, 6-13mm, &lt;17.5t, \u0161e posebno lahek, tehta le 2.4 kg, ne potrebuje podmazovanja.<\/p>\n","protected":false},"featured_media":530,"template":"","meta":[],"product_cat":[54,69],"product_tag":[],"_links":{"self":[{"href":"https:\/\/www.sba.si\/index.php\/wp-json\/wp\/v2\/product\/436"}],"collection":[{"href":"https:\/\/www.sba.si\/index.php\/wp-json\/wp\/v2\/product"}],"about":[{"href":"https:\/\/www.sba.si\/index.php\/wp-json\/wp\/v2\/types\/product"}],"version-history":[{"count":0,"href":"https:\/\/www.sba.si\/index.php\/wp-json\/wp\/v2\/product\/436\/revisions"}],"wp:featuredmedia":[{"embeddable":true,"href":"https:\/\/www.sba.si\/index.php\/wp-json\/wp\/v2\/media\/530"}],"wp:attachment":[{"href":"https:\/\/www.sba.si\/index.php\/wp-json\/wp\/v2\/media?parent=436"}],"wp:term":[{"taxonomy":"product_cat","embeddable":true,"href":"https:\/\/www.sba.si\/index.php\/wp-json\/wp\/v2\/product_cat?post=436"},{"taxonomy":"product_tag","embeddable":true,"href":"https:\/\/www.sba.si\/index.php\/wp-json\/wp\/v2\/product_tag?post=436"}],"curies":[{"name":"wp","href":"https:\/\/api.w.org\/{rel}","templated":true}]}}