{"id":449,"date":"2022-01-10T17:07:32","date_gmt":"2022-01-10T16:07:32","guid":{"rendered":"https:\/\/www.sba.si\/prenova\/?post_type=product&#038;p=449"},"modified":"2022-01-10T17:10:32","modified_gmt":"2022-01-10T16:10:32","slug":"valjcki-5000-krom","status":"publish","type":"product","link":"https:\/\/www.sba.si\/index.php\/izdelek\/valjcki-5000-krom\/","title":{"rendered":"valj\u010dki 5000, krom"},"content":{"rendered":"","protected":false},"excerpt":{"rendered":"<p>Za\u00a0vodenje pletenic vitlov z oznako od 5.000 &#8211;\u00a0 6.000 lbs ( z vle\u010dno silo od 2.250\u00a0&#8211; 2.700 kg), kromirani valj\u010dki, \u010drno ohi\u0161je.<\/p>\n","protected":false},"featured_media":545,"template":"","meta":[],"product_cat":[54,69],"product_tag":[],"_links":{"self":[{"href":"https:\/\/www.sba.si\/index.php\/wp-json\/wp\/v2\/product\/449"}],"collection":[{"href":"https:\/\/www.sba.si\/index.php\/wp-json\/wp\/v2\/product"}],"about":[{"href":"https:\/\/www.sba.si\/index.php\/wp-json\/wp\/v2\/types\/product"}],"version-history":[{"count":0,"href":"https:\/\/www.sba.si\/index.php\/wp-json\/wp\/v2\/product\/449\/revisions"}],"wp:featuredmedia":[{"embeddable":true,"href":"https:\/\/www.sba.si\/index.php\/wp-json\/wp\/v2\/media\/545"}],"wp:attachment":[{"href":"https:\/\/www.sba.si\/index.php\/wp-json\/wp\/v2\/media?parent=449"}],"wp:term":[{"taxonomy":"product_cat","embeddable":true,"href":"https:\/\/www.sba.si\/index.php\/wp-json\/wp\/v2\/product_cat?post=449"},{"taxonomy":"product_tag","embeddable":true,"href":"https:\/\/www.sba.si\/index.php\/wp-json\/wp\/v2\/product_tag?post=449"}],"curies":[{"name":"wp","href":"https:\/\/api.w.org\/{rel}","templated":true}]}}