{"id":455,"date":"2022-01-10T17:08:04","date_gmt":"2022-01-10T16:08:04","guid":{"rendered":"https:\/\/www.sba.si\/prenova\/?post_type=product&#038;p=455"},"modified":"2022-01-10T17:10:33","modified_gmt":"2022-01-10T16:10:33","slug":"daljinsko-upravljanje-za-vitel-12v","status":"publish","type":"product","link":"https:\/\/www.sba.si\/index.php\/izdelek\/daljinsko-upravljanje-za-vitel-12v\/","title":{"rendered":"Daljinsko upravljanje  za vitel 12V"},"content":{"rendered":"","protected":false},"excerpt":{"rendered":"<p>Daljinsko upravljanje za vitel, 12V, domet 50m .<\/p>\n<p>Komandni modul se priklju\u010di direktno\u00a0v hitri konektor na relejih.<\/p>\n<p>Cel sistem je mo\u017eno zato enostavno odstraniti in naprej uporabljati komandno ro\u010dko s kablom. Prav tako se sistem lahko pospravi tako da med neuporabo ni pod napetostjo s \u010dimer se\u00a0izni\u010di mo\u017enost nenamerne uporabe.<\/p>\n","protected":false},"featured_media":546,"template":"","meta":[],"product_cat":[54,69],"product_tag":[],"_links":{"self":[{"href":"https:\/\/www.sba.si\/index.php\/wp-json\/wp\/v2\/product\/455"}],"collection":[{"href":"https:\/\/www.sba.si\/index.php\/wp-json\/wp\/v2\/product"}],"about":[{"href":"https:\/\/www.sba.si\/index.php\/wp-json\/wp\/v2\/types\/product"}],"version-history":[{"count":0,"href":"https:\/\/www.sba.si\/index.php\/wp-json\/wp\/v2\/product\/455\/revisions"}],"wp:featuredmedia":[{"embeddable":true,"href":"https:\/\/www.sba.si\/index.php\/wp-json\/wp\/v2\/media\/546"}],"wp:attachment":[{"href":"https:\/\/www.sba.si\/index.php\/wp-json\/wp\/v2\/media?parent=455"}],"wp:term":[{"taxonomy":"product_cat","embeddable":true,"href":"https:\/\/www.sba.si\/index.php\/wp-json\/wp\/v2\/product_cat?post=455"},{"taxonomy":"product_tag","embeddable":true,"href":"https:\/\/www.sba.si\/index.php\/wp-json\/wp\/v2\/product_tag?post=455"}],"curies":[{"name":"wp","href":"https:\/\/api.w.org\/{rel}","templated":true}]}}