{"id":4610,"date":"2022-09-19T08:51:27","date_gmt":"2022-09-19T06:51:27","guid":{"rendered":"https:\/\/www.sba.si\/?post_type=product&#038;p=4610"},"modified":"2025-02-26T10:13:14","modified_gmt":"2025-02-26T09:13:14","slug":"cf-moto-uforce-1000xl-4x4-eps","status":"publish","type":"product","link":"https:\/\/www.sba.si\/index.php\/izdelek\/cf-moto-uforce-1000xl-4x4-eps\/","title":{"rendered":"CFMOTO UFORCE 1000XL 4\u00d74 EPS"},"content":{"rendered":"","protected":false},"excerpt":{"rendered":"<p>\u017de v osnovi ima\u00a0 U FORCE 1000XL robustno\u00a0 in zelo vzdr\u017eljivo\u00a0 jekleno\u00a0 \u0161asijo, posamezno, neodvisno vzmetenje\u00a0 na vsa \u0161tiri kolesa, ki jih dopolnjujejo odli\u010dni \u2013 po vi\u0161ini nastavljivi bla\u017eilniki. Poganja ga sodoben, zanesljiv in zmogljiv\u00a0 dvo-valjni motor s 1000 ccm in mo\u010djo 78 KM.<\/p>\n<p>Prenos mo\u010di se prena\u0161a preko kardana na zadnji (2&#215;4) ali oba diferenciala isto\u010dasno(4&#215;4), z dodatno zaporo diferenciala in visoka oddaljenost od tal v kombinaciji\u00a0 z aluminijastimi plati\u0161\u010di \u00a014 col kolesi in s vrhunskimi terenskimi gumami omogo\u010dajo izjemne zmogljivosti na terenu. Veliki \u00a0kiper kason zadaj, vitel spredaj, stranska vrata, troto\u010dkovni\u00a0 varnostni pasovi , kovinski za\u0161\u010ditni lok pa so dodatki, ki uporabniku omogo\u010dajo uporabno, udobno in varno vo\u017enjo<\/p>\n<p>Novi\u00a0 U FORCE 1000 EPS je\u00a0 opremljen s plasti\u010dno streho, vetrobranskim steklom in\u00a0 s \u00a0servo krmilom (EPS), ki dodaja novo raven udobja voznika\u00a0 in omogo\u010da la\u017eji nadzor na tako zahtevnem terenu kot tudi na dalj\u0161em potovanju.<\/p>\n<p>Barve: modra, siva, camo.<\/p>\n<p>&nbsp;<\/p>\n","protected":false},"featured_media":4612,"template":"","meta":[],"product_cat":[124,59,68,115],"product_tag":[],"_links":{"self":[{"href":"https:\/\/www.sba.si\/index.php\/wp-json\/wp\/v2\/product\/4610"}],"collection":[{"href":"https:\/\/www.sba.si\/index.php\/wp-json\/wp\/v2\/product"}],"about":[{"href":"https:\/\/www.sba.si\/index.php\/wp-json\/wp\/v2\/types\/product"}],"version-history":[{"count":5,"href":"https:\/\/www.sba.si\/index.php\/wp-json\/wp\/v2\/product\/4610\/revisions"}],"predecessor-version":[{"id":8565,"href":"https:\/\/www.sba.si\/index.php\/wp-json\/wp\/v2\/product\/4610\/revisions\/8565"}],"wp:featuredmedia":[{"embeddable":true,"href":"https:\/\/www.sba.si\/index.php\/wp-json\/wp\/v2\/media\/4612"}],"wp:attachment":[{"href":"https:\/\/www.sba.si\/index.php\/wp-json\/wp\/v2\/media?parent=4610"}],"wp:term":[{"taxonomy":"product_cat","embeddable":true,"href":"https:\/\/www.sba.si\/index.php\/wp-json\/wp\/v2\/product_cat?post=4610"},{"taxonomy":"product_tag","embeddable":true,"href":"https:\/\/www.sba.si\/index.php\/wp-json\/wp\/v2\/product_tag?post=4610"}],"curies":[{"name":"wp","href":"https:\/\/api.w.org\/{rel}","templated":true}]}}