{"id":477,"date":"2022-01-10T17:09:00","date_gmt":"2022-01-10T17:09:00","guid":{"rendered":"https:\/\/www.sba.si\/prenova\/?post_type=product&#038;p=477"},"modified":"2023-12-20T11:46:07","modified_gmt":"2023-12-20T11:46:07","slug":"gretje-sedeza","status":"publish","type":"product","link":"https:\/\/www.sba.si\/index.php\/izdelek\/gretje-sedeza\/","title":{"rendered":"GRETJE SEDE\u017dA ZA \u0160TIRIKOLESNIK"},"content":{"rendered":"","protected":false},"excerpt":{"rendered":"<p>Univerzalno ogrevanje sede\u017ea za ATV, skuter, motorne sani, udobno sedenje v zimskem \u010dasu, dvostopenjska regulacija, ogrevalni elementi ogljikovih vlaken, LED\u00a0 prikazovalnik, 12V \/ 35 W, 19,5 x 39,5 cm<\/p>\n","protected":false},"featured_media":552,"template":"","meta":[],"product_cat":[54,55,73],"product_tag":[],"_links":{"self":[{"href":"https:\/\/www.sba.si\/index.php\/wp-json\/wp\/v2\/product\/477"}],"collection":[{"href":"https:\/\/www.sba.si\/index.php\/wp-json\/wp\/v2\/product"}],"about":[{"href":"https:\/\/www.sba.si\/index.php\/wp-json\/wp\/v2\/types\/product"}],"version-history":[{"count":2,"href":"https:\/\/www.sba.si\/index.php\/wp-json\/wp\/v2\/product\/477\/revisions"}],"predecessor-version":[{"id":6737,"href":"https:\/\/www.sba.si\/index.php\/wp-json\/wp\/v2\/product\/477\/revisions\/6737"}],"wp:featuredmedia":[{"embeddable":true,"href":"https:\/\/www.sba.si\/index.php\/wp-json\/wp\/v2\/media\/552"}],"wp:attachment":[{"href":"https:\/\/www.sba.si\/index.php\/wp-json\/wp\/v2\/media?parent=477"}],"wp:term":[{"taxonomy":"product_cat","embeddable":true,"href":"https:\/\/www.sba.si\/index.php\/wp-json\/wp\/v2\/product_cat?post=477"},{"taxonomy":"product_tag","embeddable":true,"href":"https:\/\/www.sba.si\/index.php\/wp-json\/wp\/v2\/product_tag?post=477"}],"curies":[{"name":"wp","href":"https:\/\/api.w.org\/{rel}","templated":true}]}}