{"id":499,"date":"2022-01-10T17:09:42","date_gmt":"2022-01-10T16:09:42","guid":{"rendered":"https:\/\/www.sba.si\/prenova\/?post_type=product&#038;p=499"},"modified":"2022-01-10T17:11:04","modified_gmt":"2022-01-10T16:11:04","slug":"platisca-itp-ss316-14","status":"publish","type":"product","link":"https:\/\/www.sba.si\/index.php\/izdelek\/platisca-itp-ss316-14\/","title":{"rendered":"PLATI\u0160\u010cA ITP SS316 14\u00b4\u00b4"},"content":{"rendered":"","protected":false},"excerpt":{"rendered":"<p>Lahka, enodelna aluminijasta 8-kraka plati\u0161\u010da \u00a0za uporabo ATV, mo\u010dna, lahka, izrazito druga\u010dna, okrepljena oblika , \u010drni poudarki, trpe\u017een prozorni premaz, pokrov\u010dek kolesa vklju\u010den.<\/p>\n","protected":false},"featured_media":572,"template":"","meta":[],"product_cat":[54,79,80],"product_tag":[],"_links":{"self":[{"href":"https:\/\/www.sba.si\/index.php\/wp-json\/wp\/v2\/product\/499"}],"collection":[{"href":"https:\/\/www.sba.si\/index.php\/wp-json\/wp\/v2\/product"}],"about":[{"href":"https:\/\/www.sba.si\/index.php\/wp-json\/wp\/v2\/types\/product"}],"version-history":[{"count":0,"href":"https:\/\/www.sba.si\/index.php\/wp-json\/wp\/v2\/product\/499\/revisions"}],"wp:featuredmedia":[{"embeddable":true,"href":"https:\/\/www.sba.si\/index.php\/wp-json\/wp\/v2\/media\/572"}],"wp:attachment":[{"href":"https:\/\/www.sba.si\/index.php\/wp-json\/wp\/v2\/media?parent=499"}],"wp:term":[{"taxonomy":"product_cat","embeddable":true,"href":"https:\/\/www.sba.si\/index.php\/wp-json\/wp\/v2\/product_cat?post=499"},{"taxonomy":"product_tag","embeddable":true,"href":"https:\/\/www.sba.si\/index.php\/wp-json\/wp\/v2\/product_tag?post=499"}],"curies":[{"name":"wp","href":"https:\/\/api.w.org\/{rel}","templated":true}]}}